{"id":3155,"date":"2021-07-21T09:46:30","date_gmt":"2021-07-21T09:46:30","guid":{"rendered":"https:\/\/bmbpack.com\/?page_id=3155"},"modified":"2025-09-23T08:10:32","modified_gmt":"2025-09-23T08:10:32","slug":"wer-wir-sind","status":"publish","type":"page","link":"https:\/\/bmbpack.com\/de\/wer-wir-sind\/","title":{"rendered":"Wer wir sind"},"content":{"rendered":"\n<div style=\"height:100px\" aria-hidden=\"true\" class=\"wp-block-spacer\"><\/div>\n\n\n\n<div class=\"wp-block-columns is-layout-flex wp-container-core-columns-is-layout-28f84493 wp-block-columns-is-layout-flex\">\n<div class=\"wp-block-column is-layout-flow wp-block-column-is-layout-flow\">\n<h2 class=\"wp-block-heading h2\"><strong><strong>Wer wir sind<\/strong><\/strong><\/h2>\n\n\n\n<p>BMB srl ist auf die Konstruktion und Fertigung von<strong> Verpackungsmaschinen<\/strong> f\u00fcr die Lebensmittel, Medizin- und Industrie-G\u00fcter spezialisiert. Der Fokus liegt haupts\u00e4chlich auf Verpackungsmaschinen mit Vakuum- und MAP-Technologie, so wie Tray-Sealer, Tiefzieh-Verpackungsmaschinen und Schrumpftunnel.<strong>&nbsp;<\/strong><\/p>\n\n\n\n<p>Die BMB-Verpackungsmaschinen werden in \u00fcber 50 L\u00e4nder der Welt verkauft und unsere Pr\u00e4senz ist durch einen <strong>fl\u00e4chendeckenden<\/strong> <strong>Netz<\/strong> von Distributoren und Vertretungsb\u00fcros gew\u00e4hrleistet, welche die Bed\u00fcrfnisse jedes einzelnen Kunden durch zugeschnittenen Kostenvoranschl\u00e4ge und digitalen Produktpr\u00e4sentationsunterlagen sowie durch ein geschultes Team von <strong>Kundendienst<\/strong>-Techniker komplett wahrnehmen und unterst\u00fctzen.&nbsp;<\/p>\n\n\n\n<p>Zuverl\u00e4ssigkeit, Professionalit\u00e4t und eine ausgepr\u00e4gte Dynamik zeichnen BMB aus und machen sie zu einer hochgesch\u00e4tzten und stark wachsenden Firma mit immer gr\u00f6\u00dfer werdenden Zustimmung und <strong>Vertrauen<\/strong> seitens der Kunden. Die <strong>Vorz\u00fcglichkeit <\/strong>und die <strong>Qualit\u00e4t Made in Italy<\/strong>&nbsp;von BMB werden weltweit anerkannt und hoch gesch\u00e4tzt.<br>Wir arbeiten mit Hingabe und einem einzigartigen Ansatz bei der Konstruktion und Entwicklung unserer Maschinen; dies erm\u00f6glicht uns, unseren Kunden die besten Tools zu liefern.<\/p>\n\n\n\n<p>Was uns auszeichnet, ist die Tatsache, da\u00df wir uns mit dem einfachen herstellen und verkaufen von Verpackungsmaschinen nicht zufrieden geben, sondern vielmehr <strong>forschen<\/strong> wir und <strong>suchen<\/strong> nach <strong>strategischen L\u00f6sungen<\/strong>, welche Ihre Ideen in Realit\u00e4t umsetzen: die Entwicklung unserer Produkte w\u00e4chst aus den Bed\u00fcrfnisse unserer Kunden und k\u00f6nnen <strong>ma\u00dfgeschneiderten und individuellen<\/strong> Personalisierungen anbieten, damit Ihre Anforderungen erf\u00fcllt werden.<\/p>\n\n\n\n<p>Mit unseren Maschinen m\u00f6chten wir Ihre Fertigung und <strong>Verpackungsprozess<\/strong> <strong>zeitsparend<\/strong> verbessern und vereinfachen und gleichzeitig <strong>Prozess<\/strong>&#8211; und <strong>Bediensicherheit<\/strong> sowie <strong>Ressourceneffizienz<\/strong> erh\u00f6hen.<br>F\u00fcr jede Branche, von der Industrie bis zum Einzelhandel, sei es in Standardausf\u00fchrung oder ma\u00dfgeschneidert, entwickeln wir eine L\u00f6sung f\u00fcr alle Ihre Verpackungsherausforderungen. Nicht nur f\u00fcr heute, sondern auch f\u00fcr die Zukunft.<\/p>\n\n\n\n<p>Wir glauben, da\u00df Vakuumieren die Verpackungsl\u00f6sung in der Zukunft sein wird, damit Lebensmittelabf\u00e4lle verringert und die Produkte unserer Kunden gesch\u00fctzt werden.<br>Wir bauen unsere Maschinen <strong>nachhaltig<\/strong>&nbsp;und entwickeln weiter unser Angebot, um bessere Verpackungsl\u00f6sungen f\u00fcr den globalen Markt anzubieten.<\/p>\n<\/div>\n<\/div>\n\n\n\n<div class=\"wp-block-columns is-layout-flex wp-container-core-columns-is-layout-28f84493 wp-block-columns-is-layout-flex\">\n<div class=\"wp-block-column is-vertically-aligned-center is-layout-flow wp-block-column-is-layout-flow\">\n<figure class=\"wp-block-image aligncenter size-large\"><img loading=\"lazy\" decoding=\"async\" width=\"1024\" height=\"683\" src=\"https:\/\/bmbpack.com\/wp-content\/uploads\/VISION-1024x683.jpg\" alt=\"\" class=\"wp-image-1231\" srcset=\"https:\/\/bmbpack.com\/wp-content\/uploads\/VISION-1024x683.jpg 1024w, https:\/\/bmbpack.com\/wp-content\/uploads\/VISION-300x200.jpg 300w, https:\/\/bmbpack.com\/wp-content\/uploads\/VISION-768x512.jpg 768w, https:\/\/bmbpack.com\/wp-content\/uploads\/VISION.jpg 1500w\" sizes=\"auto, (max-width: 1024px) 100vw, 1024px\" \/><\/figure>\n<\/div>\n\n\n\n<div class=\"wp-block-column is-vertically-aligned-center is-layout-flow wp-block-column-is-layout-flow\">\n<h2 class=\"wp-block-heading\"><strong>Vision<\/strong><\/h2>\n\n\n\n<p><strong>\u201cWir setzen alle unsere Kr\u00e4fte ein, damit unsere Produkte \u00fcberall, sicher und verf\u00fcgbar werden\u201d<\/strong><\/p>\n\n\n\n<p>Wir wollen es erm\u00f6glichen, jegliches Produkt sicher zu verpacken, Abfall und Verschwendung zu vermeiden sowie den weltweiten und sicheren Versand zu gew\u00e4hrleisten.<\/p>\n<\/div>\n<\/div>\n\n\n\n<div class=\"wp-block-columns is-layout-flex wp-container-core-columns-is-layout-28f84493 wp-block-columns-is-layout-flex\">\n<div class=\"wp-block-column is-layout-flow wp-block-column-is-layout-flow\">\n<h3 class=\"wp-block-heading h2\"><strong><strong>Werte<\/strong><\/strong><\/h3>\n\n\n\n<p>Unser Vision basiert auf Werte, die f\u00fcr uns grundlegend sind; jeder von ihnen ist strikt mit dem n\u00e4chsten verbunden und weisen t\u00e4glich all unseren Mitarbeiter den Weg:<\/p>\n\n\n\n<ul class=\"wp-block-list\">\n<li><strong>Vertrauen und Respekt<\/strong><\/li>\n\n\n\n<li><strong>Ethik und Integrit\u00e4t<\/strong><\/li>\n\n\n\n<li><strong>Zuh\u00f6ren und Kommunikation in voller Transparenz und Ehrlichkeit<\/strong><\/li>\n\n\n\n<li><strong>Zielsetzung und Resultate erzielen<\/strong><\/li>\n<\/ul>\n\n\n\n<p>Wir glauben fest in der Fertigung unserer Maschine zu <strong>100% Made in Italy<\/strong>, mit erstklassigen Materialien gebaut, damit <strong>Langlebigkeit<\/strong>, <strong>hohe Leistungen<\/strong> und <strong>Sicherheit<\/strong> f\u00fcr die Bediener gew\u00e4hrleistet werden.<\/p>\n\n\n\n<p>Wir setzen kontinuierlich die Latte h\u00f6her und versuchen uns stetig zu verbessern. Wir glauben an <strong>Innovation<\/strong>, <strong>Technik<\/strong>&nbsp;und Teamarbeit, damit unsere Ziele und die Ziele unserer Kunden erreicht werden.<\/p>\n\n\n\n<p><strong>Der Kunde <\/strong>steht bei uns immer in den<strong> Vordergrund <\/strong>und daher ist es uns wichtig ihm in allen Situation zur Seite zu stehen: vom ersten Moment, wo ein neues Projekt angegangen wird, \u00fcber die Ist-Zustand-Analyse bis hin zur Prozess-Revision, weil f\u00fcr uns die <strong>Kundenzufriedenheit<\/strong> und \u2013<strong>Vertrauen<\/strong> Grundvoraussetzungen sind.<\/p>\n<\/div>\n\n\n\n<div class=\"wp-block-column is-vertically-aligned-center is-layout-flow wp-block-column-is-layout-flow\">\n<figure class=\"wp-block-image aligncenter size-large\"><img loading=\"lazy\" decoding=\"async\" width=\"1024\" height=\"683\" src=\"https:\/\/bmbpack.com\/wp-content\/uploads\/VALUES-1024x683.jpg\" alt=\"\" class=\"wp-image-1230\" srcset=\"https:\/\/bmbpack.com\/wp-content\/uploads\/VALUES-1024x683.jpg 1024w, https:\/\/bmbpack.com\/wp-content\/uploads\/VALUES-300x200.jpg 300w, https:\/\/bmbpack.com\/wp-content\/uploads\/VALUES-768x512.jpg 768w, https:\/\/bmbpack.com\/wp-content\/uploads\/VALUES.jpg 1500w\" sizes=\"auto, (max-width: 1024px) 100vw, 1024px\" \/><\/figure>\n<\/div>\n<\/div>\n\n\n\n<div class=\"wp-block-columns is-layout-flex wp-container-core-columns-is-layout-28f84493 wp-block-columns-is-layout-flex\">\n<div class=\"wp-block-column is-vertically-aligned-center is-layout-flow wp-block-column-is-layout-flow\">\n<figure class=\"wp-block-image size-large\"><img loading=\"lazy\" decoding=\"async\" width=\"1024\" height=\"683\" src=\"https:\/\/bmbpack.com\/wp-content\/uploads\/MISSION-1024x683.jpg\" alt=\"\" class=\"wp-image-1229\" srcset=\"https:\/\/bmbpack.com\/wp-content\/uploads\/MISSION-1024x683.jpg 1024w, https:\/\/bmbpack.com\/wp-content\/uploads\/MISSION-300x200.jpg 300w, https:\/\/bmbpack.com\/wp-content\/uploads\/MISSION-768x512.jpg 768w, https:\/\/bmbpack.com\/wp-content\/uploads\/MISSION.jpg 1500w\" sizes=\"auto, (max-width: 1024px) 100vw, 1024px\" \/><\/figure>\n<\/div>\n\n\n\n<div class=\"wp-block-column is-vertically-aligned-center is-layout-flow wp-block-column-is-layout-flow\">\n<h3 class=\"wp-block-heading h2\"><strong>Mission<\/strong><\/h3>\n\n\n\n<p><strong>\u201cWir arbeiten f\u00fcr und mit unseren Kunden zusammen, damit sie die besten Verpackungsl\u00f6sungen sowohl f\u00fcr Lebensmittel als auch andere G\u00fcter bekommen.\u201d<\/strong><\/p>\n\n\n\n<p>Wir entwickeln Verpackungsl\u00f6sungen mit bedeutenden Vorteile f\u00fcr den <strong>Kunden<\/strong> und unterst\u00fctzen somit Ihr <strong>Wachstum<\/strong>, <strong>Innovation<\/strong> und kontinuierlichen <strong>Erfolg<\/strong>.&nbsp;<\/p>\n\n\n\n<p>Unser <strong>Einsatz<\/strong>&nbsp;dient der Innovation, unser&nbsp;<strong>Verst\u00e4ndnis f\u00fcr die Anforderungen <\/strong>der Kunden und unser Lieferantennetz dienen der Bereitstellung einer L\u00f6sung dazu. Im gesamten Prozess setzen wir die Standards fest, in Bezug auf Technik <strong>Effizienz<\/strong>&nbsp;und <strong>Zuverl\u00e4ssigkeit<\/strong>&nbsp;und sind uns bewusst, da\u00df ein Umdenken und <strong>sparsame Benutzung von Verpackungsmaterialien und andere Ressourcen <\/strong>notwendigist.<\/p>\n<\/div>\n<\/div>\n\n\n\n<div class=\"wp-block-columns is-layout-flex wp-container-core-columns-is-layout-28f84493 wp-block-columns-is-layout-flex\">\n<div class=\"wp-block-column is-layout-flow wp-block-column-is-layout-flow\" style=\"flex-basis:50%\">\n<h3 class=\"wp-block-heading h2\"><meta charset=\"utf-8\"><strong><strong>Forschung und Entwicklung<\/strong><\/strong><\/h3>\n\n\n\n<p>Der Markt ist im stetigen Wandel und BMB entwickelt sich t\u00e4glich weiter. Unser Team f\u00fcr Forschung und Entwicklung zeichnet sich dank seiner <strong>Begabung<\/strong> und <strong>Vielseitigkeit<\/strong> aus; wir arbeiten stets, um <strong>innovativen<\/strong> und <strong>zukunftsweisenden<\/strong> <strong>L\u00f6sungen<\/strong> zu finden.<br>Alle unsere Produkte entstehen aus den zahlreichen Erfahrungen in der Praxis, aus gr\u00fcndlichen Konzeptstudien und Zusammenarbeit mit vielen italienischen Universit\u00e4ten f\u00fcr die Anwendung der modernsten Techologien.<\/p>\n\n\n\n<p>Die angewandten Technologien und die Konstruktion stellen <strong>weniger Abfall<\/strong>,&nbsp;<strong>optimale Hygiene<\/strong>&nbsp;und&nbsp;<strong>hohe Effizienz<\/strong>&nbsp;im Verpackungsprozess der Produkte sicher. Mit unseren L\u00f6sungen tragen wir zu einer Steigerung der Effizienz bei, wobei unsere Maschinen untereinander verbunden sind (<strong>Industrie 4.0<\/strong>) und eine h\u00f6here <strong>Energieeinsparung <\/strong>und Betrieb mit&nbsp;<strong>umweltvertr\u00e4glichen Materialien <\/strong>erm\u00f6glichen.<\/p>\n<\/div>\n\n\n\n<div class=\"wp-block-column is-vertically-aligned-center is-layout-flow wp-block-column-is-layout-flow\">\n<figure class=\"wp-block-image size-large\"><img loading=\"lazy\" decoding=\"async\" width=\"1024\" height=\"683\" src=\"https:\/\/bmbpack.com\/wp-content\/uploads\/ricerca_sviluppo-1024x683.jpg\" alt=\"\" class=\"wp-image-1224\" srcset=\"https:\/\/bmbpack.com\/wp-content\/uploads\/ricerca_sviluppo-1024x683.jpg 1024w, https:\/\/bmbpack.com\/wp-content\/uploads\/ricerca_sviluppo-300x200.jpg 300w, https:\/\/bmbpack.com\/wp-content\/uploads\/ricerca_sviluppo-768x512.jpg 768w, https:\/\/bmbpack.com\/wp-content\/uploads\/ricerca_sviluppo.jpg 1200w\" sizes=\"auto, (max-width: 1024px) 100vw, 1024px\" \/><\/figure>\n<\/div>\n<\/div>\n\n\n\n<div style=\"height:100px\" aria-hidden=\"true\" class=\"wp-block-spacer\"><\/div>\n\n\n\n<p><\/p>\n","protected":false},"excerpt":{"rendered":"<p>Wer wir sind BMB srl ist auf die Konstruktion und Fertigung von Verpackungsmaschinen f\u00fcr die [&hellip;]<\/p>\n","protected":false},"author":1,"featured_media":1275,"parent":0,"menu_order":0,"comment_status":"closed","ping_status":"closed","template":"","meta":{"_acf_changed":false,"inline_featured_image":false,"_uag_custom_page_level_css":"","site-sidebar-layout":"default","site-content-layout":"default","ast-site-content-layout":"default","site-content-style":"default","site-sidebar-style":"default","ast-global-header-display":"","ast-banner-title-visibility":"","ast-main-header-display":"","ast-hfb-above-header-display":"","ast-hfb-below-header-display":"","ast-hfb-mobile-header-display":"","site-post-title":"","ast-breadcrumbs-content":"","ast-featured-img":"","footer-sml-layout":"","ast-disable-related-posts":"","theme-transparent-header-meta":"default","adv-header-id-meta":"","stick-header-meta":"","header-above-stick-meta":"","header-main-stick-meta":"","header-below-stick-meta":"","astra-migrate-meta-layouts":"set","ast-page-background-enabled":"default","ast-page-background-meta":{"desktop":{"background-color":"","background-image":"","background-repeat":"repeat","background-position":"center center","background-size":"auto","background-attachment":"scroll","background-type":"","background-media":"","overlay-type":"","overlay-color":"","overlay-opacity":"","overlay-gradient":""},"tablet":{"background-color":"","background-image":"","background-repeat":"repeat","background-position":"center center","background-size":"auto","background-attachment":"scroll","background-type":"","background-media":"","overlay-type":"","overlay-color":"","overlay-opacity":"","overlay-gradient":""},"mobile":{"background-color":"","background-image":"","background-repeat":"repeat","background-position":"center center","background-size":"auto","background-attachment":"scroll","background-type":"","background-media":"","overlay-type":"","overlay-color":"","overlay-opacity":"","overlay-gradient":""}},"ast-content-background-meta":{"desktop":{"background-color":"var(--ast-global-color-5)","background-image":"","background-repeat":"repeat","background-position":"center center","background-size":"auto","background-attachment":"scroll","background-type":"","background-media":"","overlay-type":"","overlay-color":"","overlay-opacity":"","overlay-gradient":""},"tablet":{"background-color":"var(--ast-global-color-5)","background-image":"","background-repeat":"repeat","background-position":"center center","background-size":"auto","background-attachment":"scroll","background-type":"","background-media":"","overlay-type":"","overlay-color":"","overlay-opacity":"","overlay-gradient":""},"mobile":{"background-color":"var(--ast-global-color-5)","background-image":"","background-repeat":"repeat","background-position":"center center","background-size":"auto","background-attachment":"scroll","background-type":"","background-media":"","overlay-type":"","overlay-color":"","overlay-opacity":"","overlay-gradient":""}},"footnotes":""},"class_list":["post-3155","page","type-page","status-publish","has-post-thumbnail","hentry"],"acf":[],"yoast_head":"<!-- This site is optimized with the Yoast SEO plugin v27.1 - https:\/\/yoast.com\/product\/yoast-seo-wordpress\/ -->\n<title>Wer wir sind - BMB Packaging<\/title>\n<meta name=\"robots\" content=\"index, follow, max-snippet:-1, max-image-preview:large, max-video-preview:-1\" \/>\n<link rel=\"canonical\" href=\"https:\/\/bmbpack.com\/de\/wer-wir-sind\/\" \/>\n<meta property=\"og:locale\" content=\"de_DE\" \/>\n<meta property=\"og:type\" content=\"article\" \/>\n<meta property=\"og:title\" content=\"Wer wir sind - BMB Packaging\" \/>\n<meta property=\"og:description\" content=\"Wer wir sind BMB srl ist auf die Konstruktion und Fertigung von Verpackungsmaschinen f\u00fcr die [&hellip;]\" \/>\n<meta property=\"og:url\" content=\"https:\/\/bmbpack.com\/de\/wer-wir-sind\/\" \/>\n<meta property=\"og:site_name\" content=\"BMB Packaging\" \/>\n<meta property=\"article:modified_time\" content=\"2025-09-23T08:10:32+00:00\" \/>\n<meta property=\"og:image\" content=\"https:\/\/bmbpack.com\/wp-content\/uploads\/BMB_Azienda.jpg\" \/>\n\t<meta property=\"og:image:width\" content=\"1920\" \/>\n\t<meta property=\"og:image:height\" content=\"766\" \/>\n\t<meta property=\"og:image:type\" content=\"image\/jpeg\" \/>\n<meta name=\"twitter:card\" content=\"summary_large_image\" \/>\n<meta name=\"twitter:label1\" content=\"Gesch\u00e4tzte Lesezeit\" \/>\n\t<meta name=\"twitter:data1\" content=\"5\u00a0Minuten\" \/>\n<script type=\"application\/ld+json\" class=\"yoast-schema-graph\">{\"@context\":\"https:\/\/schema.org\",\"@graph\":[{\"@type\":\"WebPage\",\"@id\":\"https:\/\/bmbpack.com\/de\/wer-wir-sind\/\",\"url\":\"https:\/\/bmbpack.com\/de\/wer-wir-sind\/\",\"name\":\"Wer wir sind - BMB Packaging\",\"isPartOf\":{\"@id\":\"https:\/\/bmbpack.com\/#website\"},\"primaryImageOfPage\":{\"@id\":\"https:\/\/bmbpack.com\/de\/wer-wir-sind\/#primaryimage\"},\"image\":{\"@id\":\"https:\/\/bmbpack.com\/de\/wer-wir-sind\/#primaryimage\"},\"thumbnailUrl\":\"https:\/\/bmbpack.com\/wp-content\/uploads\/BMB_Azienda.jpg\",\"datePublished\":\"2021-07-21T09:46:30+00:00\",\"dateModified\":\"2025-09-23T08:10:32+00:00\",\"breadcrumb\":{\"@id\":\"https:\/\/bmbpack.com\/de\/wer-wir-sind\/#breadcrumb\"},\"inLanguage\":\"de\",\"potentialAction\":[{\"@type\":\"ReadAction\",\"target\":[\"https:\/\/bmbpack.com\/de\/wer-wir-sind\/\"]}]},{\"@type\":\"ImageObject\",\"inLanguage\":\"de\",\"@id\":\"https:\/\/bmbpack.com\/de\/wer-wir-sind\/#primaryimage\",\"url\":\"https:\/\/bmbpack.com\/wp-content\/uploads\/BMB_Azienda.jpg\",\"contentUrl\":\"https:\/\/bmbpack.com\/wp-content\/uploads\/BMB_Azienda.jpg\",\"width\":1920,\"height\":766},{\"@type\":\"BreadcrumbList\",\"@id\":\"https:\/\/bmbpack.com\/de\/wer-wir-sind\/#breadcrumb\",\"itemListElement\":[{\"@type\":\"ListItem\",\"position\":1,\"name\":\"Home\",\"item\":\"https:\/\/bmbpack.com\/de\/\"},{\"@type\":\"ListItem\",\"position\":2,\"name\":\"Wer wir sind\"}]},{\"@type\":\"WebSite\",\"@id\":\"https:\/\/bmbpack.com\/#website\",\"url\":\"https:\/\/bmbpack.com\/\",\"name\":\"BMB Packaging\",\"description\":\"Food Industrial Solutions\",\"publisher\":{\"@id\":\"https:\/\/bmbpack.com\/#organization\"},\"potentialAction\":[{\"@type\":\"SearchAction\",\"target\":{\"@type\":\"EntryPoint\",\"urlTemplate\":\"https:\/\/bmbpack.com\/?s={search_term_string}\"},\"query-input\":{\"@type\":\"PropertyValueSpecification\",\"valueRequired\":true,\"valueName\":\"search_term_string\"}}],\"inLanguage\":\"de\"},{\"@type\":\"Organization\",\"@id\":\"https:\/\/bmbpack.com\/#organization\",\"name\":\"BMB Packaging\",\"url\":\"https:\/\/bmbpack.com\/\",\"logo\":{\"@type\":\"ImageObject\",\"inLanguage\":\"de\",\"@id\":\"https:\/\/bmbpack.com\/#\/schema\/logo\/image\/\",\"url\":\"https:\/\/bmbpack.com\/wp-content\/uploads\/BMB_logotipo.svg\",\"contentUrl\":\"https:\/\/bmbpack.com\/wp-content\/uploads\/BMB_logotipo.svg\",\"width\":\"1024\",\"height\":\"1024\",\"caption\":\"BMB Packaging\"},\"image\":{\"@id\":\"https:\/\/bmbpack.com\/#\/schema\/logo\/image\/\"}}]}<\/script>\n<!-- \/ Yoast SEO plugin. -->","yoast_head_json":{"title":"Wer wir sind - BMB Packaging","robots":{"index":"index","follow":"follow","max-snippet":"max-snippet:-1","max-image-preview":"max-image-preview:large","max-video-preview":"max-video-preview:-1"},"canonical":"https:\/\/bmbpack.com\/de\/wer-wir-sind\/","og_locale":"de_DE","og_type":"article","og_title":"Wer wir sind - BMB Packaging","og_description":"Wer wir sind BMB srl ist auf die Konstruktion und Fertigung von Verpackungsmaschinen f\u00fcr die [&hellip;]","og_url":"https:\/\/bmbpack.com\/de\/wer-wir-sind\/","og_site_name":"BMB Packaging","article_modified_time":"2025-09-23T08:10:32+00:00","og_image":[{"width":1920,"height":766,"url":"https:\/\/bmbpack.com\/wp-content\/uploads\/BMB_Azienda.jpg","type":"image\/jpeg"}],"twitter_card":"summary_large_image","twitter_misc":{"Gesch\u00e4tzte Lesezeit":"5\u00a0Minuten"},"schema":{"@context":"https:\/\/schema.org","@graph":[{"@type":"WebPage","@id":"https:\/\/bmbpack.com\/de\/wer-wir-sind\/","url":"https:\/\/bmbpack.com\/de\/wer-wir-sind\/","name":"Wer wir sind - BMB Packaging","isPartOf":{"@id":"https:\/\/bmbpack.com\/#website"},"primaryImageOfPage":{"@id":"https:\/\/bmbpack.com\/de\/wer-wir-sind\/#primaryimage"},"image":{"@id":"https:\/\/bmbpack.com\/de\/wer-wir-sind\/#primaryimage"},"thumbnailUrl":"https:\/\/bmbpack.com\/wp-content\/uploads\/BMB_Azienda.jpg","datePublished":"2021-07-21T09:46:30+00:00","dateModified":"2025-09-23T08:10:32+00:00","breadcrumb":{"@id":"https:\/\/bmbpack.com\/de\/wer-wir-sind\/#breadcrumb"},"inLanguage":"de","potentialAction":[{"@type":"ReadAction","target":["https:\/\/bmbpack.com\/de\/wer-wir-sind\/"]}]},{"@type":"ImageObject","inLanguage":"de","@id":"https:\/\/bmbpack.com\/de\/wer-wir-sind\/#primaryimage","url":"https:\/\/bmbpack.com\/wp-content\/uploads\/BMB_Azienda.jpg","contentUrl":"https:\/\/bmbpack.com\/wp-content\/uploads\/BMB_Azienda.jpg","width":1920,"height":766},{"@type":"BreadcrumbList","@id":"https:\/\/bmbpack.com\/de\/wer-wir-sind\/#breadcrumb","itemListElement":[{"@type":"ListItem","position":1,"name":"Home","item":"https:\/\/bmbpack.com\/de\/"},{"@type":"ListItem","position":2,"name":"Wer wir sind"}]},{"@type":"WebSite","@id":"https:\/\/bmbpack.com\/#website","url":"https:\/\/bmbpack.com\/","name":"BMB Packaging","description":"Food Industrial Solutions","publisher":{"@id":"https:\/\/bmbpack.com\/#organization"},"potentialAction":[{"@type":"SearchAction","target":{"@type":"EntryPoint","urlTemplate":"https:\/\/bmbpack.com\/?s={search_term_string}"},"query-input":{"@type":"PropertyValueSpecification","valueRequired":true,"valueName":"search_term_string"}}],"inLanguage":"de"},{"@type":"Organization","@id":"https:\/\/bmbpack.com\/#organization","name":"BMB Packaging","url":"https:\/\/bmbpack.com\/","logo":{"@type":"ImageObject","inLanguage":"de","@id":"https:\/\/bmbpack.com\/#\/schema\/logo\/image\/","url":"https:\/\/bmbpack.com\/wp-content\/uploads\/BMB_logotipo.svg","contentUrl":"https:\/\/bmbpack.com\/wp-content\/uploads\/BMB_logotipo.svg","width":"1024","height":"1024","caption":"BMB Packaging"},"image":{"@id":"https:\/\/bmbpack.com\/#\/schema\/logo\/image\/"}}]}},"uagb_featured_image_src":{"full":["https:\/\/bmbpack.com\/wp-content\/uploads\/BMB_Azienda.jpg",1920,766,false],"thumbnail":["https:\/\/bmbpack.com\/wp-content\/uploads\/BMB_Azienda-150x150.jpg",150,150,true],"medium":["https:\/\/bmbpack.com\/wp-content\/uploads\/BMB_Azienda-300x120.jpg",300,120,true],"medium_large":["https:\/\/bmbpack.com\/wp-content\/uploads\/BMB_Azienda-768x306.jpg",768,306,true],"large":["https:\/\/bmbpack.com\/wp-content\/uploads\/BMB_Azienda-1024x409.jpg",1024,409,true],"1536x1536":["https:\/\/bmbpack.com\/wp-content\/uploads\/BMB_Azienda-1536x613.jpg",1536,613,true],"2048x2048":["https:\/\/bmbpack.com\/wp-content\/uploads\/BMB_Azienda.jpg",1920,766,false]},"uagb_author_info":{"display_name":"Visual","author_link":"https:\/\/bmbpack.com\/de\/author\/nextadmin\/"},"uagb_comment_info":0,"uagb_excerpt":"Wer wir sind BMB srl ist auf die Konstruktion und Fertigung von Verpackungsmaschinen f\u00fcr die [&hellip;]","publishpress_future_workflow_manual_trigger":{"enabledWorkflows":[]},"_links":{"self":[{"href":"https:\/\/bmbpack.com\/de\/wp-json\/wp\/v2\/pages\/3155","targetHints":{"allow":["GET"]}}],"collection":[{"href":"https:\/\/bmbpack.com\/de\/wp-json\/wp\/v2\/pages"}],"about":[{"href":"https:\/\/bmbpack.com\/de\/wp-json\/wp\/v2\/types\/page"}],"author":[{"embeddable":true,"href":"https:\/\/bmbpack.com\/de\/wp-json\/wp\/v2\/users\/1"}],"replies":[{"embeddable":true,"href":"https:\/\/bmbpack.com\/de\/wp-json\/wp\/v2\/comments?post=3155"}],"version-history":[{"count":3,"href":"https:\/\/bmbpack.com\/de\/wp-json\/wp\/v2\/pages\/3155\/revisions"}],"predecessor-version":[{"id":5954,"href":"https:\/\/bmbpack.com\/de\/wp-json\/wp\/v2\/pages\/3155\/revisions\/5954"}],"wp:featuredmedia":[{"embeddable":true,"href":"https:\/\/bmbpack.com\/de\/wp-json\/wp\/v2\/media\/1275"}],"wp:attachment":[{"href":"https:\/\/bmbpack.com\/de\/wp-json\/wp\/v2\/media?parent=3155"}],"curies":[{"name":"wp","href":"https:\/\/api.w.org\/{rel}","templated":true}]}}