{"id":3159,"date":"2021-07-21T09:48:39","date_gmt":"2021-07-21T09:48:39","guid":{"rendered":"https:\/\/bmbpack.com\/?page_id=3159"},"modified":"2025-09-23T08:10:09","modified_gmt":"2025-09-23T08:10:09","slug":"nachhaltigkeit","status":"publish","type":"page","link":"https:\/\/bmbpack.com\/de\/nachhaltigkeit\/","title":{"rendered":"Nachhaltigkeit"},"content":{"rendered":"\n<div style=\"height:100px\" aria-hidden=\"true\" class=\"wp-block-spacer\"><\/div>\n\n\n\n<div class=\"wp-block-columns is-layout-flex wp-container-core-columns-is-layout-28f84493 wp-block-columns-is-layout-flex\">\n<div class=\"wp-block-column is-layout-flow wp-block-column-is-layout-flow\">\n<h2 class=\"wp-block-heading h2\"><strong><strong>Ressourcenschonung und Abfallvermeidung<\/strong><\/strong><\/h2>\n\n\n\n<p>BMB dank den Vakuum- und MAP-Verpackungen (gesch\u00fctzte Atmosph\u00e4re) verl\u00e4ngert die <strong>Haltbarkeit <\/strong>der t\u00e4glichen frischen Lebensmittel. <strong>Hygiene<\/strong>, Qualit\u00e4t, Aussehen und Frische vom Produkt bleiben lange erhalten. Vakuum-Verpackungen <strong>sch\u00fctzen<\/strong>&nbsp;sicher alle Industrie- und Konsumg\u00fcter gegen Einfl\u00fcsse aus Sauerstoff, Feuchtigkeit, Staub und andere Umweltbedingungen.&nbsp;<\/p>\n\n\n\n<p>Wir bieten ferner L\u00f6sungen mit <strong>reduzierter Verpackungsdicke<\/strong> unter Beibehaltung der Konservierungsqualit\u00e4t an, so da\u00df Abf\u00e4lle auf ein Minimum reduziert werden.<\/p>\n<\/div>\n\n\n\n<div class=\"wp-block-column is-vertically-aligned-center is-layout-flow wp-block-column-is-layout-flow\">\n<figure class=\"wp-block-image aligncenter size-large is-resized uag-hide-mob uag-hide-mob\"><img loading=\"lazy\" decoding=\"async\" width=\"1024\" height=\"1024\" src=\"https:\/\/bmbpack.com\/wp-content\/uploads\/BMB_sostenibilita-1024x1024.png\" alt=\"\" class=\"wp-image-1345\" style=\"width:256px;height:256px\" srcset=\"https:\/\/bmbpack.com\/wp-content\/uploads\/BMB_sostenibilita-1024x1024.png 1024w, https:\/\/bmbpack.com\/wp-content\/uploads\/BMB_sostenibilita-300x300.png 300w, https:\/\/bmbpack.com\/wp-content\/uploads\/BMB_sostenibilita-150x150.png 150w, https:\/\/bmbpack.com\/wp-content\/uploads\/BMB_sostenibilita-768x768.png 768w, https:\/\/bmbpack.com\/wp-content\/uploads\/BMB_sostenibilita.png 1080w\" sizes=\"auto, (max-width: 1024px) 100vw, 1024px\" \/><\/figure>\n\n\n\n<p><\/p>\n<\/div>\n<\/div>\n\n\n\n<div class=\"wp-block-columns is-layout-flex wp-container-core-columns-is-layout-28f84493 wp-block-columns-is-layout-flex\">\n<div class=\"wp-block-column is-vertically-aligned-center is-layout-flow wp-block-column-is-layout-flow\">\n<figure class=\"wp-block-image aligncenter size-large is-resized uag-hide-mob uag-hide-mob\"><img loading=\"lazy\" decoding=\"async\" width=\"1024\" height=\"1024\" src=\"https:\/\/bmbpack.com\/wp-content\/uploads\/BMB_sostenibilita_2-1024x1024.png\" alt=\"\" class=\"wp-image-1344\" style=\"width:256px;height:256px\" srcset=\"https:\/\/bmbpack.com\/wp-content\/uploads\/BMB_sostenibilita_2-1024x1024.png 1024w, https:\/\/bmbpack.com\/wp-content\/uploads\/BMB_sostenibilita_2-300x300.png 300w, https:\/\/bmbpack.com\/wp-content\/uploads\/BMB_sostenibilita_2-150x150.png 150w, https:\/\/bmbpack.com\/wp-content\/uploads\/BMB_sostenibilita_2-768x768.png 768w, https:\/\/bmbpack.com\/wp-content\/uploads\/BMB_sostenibilita_2.png 1080w\" sizes=\"auto, (max-width: 1024px) 100vw, 1024px\" \/><\/figure>\n<\/div>\n\n\n\n<div class=\"wp-block-column is-layout-flow wp-block-column-is-layout-flow\">\n<h2 class=\"wp-block-heading\"><strong><strong>Energie-Einsparung<\/strong><\/strong><\/h2>\n\n\n\n<p><strong>Energie-Einsparung <\/strong>in der Industriefertigung ist zu einem lebenswichtigen Ziel innerhalb eines entwickelten und bewussten Wirtschaftssystems geworden.&nbsp;<\/p>\n\n\n\n<p>BMB hat schon immer energiesparenden Maschinen angeboten, sowohl in Bezug auf den Verbrauch als auch auf die Umweltbelastung, dank L\u00f6sungen mit <strong>reduziertem Druckluft- und Wasserverbrauch <\/strong>sowie<strong> Stromverbrauch<\/strong>.<\/p>\n\n\n\n<p>Unser voller Einsatz besteht in der Entwicklung von Tools und Methoden zur F\u00f6rderung von hoch-energieeffizienten Technologien und wir setzen weitm\u00f6glichst Komponenten zur Verbrauch-\u00dcberwachung und -Einsparung ohne auf die hohen Leistungen zu verzichten.<\/p>\n<\/div>\n<\/div>\n\n\n\n<div class=\"wp-block-columns is-layout-flex wp-container-core-columns-is-layout-28f84493 wp-block-columns-is-layout-flex\">\n<div class=\"wp-block-column is-layout-flow wp-block-column-is-layout-flow\">\n<h3 class=\"wp-block-heading h2\"><strong><strong>Umweltvertr\u00e4glichkeit&nbsp;<\/strong><\/strong><\/h3>\n\n\n\n<p>Wir versuchen, unseren \u00f6kologischen Fussabdruck auf ein Minimum zu reduzieren.<\/p>\n\n\n\n<p>Als Unternehmen t\u00e4tig im Bereich der Verpackung haben wir uns verpflichtet unseren Kunden Maschinen anzubieten, die mit vollst\u00e4ndig recycelbaren und umweltfreundlichen Verpackungen arbeiten.<\/p>\n\n\n\n<p>Wir arbeiten mit Herstellern von Folien, Beuteln und Schalen zusammen und bevorzugen Lieferanten, die <strong>Qualit\u00e4t <\/strong>und<strong> Nachhaltigkeit angemessen gew\u00e4hrleisten<\/strong>. Aus dem Grund setzen wir in unseren Produkten <strong>nachhaltige Verpackungsmaterialien <\/strong>ein und bleiben dabei <strong>effektiv <\/strong>und&nbsp;<strong>wirtschaftlich<\/strong>.&nbsp;<\/p>\n<\/div>\n\n\n\n<div class=\"wp-block-column is-vertically-aligned-center is-layout-flow wp-block-column-is-layout-flow\">\n<figure class=\"wp-block-image aligncenter size-large is-resized uag-hide-mob uag-hide-mob\"><img loading=\"lazy\" decoding=\"async\" width=\"1024\" height=\"1024\" src=\"https:\/\/bmbpack.com\/wp-content\/uploads\/BMB_sostenibilita-1024x1024.jpeg\" alt=\"\" class=\"wp-image-1368\" style=\"width:256px;height:256px\" srcset=\"https:\/\/bmbpack.com\/wp-content\/uploads\/BMB_sostenibilita-1024x1024.jpeg 1024w, https:\/\/bmbpack.com\/wp-content\/uploads\/BMB_sostenibilita-300x300.jpeg 300w, https:\/\/bmbpack.com\/wp-content\/uploads\/BMB_sostenibilita-150x150.jpeg 150w, https:\/\/bmbpack.com\/wp-content\/uploads\/BMB_sostenibilita-768x768.jpeg 768w, https:\/\/bmbpack.com\/wp-content\/uploads\/BMB_sostenibilita.jpeg 1080w\" sizes=\"auto, (max-width: 1024px) 100vw, 1024px\" \/><\/figure>\n<\/div>\n<\/div>\n\n\n\n<div style=\"height:100px\" aria-hidden=\"true\" class=\"wp-block-spacer\"><\/div>\n","protected":false},"excerpt":{"rendered":"<p>Ressourcenschonung und Abfallvermeidung BMB dank den Vakuum- und MAP-Verpackungen (gesch\u00fctzte Atmosph\u00e4re) verl\u00e4ngert die Haltbarkeit der [&hellip;]<\/p>\n","protected":false},"author":1,"featured_media":1106,"parent":0,"menu_order":0,"comment_status":"closed","ping_status":"closed","template":"","meta":{"_acf_changed":false,"inline_featured_image":false,"_uag_custom_page_level_css":"","site-sidebar-layout":"default","site-content-layout":"default","ast-site-content-layout":"default","site-content-style":"default","site-sidebar-style":"default","ast-global-header-display":"","ast-banner-title-visibility":"","ast-main-header-display":"","ast-hfb-above-header-display":"","ast-hfb-below-header-display":"","ast-hfb-mobile-header-display":"","site-post-title":"","ast-breadcrumbs-content":"","ast-featured-img":"","footer-sml-layout":"","ast-disable-related-posts":"","theme-transparent-header-meta":"default","adv-header-id-meta":"","stick-header-meta":"","header-above-stick-meta":"","header-main-stick-meta":"","header-below-stick-meta":"","astra-migrate-meta-layouts":"set","ast-page-background-enabled":"default","ast-page-background-meta":{"desktop":{"background-color":"","background-image":"","background-repeat":"repeat","background-position":"center center","background-size":"auto","background-attachment":"scroll","background-type":"","background-media":"","overlay-type":"","overlay-color":"","overlay-opacity":"","overlay-gradient":""},"tablet":{"background-color":"","background-image":"","background-repeat":"repeat","background-position":"center center","background-size":"auto","background-attachment":"scroll","background-type":"","background-media":"","overlay-type":"","overlay-color":"","overlay-opacity":"","overlay-gradient":""},"mobile":{"background-color":"","background-image":"","background-repeat":"repeat","background-position":"center center","background-size":"auto","background-attachment":"scroll","background-type":"","background-media":"","overlay-type":"","overlay-color":"","overlay-opacity":"","overlay-gradient":""}},"ast-content-background-meta":{"desktop":{"background-color":"var(--ast-global-color-5)","background-image":"","background-repeat":"repeat","background-position":"center center","background-size":"auto","background-attachment":"scroll","background-type":"","background-media":"","overlay-type":"","overlay-color":"","overlay-opacity":"","overlay-gradient":""},"tablet":{"background-color":"var(--ast-global-color-5)","background-image":"","background-repeat":"repeat","background-position":"center center","background-size":"auto","background-attachment":"scroll","background-type":"","background-media":"","overlay-type":"","overlay-color":"","overlay-opacity":"","overlay-gradient":""},"mobile":{"background-color":"var(--ast-global-color-5)","background-image":"","background-repeat":"repeat","background-position":"center center","background-size":"auto","background-attachment":"scroll","background-type":"","background-media":"","overlay-type":"","overlay-color":"","overlay-opacity":"","overlay-gradient":""}},"footnotes":""},"class_list":["post-3159","page","type-page","status-publish","has-post-thumbnail","hentry"],"acf":[],"yoast_head":"<!-- This site is optimized with the Yoast SEO plugin v27.1 - https:\/\/yoast.com\/product\/yoast-seo-wordpress\/ -->\n<title>Nachhaltigkeit - BMB Packaging<\/title>\n<meta name=\"robots\" content=\"index, follow, max-snippet:-1, max-image-preview:large, max-video-preview:-1\" \/>\n<link rel=\"canonical\" href=\"https:\/\/bmbpack.com\/de\/nachhaltigkeit\/\" \/>\n<meta property=\"og:locale\" content=\"de_DE\" \/>\n<meta property=\"og:type\" content=\"article\" \/>\n<meta property=\"og:title\" content=\"Nachhaltigkeit - BMB Packaging\" \/>\n<meta property=\"og:description\" content=\"Ressourcenschonung und Abfallvermeidung BMB dank den Vakuum- und MAP-Verpackungen (gesch\u00fctzte Atmosph\u00e4re) verl\u00e4ngert die Haltbarkeit der [&hellip;]\" \/>\n<meta property=\"og:url\" content=\"https:\/\/bmbpack.com\/de\/nachhaltigkeit\/\" \/>\n<meta property=\"og:site_name\" content=\"BMB Packaging\" \/>\n<meta property=\"article:modified_time\" content=\"2025-09-23T08:10:09+00:00\" \/>\n<meta property=\"og:image\" content=\"https:\/\/bmbpack.com\/wp-content\/uploads\/Sostenibilita_BMB.jpg\" \/>\n\t<meta property=\"og:image:width\" content=\"1500\" \/>\n\t<meta property=\"og:image:height\" content=\"700\" \/>\n\t<meta property=\"og:image:type\" content=\"image\/jpeg\" \/>\n<meta name=\"twitter:card\" content=\"summary_large_image\" \/>\n<meta name=\"twitter:label1\" content=\"Gesch\u00e4tzte Lesezeit\" \/>\n\t<meta name=\"twitter:data1\" content=\"2\u00a0Minuten\" \/>\n<script type=\"application\/ld+json\" class=\"yoast-schema-graph\">{\"@context\":\"https:\/\/schema.org\",\"@graph\":[{\"@type\":\"WebPage\",\"@id\":\"https:\/\/bmbpack.com\/de\/nachhaltigkeit\/\",\"url\":\"https:\/\/bmbpack.com\/de\/nachhaltigkeit\/\",\"name\":\"Nachhaltigkeit - BMB Packaging\",\"isPartOf\":{\"@id\":\"https:\/\/bmbpack.com\/#website\"},\"primaryImageOfPage\":{\"@id\":\"https:\/\/bmbpack.com\/de\/nachhaltigkeit\/#primaryimage\"},\"image\":{\"@id\":\"https:\/\/bmbpack.com\/de\/nachhaltigkeit\/#primaryimage\"},\"thumbnailUrl\":\"https:\/\/bmbpack.com\/wp-content\/uploads\/Sostenibilita_BMB.jpg\",\"datePublished\":\"2021-07-21T09:48:39+00:00\",\"dateModified\":\"2025-09-23T08:10:09+00:00\",\"breadcrumb\":{\"@id\":\"https:\/\/bmbpack.com\/de\/nachhaltigkeit\/#breadcrumb\"},\"inLanguage\":\"de\",\"potentialAction\":[{\"@type\":\"ReadAction\",\"target\":[\"https:\/\/bmbpack.com\/de\/nachhaltigkeit\/\"]}]},{\"@type\":\"ImageObject\",\"inLanguage\":\"de\",\"@id\":\"https:\/\/bmbpack.com\/de\/nachhaltigkeit\/#primaryimage\",\"url\":\"https:\/\/bmbpack.com\/wp-content\/uploads\/Sostenibilita_BMB.jpg\",\"contentUrl\":\"https:\/\/bmbpack.com\/wp-content\/uploads\/Sostenibilita_BMB.jpg\",\"width\":1500,\"height\":700},{\"@type\":\"BreadcrumbList\",\"@id\":\"https:\/\/bmbpack.com\/de\/nachhaltigkeit\/#breadcrumb\",\"itemListElement\":[{\"@type\":\"ListItem\",\"position\":1,\"name\":\"Home\",\"item\":\"https:\/\/bmbpack.com\/de\/\"},{\"@type\":\"ListItem\",\"position\":2,\"name\":\"Nachhaltigkeit\"}]},{\"@type\":\"WebSite\",\"@id\":\"https:\/\/bmbpack.com\/#website\",\"url\":\"https:\/\/bmbpack.com\/\",\"name\":\"BMB Packaging\",\"description\":\"Food Industrial Solutions\",\"publisher\":{\"@id\":\"https:\/\/bmbpack.com\/#organization\"},\"potentialAction\":[{\"@type\":\"SearchAction\",\"target\":{\"@type\":\"EntryPoint\",\"urlTemplate\":\"https:\/\/bmbpack.com\/?s={search_term_string}\"},\"query-input\":{\"@type\":\"PropertyValueSpecification\",\"valueRequired\":true,\"valueName\":\"search_term_string\"}}],\"inLanguage\":\"de\"},{\"@type\":\"Organization\",\"@id\":\"https:\/\/bmbpack.com\/#organization\",\"name\":\"BMB Packaging\",\"url\":\"https:\/\/bmbpack.com\/\",\"logo\":{\"@type\":\"ImageObject\",\"inLanguage\":\"de\",\"@id\":\"https:\/\/bmbpack.com\/#\/schema\/logo\/image\/\",\"url\":\"https:\/\/bmbpack.com\/wp-content\/uploads\/BMB_logotipo.svg\",\"contentUrl\":\"https:\/\/bmbpack.com\/wp-content\/uploads\/BMB_logotipo.svg\",\"width\":\"1024\",\"height\":\"1024\",\"caption\":\"BMB Packaging\"},\"image\":{\"@id\":\"https:\/\/bmbpack.com\/#\/schema\/logo\/image\/\"}}]}<\/script>\n<!-- \/ Yoast SEO plugin. -->","yoast_head_json":{"title":"Nachhaltigkeit - BMB Packaging","robots":{"index":"index","follow":"follow","max-snippet":"max-snippet:-1","max-image-preview":"max-image-preview:large","max-video-preview":"max-video-preview:-1"},"canonical":"https:\/\/bmbpack.com\/de\/nachhaltigkeit\/","og_locale":"de_DE","og_type":"article","og_title":"Nachhaltigkeit - BMB Packaging","og_description":"Ressourcenschonung und Abfallvermeidung BMB dank den Vakuum- und MAP-Verpackungen (gesch\u00fctzte Atmosph\u00e4re) verl\u00e4ngert die Haltbarkeit der [&hellip;]","og_url":"https:\/\/bmbpack.com\/de\/nachhaltigkeit\/","og_site_name":"BMB Packaging","article_modified_time":"2025-09-23T08:10:09+00:00","og_image":[{"width":1500,"height":700,"url":"https:\/\/bmbpack.com\/wp-content\/uploads\/Sostenibilita_BMB.jpg","type":"image\/jpeg"}],"twitter_card":"summary_large_image","twitter_misc":{"Gesch\u00e4tzte Lesezeit":"2\u00a0Minuten"},"schema":{"@context":"https:\/\/schema.org","@graph":[{"@type":"WebPage","@id":"https:\/\/bmbpack.com\/de\/nachhaltigkeit\/","url":"https:\/\/bmbpack.com\/de\/nachhaltigkeit\/","name":"Nachhaltigkeit - BMB Packaging","isPartOf":{"@id":"https:\/\/bmbpack.com\/#website"},"primaryImageOfPage":{"@id":"https:\/\/bmbpack.com\/de\/nachhaltigkeit\/#primaryimage"},"image":{"@id":"https:\/\/bmbpack.com\/de\/nachhaltigkeit\/#primaryimage"},"thumbnailUrl":"https:\/\/bmbpack.com\/wp-content\/uploads\/Sostenibilita_BMB.jpg","datePublished":"2021-07-21T09:48:39+00:00","dateModified":"2025-09-23T08:10:09+00:00","breadcrumb":{"@id":"https:\/\/bmbpack.com\/de\/nachhaltigkeit\/#breadcrumb"},"inLanguage":"de","potentialAction":[{"@type":"ReadAction","target":["https:\/\/bmbpack.com\/de\/nachhaltigkeit\/"]}]},{"@type":"ImageObject","inLanguage":"de","@id":"https:\/\/bmbpack.com\/de\/nachhaltigkeit\/#primaryimage","url":"https:\/\/bmbpack.com\/wp-content\/uploads\/Sostenibilita_BMB.jpg","contentUrl":"https:\/\/bmbpack.com\/wp-content\/uploads\/Sostenibilita_BMB.jpg","width":1500,"height":700},{"@type":"BreadcrumbList","@id":"https:\/\/bmbpack.com\/de\/nachhaltigkeit\/#breadcrumb","itemListElement":[{"@type":"ListItem","position":1,"name":"Home","item":"https:\/\/bmbpack.com\/de\/"},{"@type":"ListItem","position":2,"name":"Nachhaltigkeit"}]},{"@type":"WebSite","@id":"https:\/\/bmbpack.com\/#website","url":"https:\/\/bmbpack.com\/","name":"BMB Packaging","description":"Food Industrial Solutions","publisher":{"@id":"https:\/\/bmbpack.com\/#organization"},"potentialAction":[{"@type":"SearchAction","target":{"@type":"EntryPoint","urlTemplate":"https:\/\/bmbpack.com\/?s={search_term_string}"},"query-input":{"@type":"PropertyValueSpecification","valueRequired":true,"valueName":"search_term_string"}}],"inLanguage":"de"},{"@type":"Organization","@id":"https:\/\/bmbpack.com\/#organization","name":"BMB Packaging","url":"https:\/\/bmbpack.com\/","logo":{"@type":"ImageObject","inLanguage":"de","@id":"https:\/\/bmbpack.com\/#\/schema\/logo\/image\/","url":"https:\/\/bmbpack.com\/wp-content\/uploads\/BMB_logotipo.svg","contentUrl":"https:\/\/bmbpack.com\/wp-content\/uploads\/BMB_logotipo.svg","width":"1024","height":"1024","caption":"BMB Packaging"},"image":{"@id":"https:\/\/bmbpack.com\/#\/schema\/logo\/image\/"}}]}},"uagb_featured_image_src":{"full":["https:\/\/bmbpack.com\/wp-content\/uploads\/Sostenibilita_BMB.jpg",1500,700,false],"thumbnail":["https:\/\/bmbpack.com\/wp-content\/uploads\/Sostenibilita_BMB-150x150.jpg",150,150,true],"medium":["https:\/\/bmbpack.com\/wp-content\/uploads\/Sostenibilita_BMB-300x140.jpg",300,140,true],"medium_large":["https:\/\/bmbpack.com\/wp-content\/uploads\/Sostenibilita_BMB-768x358.jpg",768,358,true],"large":["https:\/\/bmbpack.com\/wp-content\/uploads\/Sostenibilita_BMB-1024x478.jpg",1024,478,true],"1536x1536":["https:\/\/bmbpack.com\/wp-content\/uploads\/Sostenibilita_BMB.jpg",1500,700,false],"2048x2048":["https:\/\/bmbpack.com\/wp-content\/uploads\/Sostenibilita_BMB.jpg",1500,700,false]},"uagb_author_info":{"display_name":"Visual","author_link":"https:\/\/bmbpack.com\/de\/author\/nextadmin\/"},"uagb_comment_info":0,"uagb_excerpt":"Ressourcenschonung und Abfallvermeidung BMB dank den Vakuum- und MAP-Verpackungen (gesch\u00fctzte Atmosph\u00e4re) verl\u00e4ngert die Haltbarkeit der [&hellip;]","publishpress_future_workflow_manual_trigger":{"enabledWorkflows":[]},"_links":{"self":[{"href":"https:\/\/bmbpack.com\/de\/wp-json\/wp\/v2\/pages\/3159","targetHints":{"allow":["GET"]}}],"collection":[{"href":"https:\/\/bmbpack.com\/de\/wp-json\/wp\/v2\/pages"}],"about":[{"href":"https:\/\/bmbpack.com\/de\/wp-json\/wp\/v2\/types\/page"}],"author":[{"embeddable":true,"href":"https:\/\/bmbpack.com\/de\/wp-json\/wp\/v2\/users\/1"}],"replies":[{"embeddable":true,"href":"https:\/\/bmbpack.com\/de\/wp-json\/wp\/v2\/comments?post=3159"}],"version-history":[{"count":4,"href":"https:\/\/bmbpack.com\/de\/wp-json\/wp\/v2\/pages\/3159\/revisions"}],"predecessor-version":[{"id":5950,"href":"https:\/\/bmbpack.com\/de\/wp-json\/wp\/v2\/pages\/3159\/revisions\/5950"}],"wp:featuredmedia":[{"embeddable":true,"href":"https:\/\/bmbpack.com\/de\/wp-json\/wp\/v2\/media\/1106"}],"wp:attachment":[{"href":"https:\/\/bmbpack.com\/de\/wp-json\/wp\/v2\/media?parent=3159"}],"curies":[{"name":"wp","href":"https:\/\/api.w.org\/{rel}","templated":true}]}}