{"id":3161,"date":"2021-07-21T10:23:54","date_gmt":"2021-07-21T10:23:54","guid":{"rendered":"https:\/\/bmbpack.com\/?page_id=3161"},"modified":"2025-09-23T08:10:14","modified_gmt":"2025-09-23T08:10:14","slug":"new-life-projects","status":"publish","type":"page","link":"https:\/\/bmbpack.com\/de\/new-life-projects\/","title":{"rendered":"New Life Projects"},"content":{"rendered":"\n<div style=\"height:100px\" aria-hidden=\"true\" class=\"wp-block-spacer\"><\/div>\n\n\n\n<p>Unsere Werte in Bezug auf die Nachhaltigkeit und Kreislaufwirtschaft haben ein neues Projekt ins Leben gerufen, zur Unterst\u00fctzung zu den Kunden mit kleinen Fertigungsst\u00e4tten und \u2013kapazit\u00e4ten oder mit geringem Invest-Budget. NEW LIFE PROJECT hat sich als Ziel gesetzt, dieser Marktanforderung eine Antwort zu geben, indem die technischen Kenntnisse und Erfahrung vom BMB-Personal f\u00fcr ein<strong>&nbsp;new life der gebrauchten Maschinen <\/strong>f\u00fcr Kunden mit <strong>geringem Invest-Budget <\/strong>genutzt werden.<\/p>\n\n\n\n<h2 class=\"wp-block-heading h2\"><strong><strong>Nachr\u00fcstungen und Retrofit&nbsp;<\/strong><\/strong><\/h2>\n\n\n\n<p>Nach Jahren von Produktivit\u00e4t unterliegt jede Maschine dem normalen Verschleissprozess oder ist f\u00fcr ge\u00e4nderte oder h\u00f6here Fertigungsanforderungen nicht mehr geeignet.<\/p>\n\n\n\n<p>Sie k\u00f6nnen Teile oder Gruppen Ihres Systems nachr\u00fcsten lassen, damit Ihre Anlagen noch effizienter und leistungsf\u00e4higer durch den Tausch der Haupt-Bestandteile werden.<\/p>\n\n\n\n<p><strong>Nachr\u00fcstungen <\/strong>beinhalten Arbeitsschritte und Vorg\u00e4nge zur mechanischen Modernisierung, damit die Leistungsf\u00e4higkeit einer Maschine verl\u00e4ngert wird.&nbsp;<\/p>\n\n\n\n<p>Bei Nachr\u00fcstung f\u00fchren wir eine Demontage und Inspektion der bestehenden Anlage durch, anschliessend machen wir eine ausserordentliche Wartung und Instandsetzung, so da\u00df die Anlage sp\u00e4ter eine Leistungsf\u00e4higkeit so weit wie m\u00f6glich nah an den Neuzustand aufweisen kann. Nachdem die Nachr\u00fcstung abgeschlossen wurde, wird die Maschine erneut gepr\u00fcft und abgenommen.<\/p>\n\n\n\n<p>Unter <strong>Retrofit<\/strong>&nbsp;versteht man eine noch komplexere und anspruchsvolle Arbeit durch eine elektronische und technische Modernisierung, so da\u00df die Leistungsf\u00e4higkeit der Maschine nicht nur auf den Neuzustand zur\u00fcckgebracht wird, sondern sogar verbessert.<\/p>\n\n\n\n<p>Retrofit besteht in einer Reihe von Arbeiten f\u00fcr die Einf\u00fchrung von neuen Technologien oder Funktionen in die Maschine, durch neuen Automatik-Vorrichtungen und moderne Steuerungssysteme f\u00fcr die Verbesserung der Leistungsf\u00e4higkeit.<\/p>\n\n\n\n<p>Il retrofit consiste infatti in una serie di interventi che introducono all\u2019interno della macchina nuove tecnologie o funzionalit\u00e0 tramite nuovi automatismi e moderni sistemi di controllo elettronico che ne migliorano le prestazioni.<\/p>\n\n\n\n<h2 class=\"wp-block-heading\"><strong><strong>Gebrauchtmaschinen<\/strong><\/strong><\/h2>\n\n\n\n<p>Damit der Zugang zur Welt der automatischen Verpackung leichter f\u00e4llt und die Anfangsinvestition niedrig gehalten wird, bieten wir gebrauchte Verpackungsmaschinen an. Sie wurden von unseren Kunden zur\u00fcck genommen und werden in unserem Werk <strong>streng \u00fcberholt und mit hohen Standards gepr\u00fcft <\/strong>zur <strong>Garantie<\/strong>&nbsp;von Sicherheit, optimale Leistungsf\u00e4higkeit und Zuverl\u00e4ssigkeit.<\/p>\n\n\n\n<div style=\"height:100px\" aria-hidden=\"true\" class=\"wp-block-spacer\"><\/div>\n","protected":false},"excerpt":{"rendered":"<p>Unsere Werte in Bezug auf die Nachhaltigkeit und Kreislaufwirtschaft haben ein neues Projekt ins Leben [&hellip;]<\/p>\n","protected":false},"author":1,"featured_media":1109,"parent":0,"menu_order":0,"comment_status":"closed","ping_status":"closed","template":"","meta":{"_acf_changed":false,"inline_featured_image":false,"_uag_custom_page_level_css":"","site-sidebar-layout":"default","site-content-layout":"default","ast-site-content-layout":"default","site-content-style":"default","site-sidebar-style":"default","ast-global-header-display":"","ast-banner-title-visibility":"","ast-main-header-display":"","ast-hfb-above-header-display":"","ast-hfb-below-header-display":"","ast-hfb-mobile-header-display":"","site-post-title":"","ast-breadcrumbs-content":"","ast-featured-img":"","footer-sml-layout":"","ast-disable-related-posts":"","theme-transparent-header-meta":"default","adv-header-id-meta":"","stick-header-meta":"","header-above-stick-meta":"","header-main-stick-meta":"","header-below-stick-meta":"","astra-migrate-meta-layouts":"set","ast-page-background-enabled":"default","ast-page-background-meta":{"desktop":{"background-color":"","background-image":"","background-repeat":"repeat","background-position":"center center","background-size":"auto","background-attachment":"scroll","background-type":"","background-media":"","overlay-type":"","overlay-color":"","overlay-opacity":"","overlay-gradient":""},"tablet":{"background-color":"","background-image":"","background-repeat":"repeat","background-position":"center center","background-size":"auto","background-attachment":"scroll","background-type":"","background-media":"","overlay-type":"","overlay-color":"","overlay-opacity":"","overlay-gradient":""},"mobile":{"background-color":"","background-image":"","background-repeat":"repeat","background-position":"center center","background-size":"auto","background-attachment":"scroll","background-type":"","background-media":"","overlay-type":"","overlay-color":"","overlay-opacity":"","overlay-gradient":""}},"ast-content-background-meta":{"desktop":{"background-color":"var(--ast-global-color-5)","background-image":"","background-repeat":"repeat","background-position":"center center","background-size":"auto","background-attachment":"scroll","background-type":"","background-media":"","overlay-type":"","overlay-color":"","overlay-opacity":"","overlay-gradient":""},"tablet":{"background-color":"var(--ast-global-color-5)","background-image":"","background-repeat":"repeat","background-position":"center center","background-size":"auto","background-attachment":"scroll","background-type":"","background-media":"","overlay-type":"","overlay-color":"","overlay-opacity":"","overlay-gradient":""},"mobile":{"background-color":"var(--ast-global-color-5)","background-image":"","background-repeat":"repeat","background-position":"center center","background-size":"auto","background-attachment":"scroll","background-type":"","background-media":"","overlay-type":"","overlay-color":"","overlay-opacity":"","overlay-gradient":""}},"footnotes":""},"class_list":["post-3161","page","type-page","status-publish","has-post-thumbnail","hentry"],"acf":[],"yoast_head":"<!-- This site is optimized with the Yoast SEO plugin v27.1 - https:\/\/yoast.com\/product\/yoast-seo-wordpress\/ -->\n<title>New Life Projects - BMB Packaging<\/title>\n<meta name=\"robots\" content=\"index, follow, max-snippet:-1, max-image-preview:large, max-video-preview:-1\" \/>\n<link rel=\"canonical\" href=\"https:\/\/bmbpack.com\/de\/new-life-projects\/\" \/>\n<meta property=\"og:locale\" content=\"de_DE\" \/>\n<meta property=\"og:type\" content=\"article\" \/>\n<meta property=\"og:title\" content=\"New Life Projects - BMB Packaging\" \/>\n<meta property=\"og:description\" content=\"Unsere Werte in Bezug auf die Nachhaltigkeit und Kreislaufwirtschaft haben ein neues Projekt ins Leben [&hellip;]\" \/>\n<meta property=\"og:url\" content=\"https:\/\/bmbpack.com\/de\/new-life-projects\/\" \/>\n<meta property=\"og:site_name\" content=\"BMB Packaging\" \/>\n<meta property=\"article:modified_time\" content=\"2025-09-23T08:10:14+00:00\" \/>\n<meta property=\"og:image\" content=\"https:\/\/bmbpack.com\/wp-content\/uploads\/NewProjects_BMB.jpg\" \/>\n\t<meta property=\"og:image:width\" content=\"1800\" \/>\n\t<meta property=\"og:image:height\" content=\"906\" \/>\n\t<meta property=\"og:image:type\" content=\"image\/jpeg\" \/>\n<meta name=\"twitter:card\" content=\"summary_large_image\" \/>\n<meta name=\"twitter:label1\" content=\"Gesch\u00e4tzte Lesezeit\" \/>\n\t<meta name=\"twitter:data1\" content=\"2\u00a0Minuten\" \/>\n<script type=\"application\/ld+json\" class=\"yoast-schema-graph\">{\"@context\":\"https:\/\/schema.org\",\"@graph\":[{\"@type\":\"WebPage\",\"@id\":\"https:\/\/bmbpack.com\/de\/new-life-projects\/\",\"url\":\"https:\/\/bmbpack.com\/de\/new-life-projects\/\",\"name\":\"New Life Projects - BMB Packaging\",\"isPartOf\":{\"@id\":\"https:\/\/bmbpack.com\/#website\"},\"primaryImageOfPage\":{\"@id\":\"https:\/\/bmbpack.com\/de\/new-life-projects\/#primaryimage\"},\"image\":{\"@id\":\"https:\/\/bmbpack.com\/de\/new-life-projects\/#primaryimage\"},\"thumbnailUrl\":\"https:\/\/bmbpack.com\/wp-content\/uploads\/NewProjects_BMB.jpg\",\"datePublished\":\"2021-07-21T10:23:54+00:00\",\"dateModified\":\"2025-09-23T08:10:14+00:00\",\"breadcrumb\":{\"@id\":\"https:\/\/bmbpack.com\/de\/new-life-projects\/#breadcrumb\"},\"inLanguage\":\"de\",\"potentialAction\":[{\"@type\":\"ReadAction\",\"target\":[\"https:\/\/bmbpack.com\/de\/new-life-projects\/\"]}]},{\"@type\":\"ImageObject\",\"inLanguage\":\"de\",\"@id\":\"https:\/\/bmbpack.com\/de\/new-life-projects\/#primaryimage\",\"url\":\"https:\/\/bmbpack.com\/wp-content\/uploads\/NewProjects_BMB.jpg\",\"contentUrl\":\"https:\/\/bmbpack.com\/wp-content\/uploads\/NewProjects_BMB.jpg\",\"width\":1800,\"height\":906},{\"@type\":\"BreadcrumbList\",\"@id\":\"https:\/\/bmbpack.com\/de\/new-life-projects\/#breadcrumb\",\"itemListElement\":[{\"@type\":\"ListItem\",\"position\":1,\"name\":\"Home\",\"item\":\"https:\/\/bmbpack.com\/de\/\"},{\"@type\":\"ListItem\",\"position\":2,\"name\":\"New Life Projects\"}]},{\"@type\":\"WebSite\",\"@id\":\"https:\/\/bmbpack.com\/#website\",\"url\":\"https:\/\/bmbpack.com\/\",\"name\":\"BMB Packaging\",\"description\":\"Food Industrial Solutions\",\"publisher\":{\"@id\":\"https:\/\/bmbpack.com\/#organization\"},\"potentialAction\":[{\"@type\":\"SearchAction\",\"target\":{\"@type\":\"EntryPoint\",\"urlTemplate\":\"https:\/\/bmbpack.com\/?s={search_term_string}\"},\"query-input\":{\"@type\":\"PropertyValueSpecification\",\"valueRequired\":true,\"valueName\":\"search_term_string\"}}],\"inLanguage\":\"de\"},{\"@type\":\"Organization\",\"@id\":\"https:\/\/bmbpack.com\/#organization\",\"name\":\"BMB Packaging\",\"url\":\"https:\/\/bmbpack.com\/\",\"logo\":{\"@type\":\"ImageObject\",\"inLanguage\":\"de\",\"@id\":\"https:\/\/bmbpack.com\/#\/schema\/logo\/image\/\",\"url\":\"https:\/\/bmbpack.com\/wp-content\/uploads\/BMB_logotipo.svg\",\"contentUrl\":\"https:\/\/bmbpack.com\/wp-content\/uploads\/BMB_logotipo.svg\",\"width\":\"1024\",\"height\":\"1024\",\"caption\":\"BMB Packaging\"},\"image\":{\"@id\":\"https:\/\/bmbpack.com\/#\/schema\/logo\/image\/\"}}]}<\/script>\n<!-- \/ Yoast SEO plugin. -->","yoast_head_json":{"title":"New Life Projects - BMB Packaging","robots":{"index":"index","follow":"follow","max-snippet":"max-snippet:-1","max-image-preview":"max-image-preview:large","max-video-preview":"max-video-preview:-1"},"canonical":"https:\/\/bmbpack.com\/de\/new-life-projects\/","og_locale":"de_DE","og_type":"article","og_title":"New Life Projects - BMB Packaging","og_description":"Unsere Werte in Bezug auf die Nachhaltigkeit und Kreislaufwirtschaft haben ein neues Projekt ins Leben [&hellip;]","og_url":"https:\/\/bmbpack.com\/de\/new-life-projects\/","og_site_name":"BMB Packaging","article_modified_time":"2025-09-23T08:10:14+00:00","og_image":[{"width":1800,"height":906,"url":"https:\/\/bmbpack.com\/wp-content\/uploads\/NewProjects_BMB.jpg","type":"image\/jpeg"}],"twitter_card":"summary_large_image","twitter_misc":{"Gesch\u00e4tzte Lesezeit":"2\u00a0Minuten"},"schema":{"@context":"https:\/\/schema.org","@graph":[{"@type":"WebPage","@id":"https:\/\/bmbpack.com\/de\/new-life-projects\/","url":"https:\/\/bmbpack.com\/de\/new-life-projects\/","name":"New Life Projects - BMB Packaging","isPartOf":{"@id":"https:\/\/bmbpack.com\/#website"},"primaryImageOfPage":{"@id":"https:\/\/bmbpack.com\/de\/new-life-projects\/#primaryimage"},"image":{"@id":"https:\/\/bmbpack.com\/de\/new-life-projects\/#primaryimage"},"thumbnailUrl":"https:\/\/bmbpack.com\/wp-content\/uploads\/NewProjects_BMB.jpg","datePublished":"2021-07-21T10:23:54+00:00","dateModified":"2025-09-23T08:10:14+00:00","breadcrumb":{"@id":"https:\/\/bmbpack.com\/de\/new-life-projects\/#breadcrumb"},"inLanguage":"de","potentialAction":[{"@type":"ReadAction","target":["https:\/\/bmbpack.com\/de\/new-life-projects\/"]}]},{"@type":"ImageObject","inLanguage":"de","@id":"https:\/\/bmbpack.com\/de\/new-life-projects\/#primaryimage","url":"https:\/\/bmbpack.com\/wp-content\/uploads\/NewProjects_BMB.jpg","contentUrl":"https:\/\/bmbpack.com\/wp-content\/uploads\/NewProjects_BMB.jpg","width":1800,"height":906},{"@type":"BreadcrumbList","@id":"https:\/\/bmbpack.com\/de\/new-life-projects\/#breadcrumb","itemListElement":[{"@type":"ListItem","position":1,"name":"Home","item":"https:\/\/bmbpack.com\/de\/"},{"@type":"ListItem","position":2,"name":"New Life Projects"}]},{"@type":"WebSite","@id":"https:\/\/bmbpack.com\/#website","url":"https:\/\/bmbpack.com\/","name":"BMB Packaging","description":"Food Industrial Solutions","publisher":{"@id":"https:\/\/bmbpack.com\/#organization"},"potentialAction":[{"@type":"SearchAction","target":{"@type":"EntryPoint","urlTemplate":"https:\/\/bmbpack.com\/?s={search_term_string}"},"query-input":{"@type":"PropertyValueSpecification","valueRequired":true,"valueName":"search_term_string"}}],"inLanguage":"de"},{"@type":"Organization","@id":"https:\/\/bmbpack.com\/#organization","name":"BMB Packaging","url":"https:\/\/bmbpack.com\/","logo":{"@type":"ImageObject","inLanguage":"de","@id":"https:\/\/bmbpack.com\/#\/schema\/logo\/image\/","url":"https:\/\/bmbpack.com\/wp-content\/uploads\/BMB_logotipo.svg","contentUrl":"https:\/\/bmbpack.com\/wp-content\/uploads\/BMB_logotipo.svg","width":"1024","height":"1024","caption":"BMB Packaging"},"image":{"@id":"https:\/\/bmbpack.com\/#\/schema\/logo\/image\/"}}]}},"uagb_featured_image_src":{"full":["https:\/\/bmbpack.com\/wp-content\/uploads\/NewProjects_BMB.jpg",1800,906,false],"thumbnail":["https:\/\/bmbpack.com\/wp-content\/uploads\/NewProjects_BMB-150x150.jpg",150,150,true],"medium":["https:\/\/bmbpack.com\/wp-content\/uploads\/NewProjects_BMB-300x151.jpg",300,151,true],"medium_large":["https:\/\/bmbpack.com\/wp-content\/uploads\/NewProjects_BMB-768x387.jpg",768,387,true],"large":["https:\/\/bmbpack.com\/wp-content\/uploads\/NewProjects_BMB-1024x515.jpg",1024,515,true],"1536x1536":["https:\/\/bmbpack.com\/wp-content\/uploads\/NewProjects_BMB-1536x773.jpg",1536,773,true],"2048x2048":["https:\/\/bmbpack.com\/wp-content\/uploads\/NewProjects_BMB.jpg",1800,906,false]},"uagb_author_info":{"display_name":"Visual","author_link":"https:\/\/bmbpack.com\/de\/author\/nextadmin\/"},"uagb_comment_info":0,"uagb_excerpt":"Unsere Werte in Bezug auf die Nachhaltigkeit und Kreislaufwirtschaft haben ein neues Projekt ins Leben [&hellip;]","publishpress_future_workflow_manual_trigger":{"enabledWorkflows":[]},"_links":{"self":[{"href":"https:\/\/bmbpack.com\/de\/wp-json\/wp\/v2\/pages\/3161","targetHints":{"allow":["GET"]}}],"collection":[{"href":"https:\/\/bmbpack.com\/de\/wp-json\/wp\/v2\/pages"}],"about":[{"href":"https:\/\/bmbpack.com\/de\/wp-json\/wp\/v2\/types\/page"}],"author":[{"embeddable":true,"href":"https:\/\/bmbpack.com\/de\/wp-json\/wp\/v2\/users\/1"}],"replies":[{"embeddable":true,"href":"https:\/\/bmbpack.com\/de\/wp-json\/wp\/v2\/comments?post=3161"}],"version-history":[{"count":3,"href":"https:\/\/bmbpack.com\/de\/wp-json\/wp\/v2\/pages\/3161\/revisions"}],"predecessor-version":[{"id":5951,"href":"https:\/\/bmbpack.com\/de\/wp-json\/wp\/v2\/pages\/3161\/revisions\/5951"}],"wp:featuredmedia":[{"embeddable":true,"href":"https:\/\/bmbpack.com\/de\/wp-json\/wp\/v2\/media\/1109"}],"wp:attachment":[{"href":"https:\/\/bmbpack.com\/de\/wp-json\/wp\/v2\/media?parent=3161"}],"curies":[{"name":"wp","href":"https:\/\/api.w.org\/{rel}","templated":true}]}}