{"id":3162,"date":"2021-07-21T10:22:18","date_gmt":"2021-07-21T10:22:18","guid":{"rendered":"https:\/\/bmbpack.com\/?page_id=3162"},"modified":"2025-09-23T08:09:37","modified_gmt":"2025-09-23T08:09:37","slug":"aufstellung-und-kundendienst","status":"publish","type":"page","link":"https:\/\/bmbpack.com\/de\/aufstellung-und-kundendienst\/","title":{"rendered":"Aufstellung und Kundendienst"},"content":{"rendered":"\n<div style=\"height:100px\" aria-hidden=\"true\" class=\"wp-block-spacer\"><\/div>\n\n\n\n<div class=\"wp-block-columns is-layout-flex wp-container-core-columns-is-layout-28f84493 wp-block-columns-is-layout-flex\">\n<div class=\"wp-block-column is-layout-flow wp-block-column-is-layout-flow\">\n<h2 class=\"wp-block-heading h2\"><strong><strong>Installation<\/strong><\/strong><\/h2>\n\n\n\n<p>Vor der Auslieferung wird jede Maschine <strong>100% gepr\u00fcft,&nbsp;<\/strong>&nbsp;zur Best\u00e4tigung der vorgeschlagenen technischen L\u00f6sung, der Verpackungsmaterialien und der Maschinenleistung.<\/p>\n\n\n\n<p>Wir betrachten die Aufstellung und Inbetriebnahme als eine Erweiterung der Fertigung, die genauso akribisch und aufmerksam auf alle Details durchgef\u00fchrt werden muss: aus dem Grund werden alle Installationen durch <strong>geschultes und zuverl\u00e4ssiges Fachpersonal von BMB<\/strong> durchgef\u00fchrt. Dieser Schritt vervollst\u00e4ndigt die Lieferung, indem es die volle Leistungsf\u00e4higkeit aus den Anlagen holt.<\/p>\n\n\n\n<p>Wir verf\u00fcgen \u00fcber Verbindungen mit Fernzugriff auf die Maschinen, so da\u00df wir unsere Partner weltweit aus unserem Werk technisch unterst\u00fctzen k\u00f6nnen.&nbsp;<\/p>\n<\/div>\n\n\n\n<div class=\"wp-block-column is-vertically-aligned-center is-layout-flow wp-block-column-is-layout-flow\">\n<figure class=\"wp-block-image size-large\"><img loading=\"lazy\" decoding=\"async\" width=\"1024\" height=\"819\" src=\"https:\/\/bmbpack.com\/wp-content\/uploads\/bg-2-1024x819.jpg\" alt=\"\" class=\"wp-image-1179\" srcset=\"https:\/\/bmbpack.com\/wp-content\/uploads\/bg-2-1024x819.jpg 1024w, https:\/\/bmbpack.com\/wp-content\/uploads\/bg-2-300x240.jpg 300w, https:\/\/bmbpack.com\/wp-content\/uploads\/bg-2-768x614.jpg 768w, https:\/\/bmbpack.com\/wp-content\/uploads\/bg-2.jpg 1350w\" sizes=\"auto, (max-width: 1024px) 100vw, 1024px\" \/><\/figure>\n<\/div>\n<\/div>\n\n\n\n<div class=\"wp-block-columns is-layout-flex wp-container-core-columns-is-layout-28f84493 wp-block-columns-is-layout-flex\">\n<div class=\"wp-block-column is-vertically-aligned-center is-layout-flow wp-block-column-is-layout-flow\">\n<figure class=\"wp-block-image aligncenter size-large\"><img loading=\"lazy\" decoding=\"async\" width=\"1024\" height=\"819\" src=\"https:\/\/bmbpack.com\/wp-content\/uploads\/BMB_manutenzione-1024x819.jpg\" alt=\"\" class=\"wp-image-1276\" srcset=\"https:\/\/bmbpack.com\/wp-content\/uploads\/BMB_manutenzione-1024x819.jpg 1024w, https:\/\/bmbpack.com\/wp-content\/uploads\/BMB_manutenzione-300x240.jpg 300w, https:\/\/bmbpack.com\/wp-content\/uploads\/BMB_manutenzione-768x614.jpg 768w, https:\/\/bmbpack.com\/wp-content\/uploads\/BMB_manutenzione.jpg 1350w\" sizes=\"auto, (max-width: 1024px) 100vw, 1024px\" \/><\/figure>\n<\/div>\n\n\n\n<div class=\"wp-block-column is-layout-flow wp-block-column-is-layout-flow\">\n<h2 class=\"wp-block-heading\"><strong><strong>Instandhaltung<\/strong><\/strong><\/h2>\n\n\n\n<p>Eine gute Funktion der Maschinen \u00fcber die Jahre h\u00e4ngt von einer guten Wartung und Instandhaltung ab, daher ist es unsere Sorge dem Kunden zur Seite zu stehen und ihn zu unterst\u00fctzen, damit er lange Zeit Freude an seine Investition in unseren Maschinen und in unsere Firma hat.<br>Wir bieten unseren Kunden Wartung und Instandsetzung f\u00fcr Maschinen, Vakuum-Pumpen und Absaugungsanlagen an.&nbsp;<\/p>\n\n\n\n<p>Es ist m\u00f6glich <strong>individuelle Wartungspakete <\/strong>zu gestalten, wo einvernehmlich die Wartungsintervalle und Datum vereinbart werden. Hiermit braucht der Kunde sich keine Gedanken mehr \u00fcber Wartung und pl\u00f6tzlich auftretenden Maschinenstillstand zu machen, weil alle Maschinen regelm\u00e4\u00dfig vom BMB-Personal gepr\u00fcft werden.<\/p>\n<\/div>\n<\/div>\n\n\n\n<div class=\"wp-block-columns is-layout-flex wp-container-core-columns-is-layout-28f84493 wp-block-columns-is-layout-flex\">\n<div class=\"wp-block-column is-layout-flow wp-block-column-is-layout-flow\">\n<h2 class=\"wp-block-heading\"><strong><strong>Kundendienst<\/strong><\/strong><\/h2>\n\n\n\n<p>BMB k\u00fcmmert sich um den Kundendienst und Service, sowohl <strong>vor Ort<\/strong>&nbsp;durch unsere Techniker und Service-Partner als auch \u00fcber <strong>Fernwartung<\/strong>. Unser Kundendienst bietet einen technischen Support auch f\u00fcr eine Ferndiagnose: unsere Maschinen sind mit den modernsten Technologien <strong>Industry 4.0<\/strong>&nbsp;ausgestattet und erm\u00f6glichen den Maschinenzustand durch privaten und sicheren Verbindungen aus aller Welt und jederzeit zu pr\u00fcfen oder auf Ihr Handy Meldungen \u00fcber den Betriebszustand der Maschine zu bekommen.<\/p>\n\n\n\n<p>Der Kundendienst ist eine delikate Angelegenheit und soll die gute Wahl&nbsp; best\u00e4tigen, was durch den Kauf unserer Maschinen erfolgte. Wir arbeiten mit all unseren Kr\u00e4ften daran, die <strong>Zuverl\u00e4ssigkeit<\/strong>&nbsp;der Maschinen zu verbessern und den Ausfall vorzubeugen, weil wir den Preis von Unvorhergesehenes kennen.&nbsp;<\/p>\n\n\n\n<p>Sollte der Kunde wider Erwarten ein Problem feststellen, sind unsere <strong>qualifizierten Techniker <\/strong>jederzeit bereit die schnellstm\u00f6gliche L\u00f6sung zu finden; wir schreiten <strong>sofort <\/strong>ein, um die komplette Leistungsf\u00e4higkeit der Anlage wiederherzustellen, wovon sein Erfolg herr\u00fchrt.<\/p>\n<\/div>\n\n\n\n<div class=\"wp-block-column is-vertically-aligned-center is-layout-flow wp-block-column-is-layout-flow\">\n<figure class=\"wp-block-image size-large\"><img loading=\"lazy\" decoding=\"async\" width=\"1024\" height=\"819\" src=\"https:\/\/bmbpack.com\/wp-content\/uploads\/Assistance_BMB-1024x819.jpg\" alt=\"\" class=\"wp-image-1202\" srcset=\"https:\/\/bmbpack.com\/wp-content\/uploads\/Assistance_BMB-1024x819.jpg 1024w, https:\/\/bmbpack.com\/wp-content\/uploads\/Assistance_BMB-300x240.jpg 300w, https:\/\/bmbpack.com\/wp-content\/uploads\/Assistance_BMB-768x614.jpg 768w, https:\/\/bmbpack.com\/wp-content\/uploads\/Assistance_BMB.jpg 1350w\" sizes=\"auto, (max-width: 1024px) 100vw, 1024px\" \/><\/figure>\n<\/div>\n<\/div>\n\n\n\n<div class=\"wp-block-columns is-layout-flex wp-container-core-columns-is-layout-28f84493 wp-block-columns-is-layout-flex\">\n<div class=\"wp-block-column is-vertically-aligned-center is-layout-flow wp-block-column-is-layout-flow\">\n<figure class=\"wp-block-image aligncenter size-large\"><img loading=\"lazy\" decoding=\"async\" width=\"1024\" height=\"819\" src=\"https:\/\/bmbpack.com\/wp-content\/uploads\/BMB_Ricambi-1024x819.jpg\" alt=\"\" class=\"wp-image-1279\" srcset=\"https:\/\/bmbpack.com\/wp-content\/uploads\/BMB_Ricambi-1024x819.jpg 1024w, https:\/\/bmbpack.com\/wp-content\/uploads\/BMB_Ricambi-300x240.jpg 300w, https:\/\/bmbpack.com\/wp-content\/uploads\/BMB_Ricambi-768x614.jpg 768w, https:\/\/bmbpack.com\/wp-content\/uploads\/BMB_Ricambi.jpg 1350w\" sizes=\"auto, (max-width: 1024px) 100vw, 1024px\" \/><\/figure>\n\n\n\n<p><\/p>\n<\/div>\n\n\n\n<div class=\"wp-block-column is-vertically-aligned-center is-layout-flow wp-block-column-is-layout-flow\">\n<h2 class=\"wp-block-heading\"><strong><strong>Ersatz- und Verschleissteile<\/strong><\/strong><\/h2>\n\n\n\n<p>Alle Komponente der BMB-Maschinen werden mit Artikel Nummer und Beschreibung kodiert, die entsprechende Liste wird beim Kauf in Papierform und auf Datei dem Bediener zwecks Erkennung \u00fcbergeben. Das Netzwerk von Distributoren von BMB kann <strong>schnell <\/strong>alle Ersatzteile erkennen und bestellen.<\/p>\n\n\n\n<p>Unsere Techniker sind hoch qualifiziert und trainiert, um Ihnen die gr\u00f6\u00dfte Unterst\u00fctzung beim Kauf und Austausch aller notwendigen Ersatzteile sowie Expresskurier-Sendungen anzubieten.<\/p>\n\n\n\n<p>Unsere Kompetenz h\u00f6rt nicht bei den Maschinen und Ersatzteile auf, sondern ist ma\u00dfgeblich auch f\u00fcr ein <strong>komplettes Angebot <\/strong>an Folien, Beuteln, Schalen und Verpackungskunsstoffe.<\/p>\n<\/div>\n<\/div>\n\n\n\n<div style=\"height:100px\" aria-hidden=\"true\" class=\"wp-block-spacer\"><\/div>\n","protected":false},"excerpt":{"rendered":"<p>Installation Vor der Auslieferung wird jede Maschine 100% gepr\u00fcft,&nbsp;&nbsp;zur Best\u00e4tigung der vorgeschlagenen technischen L\u00f6sung, der [&hellip;]<\/p>\n","protected":false},"author":1,"featured_media":1109,"parent":0,"menu_order":0,"comment_status":"closed","ping_status":"closed","template":"","meta":{"_acf_changed":false,"inline_featured_image":false,"_uag_custom_page_level_css":"","site-sidebar-layout":"default","site-content-layout":"default","ast-site-content-layout":"default","site-content-style":"default","site-sidebar-style":"default","ast-global-header-display":"","ast-banner-title-visibility":"","ast-main-header-display":"","ast-hfb-above-header-display":"","ast-hfb-below-header-display":"","ast-hfb-mobile-header-display":"","site-post-title":"","ast-breadcrumbs-content":"","ast-featured-img":"","footer-sml-layout":"","ast-disable-related-posts":"","theme-transparent-header-meta":"default","adv-header-id-meta":"","stick-header-meta":"","header-above-stick-meta":"","header-main-stick-meta":"","header-below-stick-meta":"","astra-migrate-meta-layouts":"set","ast-page-background-enabled":"default","ast-page-background-meta":{"desktop":{"background-color":"","background-image":"","background-repeat":"repeat","background-position":"center center","background-size":"auto","background-attachment":"scroll","background-type":"","background-media":"","overlay-type":"","overlay-color":"","overlay-opacity":"","overlay-gradient":""},"tablet":{"background-color":"","background-image":"","background-repeat":"repeat","background-position":"center center","background-size":"auto","background-attachment":"scroll","background-type":"","background-media":"","overlay-type":"","overlay-color":"","overlay-opacity":"","overlay-gradient":""},"mobile":{"background-color":"","background-image":"","background-repeat":"repeat","background-position":"center center","background-size":"auto","background-attachment":"scroll","background-type":"","background-media":"","overlay-type":"","overlay-color":"","overlay-opacity":"","overlay-gradient":""}},"ast-content-background-meta":{"desktop":{"background-color":"var(--ast-global-color-5)","background-image":"","background-repeat":"repeat","background-position":"center center","background-size":"auto","background-attachment":"scroll","background-type":"","background-media":"","overlay-type":"","overlay-color":"","overlay-opacity":"","overlay-gradient":""},"tablet":{"background-color":"var(--ast-global-color-5)","background-image":"","background-repeat":"repeat","background-position":"center center","background-size":"auto","background-attachment":"scroll","background-type":"","background-media":"","overlay-type":"","overlay-color":"","overlay-opacity":"","overlay-gradient":""},"mobile":{"background-color":"var(--ast-global-color-5)","background-image":"","background-repeat":"repeat","background-position":"center center","background-size":"auto","background-attachment":"scroll","background-type":"","background-media":"","overlay-type":"","overlay-color":"","overlay-opacity":"","overlay-gradient":""}},"footnotes":""},"class_list":["post-3162","page","type-page","status-publish","has-post-thumbnail","hentry"],"acf":[],"yoast_head":"<!-- This site is optimized with the Yoast SEO plugin v27.1 - https:\/\/yoast.com\/product\/yoast-seo-wordpress\/ -->\n<title>BMB Vakuumverpackung: Dienstleistungen aufstellung und kundendienst<\/title>\n<meta name=\"robots\" content=\"index, follow, max-snippet:-1, max-image-preview:large, max-video-preview:-1\" \/>\n<link rel=\"canonical\" href=\"https:\/\/bmbpack.com\/pre-e-post-vendita\/\" \/>\n<meta property=\"og:locale\" content=\"de_DE\" \/>\n<meta property=\"og:type\" content=\"article\" \/>\n<meta property=\"og:title\" content=\"BMB Vakuumverpackung: Dienstleistungen aufstellung und kundendienst\" \/>\n<meta property=\"og:description\" content=\"Installation Vor der Auslieferung wird jede Maschine 100% gepr\u00fcft,&nbsp;&nbsp;zur Best\u00e4tigung der vorgeschlagenen technischen L\u00f6sung, der [&hellip;]\" \/>\n<meta property=\"og:url\" content=\"https:\/\/bmbpack.com\/pre-e-post-vendita\/\" \/>\n<meta property=\"og:site_name\" content=\"BMB Packaging\" \/>\n<meta property=\"article:modified_time\" content=\"2025-09-23T08:09:37+00:00\" \/>\n<meta property=\"og:image\" content=\"https:\/\/bmbpack.com\/wp-content\/uploads\/NewProjects_BMB.jpg\" \/>\n\t<meta property=\"og:image:width\" content=\"1800\" \/>\n\t<meta property=\"og:image:height\" content=\"906\" \/>\n\t<meta property=\"og:image:type\" content=\"image\/jpeg\" \/>\n<meta name=\"twitter:card\" content=\"summary_large_image\" \/>\n<meta name=\"twitter:label1\" content=\"Gesch\u00e4tzte Lesezeit\" \/>\n\t<meta name=\"twitter:data1\" content=\"1\u00a0Minute\" \/>\n<script type=\"application\/ld+json\" class=\"yoast-schema-graph\">{\"@context\":\"https:\/\/schema.org\",\"@graph\":[{\"@type\":\"WebPage\",\"@id\":\"https:\/\/bmbpack.com\/pre-e-post-vendita\/\",\"url\":\"https:\/\/bmbpack.com\/pre-e-post-vendita\/\",\"name\":\"BMB Vakuumverpackung: Dienstleistungen aufstellung und kundendienst\",\"isPartOf\":{\"@id\":\"https:\/\/bmbpack.com\/#website\"},\"primaryImageOfPage\":{\"@id\":\"https:\/\/bmbpack.com\/pre-e-post-vendita\/#primaryimage\"},\"image\":{\"@id\":\"https:\/\/bmbpack.com\/pre-e-post-vendita\/#primaryimage\"},\"thumbnailUrl\":\"https:\/\/bmbpack.com\/wp-content\/uploads\/NewProjects_BMB.jpg\",\"datePublished\":\"2021-07-21T10:22:18+00:00\",\"dateModified\":\"2025-09-23T08:09:37+00:00\",\"breadcrumb\":{\"@id\":\"https:\/\/bmbpack.com\/pre-e-post-vendita\/#breadcrumb\"},\"inLanguage\":\"de\",\"potentialAction\":[{\"@type\":\"ReadAction\",\"target\":[\"https:\/\/bmbpack.com\/pre-e-post-vendita\/\"]}]},{\"@type\":\"ImageObject\",\"inLanguage\":\"de\",\"@id\":\"https:\/\/bmbpack.com\/pre-e-post-vendita\/#primaryimage\",\"url\":\"https:\/\/bmbpack.com\/wp-content\/uploads\/NewProjects_BMB.jpg\",\"contentUrl\":\"https:\/\/bmbpack.com\/wp-content\/uploads\/NewProjects_BMB.jpg\",\"width\":1800,\"height\":906},{\"@type\":\"BreadcrumbList\",\"@id\":\"https:\/\/bmbpack.com\/pre-e-post-vendita\/#breadcrumb\",\"itemListElement\":[{\"@type\":\"ListItem\",\"position\":1,\"name\":\"Home\",\"item\":\"https:\/\/bmbpack.com\/de\/\"},{\"@type\":\"ListItem\",\"position\":2,\"name\":\"Aufstellung und Kundendienst\"}]},{\"@type\":\"WebSite\",\"@id\":\"https:\/\/bmbpack.com\/#website\",\"url\":\"https:\/\/bmbpack.com\/\",\"name\":\"BMB Packaging\",\"description\":\"Food Industrial Solutions\",\"publisher\":{\"@id\":\"https:\/\/bmbpack.com\/#organization\"},\"potentialAction\":[{\"@type\":\"SearchAction\",\"target\":{\"@type\":\"EntryPoint\",\"urlTemplate\":\"https:\/\/bmbpack.com\/?s={search_term_string}\"},\"query-input\":{\"@type\":\"PropertyValueSpecification\",\"valueRequired\":true,\"valueName\":\"search_term_string\"}}],\"inLanguage\":\"de\"},{\"@type\":\"Organization\",\"@id\":\"https:\/\/bmbpack.com\/#organization\",\"name\":\"BMB Packaging\",\"url\":\"https:\/\/bmbpack.com\/\",\"logo\":{\"@type\":\"ImageObject\",\"inLanguage\":\"de\",\"@id\":\"https:\/\/bmbpack.com\/#\/schema\/logo\/image\/\",\"url\":\"https:\/\/bmbpack.com\/wp-content\/uploads\/BMB_logotipo.svg\",\"contentUrl\":\"https:\/\/bmbpack.com\/wp-content\/uploads\/BMB_logotipo.svg\",\"width\":\"1024\",\"height\":\"1024\",\"caption\":\"BMB Packaging\"},\"image\":{\"@id\":\"https:\/\/bmbpack.com\/#\/schema\/logo\/image\/\"}}]}<\/script>\n<!-- \/ Yoast SEO plugin. -->","yoast_head_json":{"title":"BMB Vakuumverpackung: Dienstleistungen aufstellung und kundendienst","robots":{"index":"index","follow":"follow","max-snippet":"max-snippet:-1","max-image-preview":"max-image-preview:large","max-video-preview":"max-video-preview:-1"},"canonical":"https:\/\/bmbpack.com\/pre-e-post-vendita\/","og_locale":"de_DE","og_type":"article","og_title":"BMB Vakuumverpackung: Dienstleistungen aufstellung und kundendienst","og_description":"Installation Vor der Auslieferung wird jede Maschine 100% gepr\u00fcft,&nbsp;&nbsp;zur Best\u00e4tigung der vorgeschlagenen technischen L\u00f6sung, der [&hellip;]","og_url":"https:\/\/bmbpack.com\/pre-e-post-vendita\/","og_site_name":"BMB Packaging","article_modified_time":"2025-09-23T08:09:37+00:00","og_image":[{"width":1800,"height":906,"url":"https:\/\/bmbpack.com\/wp-content\/uploads\/NewProjects_BMB.jpg","type":"image\/jpeg"}],"twitter_card":"summary_large_image","twitter_misc":{"Gesch\u00e4tzte Lesezeit":"1\u00a0Minute"},"schema":{"@context":"https:\/\/schema.org","@graph":[{"@type":"WebPage","@id":"https:\/\/bmbpack.com\/pre-e-post-vendita\/","url":"https:\/\/bmbpack.com\/pre-e-post-vendita\/","name":"BMB Vakuumverpackung: Dienstleistungen aufstellung und kundendienst","isPartOf":{"@id":"https:\/\/bmbpack.com\/#website"},"primaryImageOfPage":{"@id":"https:\/\/bmbpack.com\/pre-e-post-vendita\/#primaryimage"},"image":{"@id":"https:\/\/bmbpack.com\/pre-e-post-vendita\/#primaryimage"},"thumbnailUrl":"https:\/\/bmbpack.com\/wp-content\/uploads\/NewProjects_BMB.jpg","datePublished":"2021-07-21T10:22:18+00:00","dateModified":"2025-09-23T08:09:37+00:00","breadcrumb":{"@id":"https:\/\/bmbpack.com\/pre-e-post-vendita\/#breadcrumb"},"inLanguage":"de","potentialAction":[{"@type":"ReadAction","target":["https:\/\/bmbpack.com\/pre-e-post-vendita\/"]}]},{"@type":"ImageObject","inLanguage":"de","@id":"https:\/\/bmbpack.com\/pre-e-post-vendita\/#primaryimage","url":"https:\/\/bmbpack.com\/wp-content\/uploads\/NewProjects_BMB.jpg","contentUrl":"https:\/\/bmbpack.com\/wp-content\/uploads\/NewProjects_BMB.jpg","width":1800,"height":906},{"@type":"BreadcrumbList","@id":"https:\/\/bmbpack.com\/pre-e-post-vendita\/#breadcrumb","itemListElement":[{"@type":"ListItem","position":1,"name":"Home","item":"https:\/\/bmbpack.com\/de\/"},{"@type":"ListItem","position":2,"name":"Aufstellung und Kundendienst"}]},{"@type":"WebSite","@id":"https:\/\/bmbpack.com\/#website","url":"https:\/\/bmbpack.com\/","name":"BMB Packaging","description":"Food Industrial Solutions","publisher":{"@id":"https:\/\/bmbpack.com\/#organization"},"potentialAction":[{"@type":"SearchAction","target":{"@type":"EntryPoint","urlTemplate":"https:\/\/bmbpack.com\/?s={search_term_string}"},"query-input":{"@type":"PropertyValueSpecification","valueRequired":true,"valueName":"search_term_string"}}],"inLanguage":"de"},{"@type":"Organization","@id":"https:\/\/bmbpack.com\/#organization","name":"BMB Packaging","url":"https:\/\/bmbpack.com\/","logo":{"@type":"ImageObject","inLanguage":"de","@id":"https:\/\/bmbpack.com\/#\/schema\/logo\/image\/","url":"https:\/\/bmbpack.com\/wp-content\/uploads\/BMB_logotipo.svg","contentUrl":"https:\/\/bmbpack.com\/wp-content\/uploads\/BMB_logotipo.svg","width":"1024","height":"1024","caption":"BMB Packaging"},"image":{"@id":"https:\/\/bmbpack.com\/#\/schema\/logo\/image\/"}}]}},"uagb_featured_image_src":{"full":["https:\/\/bmbpack.com\/wp-content\/uploads\/NewProjects_BMB.jpg",1800,906,false],"thumbnail":["https:\/\/bmbpack.com\/wp-content\/uploads\/NewProjects_BMB-150x150.jpg",150,150,true],"medium":["https:\/\/bmbpack.com\/wp-content\/uploads\/NewProjects_BMB-300x151.jpg",300,151,true],"medium_large":["https:\/\/bmbpack.com\/wp-content\/uploads\/NewProjects_BMB-768x387.jpg",768,387,true],"large":["https:\/\/bmbpack.com\/wp-content\/uploads\/NewProjects_BMB-1024x515.jpg",1024,515,true],"1536x1536":["https:\/\/bmbpack.com\/wp-content\/uploads\/NewProjects_BMB-1536x773.jpg",1536,773,true],"2048x2048":["https:\/\/bmbpack.com\/wp-content\/uploads\/NewProjects_BMB.jpg",1800,906,false]},"uagb_author_info":{"display_name":"Visual","author_link":"https:\/\/bmbpack.com\/de\/author\/nextadmin\/"},"uagb_comment_info":0,"uagb_excerpt":"Installation Vor der Auslieferung wird jede Maschine 100% gepr\u00fcft,&nbsp;&nbsp;zur Best\u00e4tigung der vorgeschlagenen technischen L\u00f6sung, der [&hellip;]","publishpress_future_workflow_manual_trigger":{"enabledWorkflows":[]},"_links":{"self":[{"href":"https:\/\/bmbpack.com\/de\/wp-json\/wp\/v2\/pages\/3162","targetHints":{"allow":["GET"]}}],"collection":[{"href":"https:\/\/bmbpack.com\/de\/wp-json\/wp\/v2\/pages"}],"about":[{"href":"https:\/\/bmbpack.com\/de\/wp-json\/wp\/v2\/types\/page"}],"author":[{"embeddable":true,"href":"https:\/\/bmbpack.com\/de\/wp-json\/wp\/v2\/users\/1"}],"replies":[{"embeddable":true,"href":"https:\/\/bmbpack.com\/de\/wp-json\/wp\/v2\/comments?post=3162"}],"version-history":[{"count":3,"href":"https:\/\/bmbpack.com\/de\/wp-json\/wp\/v2\/pages\/3162\/revisions"}],"predecessor-version":[{"id":5945,"href":"https:\/\/bmbpack.com\/de\/wp-json\/wp\/v2\/pages\/3162\/revisions\/5945"}],"wp:featuredmedia":[{"embeddable":true,"href":"https:\/\/bmbpack.com\/de\/wp-json\/wp\/v2\/media\/1109"}],"wp:attachment":[{"href":"https:\/\/bmbpack.com\/de\/wp-json\/wp\/v2\/media?parent=3162"}],"curies":[{"name":"wp","href":"https:\/\/api.w.org\/{rel}","templated":true}]}}