{"id":3163,"date":"2021-07-21T10:19:56","date_gmt":"2021-07-21T10:19:56","guid":{"rendered":"https:\/\/bmbpack.com\/?page_id=3163"},"modified":"2025-09-23T08:09:42","modified_gmt":"2025-09-23T08:09:42","slug":"beratung-und-training","status":"publish","type":"page","link":"https:\/\/bmbpack.com\/de\/beratung-und-training\/","title":{"rendered":"Beratung und Training"},"content":{"rendered":"\n<div style=\"height:100px\" aria-hidden=\"true\" class=\"wp-block-spacer\"><\/div>\n\n\n\n<h2 class=\"wp-block-heading h2\"><strong><strong>Beratung<\/strong><\/strong><\/h2>\n\n\n\n<p>Unser Ziel besteht darin, L\u00f6sungen anzubieten; daher gehen wir auf die Anforderungen unseren Kunden ein und begleiten sie durch die Fertigung- und Verwaltungsprozesse. Was auch immer Sie verpacken m\u00f6chten, wir stellen Ihnen unsere Kompetenz und Erfahrung f\u00fcr eine pers\u00f6nliche Beratung zur Verf\u00fcgung.<\/p>\n\n\n\n<p>Tiefe Kenntnisse \u00fcber Prozesse, Materialien und Verpackungstechnologien, sowohl im Lebensmittel-Bereich als auch Non-Food, erm\u00f6glichen uns die <strong>geeignete Maschine und die beste Verpackung<\/strong> anzubieten, je nach gew\u00fcnschter Haltbarkeit, Erhaltung der organoleptischen und physikalischen Produkt-Eigenschaften sowie Verpackungsdesign.<\/p>\n\n\n\n<p>Wir bieten Unterst\u00fctzung und Bereitschaft eventuell gew\u00fcnschten <strong>\u00c4nderungen<\/strong> und <strong>Personalisierungen<\/strong> an den Maschinen durchzuf\u00fchren, damit sie besser Ihren Bed\u00fcrfnissen entsprechen und damit Sie eine auf Ihr Produkt zugeschnittene Verpackung bekommen.<\/p>\n\n\n\n<p>Wir stellen unseren <strong>technischen Pr\u00fcfungsraum <\/strong>zur Verf\u00fcgung, damit wir Ihnen die verschiedenen Technologien vorf\u00fchren k\u00f6nnen und Bemusterungen und Verpackungstest durchf\u00fchren.<\/p>\n\n\n\n<h2 class=\"wp-block-heading\"><strong><strong>Training<\/strong><\/strong><\/h2>\n\n\n\n<p>Wir organisieren&nbsp;<strong>Technologietage,<\/strong>&nbsp;gezielt auf die Optimierung des Verpackungsprozesses, auf die Anwendung der Vakuumiertechnik mit unterschiedlichen Produkte und standardm\u00e4\u00dfige oder nachhaltige Materialien, auf die Erweiterung der Produkt-Haltbarkeit, indem wir den Teilnehmern unsere technischen Kenntnisse zur Verf\u00fcgung stellen und damit unsere Kunden einen wichtigen Fortschritt in der Materie erzielen.&nbsp;<\/p>\n\n\n\n<p>Die Einweisung und Training auf die Bedienung der Maschinen und der Verpackungsanlagen ist von grunds\u00e4tzlicher Wichtigkeit und erlaubt eine hohe Leistung aus Ihrer Investition zu erzielen.<\/p>\n\n\n\n<p>Wir bieten <strong>Grund- und Fortbildungskurse <\/strong>f\u00fcr die Maschinenbediener unserer Kunden an, damit eine korrekte Bedienung gew\u00e4hrleistet wird. Das Training wird in allen Details zusammen mit den wichgtisten Lieferanten f\u00fcr weichen und harten Verpackungsmaterialien aufgrund der Kundenbed\u00fcrfnisse organisiert, damit alle Informationen den Maschinenbediener bestens \u00fcbermittelt werden.<\/p>\n\n\n\n<div style=\"height:100px\" aria-hidden=\"true\" class=\"wp-block-spacer\"><\/div>\n","protected":false},"excerpt":{"rendered":"<p>Beratung Unser Ziel besteht darin, L\u00f6sungen anzubieten; daher gehen wir auf die Anforderungen unseren Kunden [&hellip;]<\/p>\n","protected":false},"author":1,"featured_media":1108,"parent":0,"menu_order":0,"comment_status":"closed","ping_status":"closed","template":"","meta":{"_acf_changed":false,"inline_featured_image":false,"_uag_custom_page_level_css":"","site-sidebar-layout":"default","site-content-layout":"default","ast-site-content-layout":"default","site-content-style":"default","site-sidebar-style":"default","ast-global-header-display":"","ast-banner-title-visibility":"","ast-main-header-display":"","ast-hfb-above-header-display":"","ast-hfb-below-header-display":"","ast-hfb-mobile-header-display":"","site-post-title":"","ast-breadcrumbs-content":"","ast-featured-img":"","footer-sml-layout":"","ast-disable-related-posts":"","theme-transparent-header-meta":"default","adv-header-id-meta":"","stick-header-meta":"","header-above-stick-meta":"","header-main-stick-meta":"","header-below-stick-meta":"","astra-migrate-meta-layouts":"set","ast-page-background-enabled":"default","ast-page-background-meta":{"desktop":{"background-color":"","background-image":"","background-repeat":"repeat","background-position":"center center","background-size":"auto","background-attachment":"scroll","background-type":"","background-media":"","overlay-type":"","overlay-color":"","overlay-opacity":"","overlay-gradient":""},"tablet":{"background-color":"","background-image":"","background-repeat":"repeat","background-position":"center center","background-size":"auto","background-attachment":"scroll","background-type":"","background-media":"","overlay-type":"","overlay-color":"","overlay-opacity":"","overlay-gradient":""},"mobile":{"background-color":"","background-image":"","background-repeat":"repeat","background-position":"center center","background-size":"auto","background-attachment":"scroll","background-type":"","background-media":"","overlay-type":"","overlay-color":"","overlay-opacity":"","overlay-gradient":""}},"ast-content-background-meta":{"desktop":{"background-color":"var(--ast-global-color-5)","background-image":"","background-repeat":"repeat","background-position":"center center","background-size":"auto","background-attachment":"scroll","background-type":"","background-media":"","overlay-type":"","overlay-color":"","overlay-opacity":"","overlay-gradient":""},"tablet":{"background-color":"var(--ast-global-color-5)","background-image":"","background-repeat":"repeat","background-position":"center center","background-size":"auto","background-attachment":"scroll","background-type":"","background-media":"","overlay-type":"","overlay-color":"","overlay-opacity":"","overlay-gradient":""},"mobile":{"background-color":"var(--ast-global-color-5)","background-image":"","background-repeat":"repeat","background-position":"center center","background-size":"auto","background-attachment":"scroll","background-type":"","background-media":"","overlay-type":"","overlay-color":"","overlay-opacity":"","overlay-gradient":""}},"footnotes":""},"class_list":["post-3163","page","type-page","status-publish","has-post-thumbnail","hentry"],"acf":[],"yoast_head":"<!-- This site is optimized with the Yoast SEO plugin v27.1 - https:\/\/yoast.com\/product\/yoast-seo-wordpress\/ -->\n<title>Beratung und Schulung zu automatischen Vakuumverpackungssystemen<\/title>\n<meta name=\"robots\" content=\"index, follow, max-snippet:-1, max-image-preview:large, max-video-preview:-1\" \/>\n<link rel=\"canonical\" href=\"https:\/\/bmbpack.com\/consulenza-e-formazione\/\" \/>\n<meta property=\"og:locale\" content=\"de_DE\" \/>\n<meta property=\"og:type\" content=\"article\" \/>\n<meta property=\"og:title\" content=\"Beratung und Schulung zu automatischen Vakuumverpackungssystemen\" \/>\n<meta property=\"og:description\" content=\"Beratung Unser Ziel besteht darin, L\u00f6sungen anzubieten; daher gehen wir auf die Anforderungen unseren Kunden [&hellip;]\" \/>\n<meta property=\"og:url\" content=\"https:\/\/bmbpack.com\/consulenza-e-formazione\/\" \/>\n<meta property=\"og:site_name\" content=\"BMB Packaging\" \/>\n<meta property=\"article:modified_time\" content=\"2025-09-23T08:09:42+00:00\" \/>\n<meta property=\"og:image\" content=\"https:\/\/bmbpack.com\/wp-content\/uploads\/ConsulenzaFormazione_BMB.jpg\" \/>\n\t<meta property=\"og:image:width\" content=\"1500\" \/>\n\t<meta property=\"og:image:height\" content=\"658\" \/>\n\t<meta property=\"og:image:type\" content=\"image\/jpeg\" \/>\n<meta name=\"twitter:card\" content=\"summary_large_image\" \/>\n<meta name=\"twitter:label1\" content=\"Gesch\u00e4tzte Lesezeit\" \/>\n\t<meta name=\"twitter:data1\" content=\"1\u00a0Minute\" \/>\n<script type=\"application\/ld+json\" class=\"yoast-schema-graph\">{\"@context\":\"https:\/\/schema.org\",\"@graph\":[{\"@type\":\"WebPage\",\"@id\":\"https:\/\/bmbpack.com\/consulenza-e-formazione\/\",\"url\":\"https:\/\/bmbpack.com\/consulenza-e-formazione\/\",\"name\":\"Beratung und Schulung zu automatischen Vakuumverpackungssystemen\",\"isPartOf\":{\"@id\":\"https:\/\/bmbpack.com\/#website\"},\"primaryImageOfPage\":{\"@id\":\"https:\/\/bmbpack.com\/consulenza-e-formazione\/#primaryimage\"},\"image\":{\"@id\":\"https:\/\/bmbpack.com\/consulenza-e-formazione\/#primaryimage\"},\"thumbnailUrl\":\"https:\/\/bmbpack.com\/wp-content\/uploads\/ConsulenzaFormazione_BMB.jpg\",\"datePublished\":\"2021-07-21T10:19:56+00:00\",\"dateModified\":\"2025-09-23T08:09:42+00:00\",\"breadcrumb\":{\"@id\":\"https:\/\/bmbpack.com\/consulenza-e-formazione\/#breadcrumb\"},\"inLanguage\":\"de\",\"potentialAction\":[{\"@type\":\"ReadAction\",\"target\":[\"https:\/\/bmbpack.com\/consulenza-e-formazione\/\"]}]},{\"@type\":\"ImageObject\",\"inLanguage\":\"de\",\"@id\":\"https:\/\/bmbpack.com\/consulenza-e-formazione\/#primaryimage\",\"url\":\"https:\/\/bmbpack.com\/wp-content\/uploads\/ConsulenzaFormazione_BMB.jpg\",\"contentUrl\":\"https:\/\/bmbpack.com\/wp-content\/uploads\/ConsulenzaFormazione_BMB.jpg\",\"width\":1500,\"height\":658},{\"@type\":\"BreadcrumbList\",\"@id\":\"https:\/\/bmbpack.com\/consulenza-e-formazione\/#breadcrumb\",\"itemListElement\":[{\"@type\":\"ListItem\",\"position\":1,\"name\":\"Home\",\"item\":\"https:\/\/bmbpack.com\/de\/\"},{\"@type\":\"ListItem\",\"position\":2,\"name\":\"Beratung und Training\"}]},{\"@type\":\"WebSite\",\"@id\":\"https:\/\/bmbpack.com\/#website\",\"url\":\"https:\/\/bmbpack.com\/\",\"name\":\"BMB Packaging\",\"description\":\"Food Industrial Solutions\",\"publisher\":{\"@id\":\"https:\/\/bmbpack.com\/#organization\"},\"potentialAction\":[{\"@type\":\"SearchAction\",\"target\":{\"@type\":\"EntryPoint\",\"urlTemplate\":\"https:\/\/bmbpack.com\/?s={search_term_string}\"},\"query-input\":{\"@type\":\"PropertyValueSpecification\",\"valueRequired\":true,\"valueName\":\"search_term_string\"}}],\"inLanguage\":\"de\"},{\"@type\":\"Organization\",\"@id\":\"https:\/\/bmbpack.com\/#organization\",\"name\":\"BMB Packaging\",\"url\":\"https:\/\/bmbpack.com\/\",\"logo\":{\"@type\":\"ImageObject\",\"inLanguage\":\"de\",\"@id\":\"https:\/\/bmbpack.com\/#\/schema\/logo\/image\/\",\"url\":\"https:\/\/bmbpack.com\/wp-content\/uploads\/BMB_logotipo.svg\",\"contentUrl\":\"https:\/\/bmbpack.com\/wp-content\/uploads\/BMB_logotipo.svg\",\"width\":\"1024\",\"height\":\"1024\",\"caption\":\"BMB Packaging\"},\"image\":{\"@id\":\"https:\/\/bmbpack.com\/#\/schema\/logo\/image\/\"}}]}<\/script>\n<!-- \/ Yoast SEO plugin. -->","yoast_head_json":{"title":"Beratung und Schulung zu automatischen Vakuumverpackungssystemen","robots":{"index":"index","follow":"follow","max-snippet":"max-snippet:-1","max-image-preview":"max-image-preview:large","max-video-preview":"max-video-preview:-1"},"canonical":"https:\/\/bmbpack.com\/consulenza-e-formazione\/","og_locale":"de_DE","og_type":"article","og_title":"Beratung und Schulung zu automatischen Vakuumverpackungssystemen","og_description":"Beratung Unser Ziel besteht darin, L\u00f6sungen anzubieten; daher gehen wir auf die Anforderungen unseren Kunden [&hellip;]","og_url":"https:\/\/bmbpack.com\/consulenza-e-formazione\/","og_site_name":"BMB Packaging","article_modified_time":"2025-09-23T08:09:42+00:00","og_image":[{"width":1500,"height":658,"url":"https:\/\/bmbpack.com\/wp-content\/uploads\/ConsulenzaFormazione_BMB.jpg","type":"image\/jpeg"}],"twitter_card":"summary_large_image","twitter_misc":{"Gesch\u00e4tzte Lesezeit":"1\u00a0Minute"},"schema":{"@context":"https:\/\/schema.org","@graph":[{"@type":"WebPage","@id":"https:\/\/bmbpack.com\/consulenza-e-formazione\/","url":"https:\/\/bmbpack.com\/consulenza-e-formazione\/","name":"Beratung und Schulung zu automatischen Vakuumverpackungssystemen","isPartOf":{"@id":"https:\/\/bmbpack.com\/#website"},"primaryImageOfPage":{"@id":"https:\/\/bmbpack.com\/consulenza-e-formazione\/#primaryimage"},"image":{"@id":"https:\/\/bmbpack.com\/consulenza-e-formazione\/#primaryimage"},"thumbnailUrl":"https:\/\/bmbpack.com\/wp-content\/uploads\/ConsulenzaFormazione_BMB.jpg","datePublished":"2021-07-21T10:19:56+00:00","dateModified":"2025-09-23T08:09:42+00:00","breadcrumb":{"@id":"https:\/\/bmbpack.com\/consulenza-e-formazione\/#breadcrumb"},"inLanguage":"de","potentialAction":[{"@type":"ReadAction","target":["https:\/\/bmbpack.com\/consulenza-e-formazione\/"]}]},{"@type":"ImageObject","inLanguage":"de","@id":"https:\/\/bmbpack.com\/consulenza-e-formazione\/#primaryimage","url":"https:\/\/bmbpack.com\/wp-content\/uploads\/ConsulenzaFormazione_BMB.jpg","contentUrl":"https:\/\/bmbpack.com\/wp-content\/uploads\/ConsulenzaFormazione_BMB.jpg","width":1500,"height":658},{"@type":"BreadcrumbList","@id":"https:\/\/bmbpack.com\/consulenza-e-formazione\/#breadcrumb","itemListElement":[{"@type":"ListItem","position":1,"name":"Home","item":"https:\/\/bmbpack.com\/de\/"},{"@type":"ListItem","position":2,"name":"Beratung und Training"}]},{"@type":"WebSite","@id":"https:\/\/bmbpack.com\/#website","url":"https:\/\/bmbpack.com\/","name":"BMB Packaging","description":"Food Industrial Solutions","publisher":{"@id":"https:\/\/bmbpack.com\/#organization"},"potentialAction":[{"@type":"SearchAction","target":{"@type":"EntryPoint","urlTemplate":"https:\/\/bmbpack.com\/?s={search_term_string}"},"query-input":{"@type":"PropertyValueSpecification","valueRequired":true,"valueName":"search_term_string"}}],"inLanguage":"de"},{"@type":"Organization","@id":"https:\/\/bmbpack.com\/#organization","name":"BMB Packaging","url":"https:\/\/bmbpack.com\/","logo":{"@type":"ImageObject","inLanguage":"de","@id":"https:\/\/bmbpack.com\/#\/schema\/logo\/image\/","url":"https:\/\/bmbpack.com\/wp-content\/uploads\/BMB_logotipo.svg","contentUrl":"https:\/\/bmbpack.com\/wp-content\/uploads\/BMB_logotipo.svg","width":"1024","height":"1024","caption":"BMB Packaging"},"image":{"@id":"https:\/\/bmbpack.com\/#\/schema\/logo\/image\/"}}]}},"uagb_featured_image_src":{"full":["https:\/\/bmbpack.com\/wp-content\/uploads\/ConsulenzaFormazione_BMB.jpg",1500,658,false],"thumbnail":["https:\/\/bmbpack.com\/wp-content\/uploads\/ConsulenzaFormazione_BMB-150x150.jpg",150,150,true],"medium":["https:\/\/bmbpack.com\/wp-content\/uploads\/ConsulenzaFormazione_BMB-300x132.jpg",300,132,true],"medium_large":["https:\/\/bmbpack.com\/wp-content\/uploads\/ConsulenzaFormazione_BMB-768x337.jpg",768,337,true],"large":["https:\/\/bmbpack.com\/wp-content\/uploads\/ConsulenzaFormazione_BMB-1024x449.jpg",1024,449,true],"1536x1536":["https:\/\/bmbpack.com\/wp-content\/uploads\/ConsulenzaFormazione_BMB.jpg",1500,658,false],"2048x2048":["https:\/\/bmbpack.com\/wp-content\/uploads\/ConsulenzaFormazione_BMB.jpg",1500,658,false]},"uagb_author_info":{"display_name":"Visual","author_link":"https:\/\/bmbpack.com\/de\/author\/nextadmin\/"},"uagb_comment_info":0,"uagb_excerpt":"Beratung Unser Ziel besteht darin, L\u00f6sungen anzubieten; daher gehen wir auf die Anforderungen unseren Kunden [&hellip;]","publishpress_future_workflow_manual_trigger":{"enabledWorkflows":[]},"_links":{"self":[{"href":"https:\/\/bmbpack.com\/de\/wp-json\/wp\/v2\/pages\/3163","targetHints":{"allow":["GET"]}}],"collection":[{"href":"https:\/\/bmbpack.com\/de\/wp-json\/wp\/v2\/pages"}],"about":[{"href":"https:\/\/bmbpack.com\/de\/wp-json\/wp\/v2\/types\/page"}],"author":[{"embeddable":true,"href":"https:\/\/bmbpack.com\/de\/wp-json\/wp\/v2\/users\/1"}],"replies":[{"embeddable":true,"href":"https:\/\/bmbpack.com\/de\/wp-json\/wp\/v2\/comments?post=3163"}],"version-history":[{"count":3,"href":"https:\/\/bmbpack.com\/de\/wp-json\/wp\/v2\/pages\/3163\/revisions"}],"predecessor-version":[{"id":5946,"href":"https:\/\/bmbpack.com\/de\/wp-json\/wp\/v2\/pages\/3163\/revisions\/5946"}],"wp:featuredmedia":[{"embeddable":true,"href":"https:\/\/bmbpack.com\/de\/wp-json\/wp\/v2\/media\/1108"}],"wp:attachment":[{"href":"https:\/\/bmbpack.com\/de\/wp-json\/wp\/v2\/media?parent=3163"}],"curies":[{"name":"wp","href":"https:\/\/api.w.org\/{rel}","templated":true}]}}