{"id":3167,"date":"2021-04-28T07:46:08","date_gmt":"2021-04-28T07:46:08","guid":{"rendered":"https:\/\/bmbpack.com\/?page_id=3167"},"modified":"2023-01-20T13:54:44","modified_gmt":"2023-01-20T13:54:44","slug":"datenschutz-erklaerung-dsgvo","status":"publish","type":"page","link":"https:\/\/bmbpack.com\/de\/datenschutz-erklaerung-dsgvo\/","title":{"rendered":"Datenschutz-Erkl\u00e4rung \u2013 DSGVO"},"content":{"rendered":"\n<div style=\"height:40px\" aria-hidden=\"true\" class=\"wp-block-spacer\"><\/div>\n\n\n\n<h4 class=\"wp-block-heading\">ZUSCH\u00dcSSE UND \u00d6FFENTLICHE BEITR\u00c4GE&nbsp;<\/h4>\n\n\n\n<p>In \u00dcbereinstimmung mit den Bestimmungen vom Art. 1, \u00a7 125 bis \u00a7 129 des Gesetzes Nr. 124 vom 4 August 2017 und nachfolgende \u00c4nderungen und Erg\u00e4nzungen ver\u00f6ffentlichen wir die Liste der erhaltenen \u00f6ffentlichen Zuwendungen.<br>Im Laufe des Jahres 2020 sind folgende Beitr\u00e4ge eingegangen:<\/p>\n\n\n\n<ul class=\"wp-block-list\">\n<li>DL 34\/2020 Covid-Hilfe \u00fcber \u20ac 7.094<\/li>\n\n\n\n<li>Beitrag Reg. Veneto Programm 6468-2017 \u00fcber \u20ac 22.946<\/li>\n\n\n\n<li>F\u00f6rderung Invitalia f\u00fcr Internationalisierung-Gutscheine \u00fcber \u20ac 14.400<\/li>\n\n\n\n<li>Kredit f\u00fcr F&amp;E 2020 \u00fcber \u20ac 16.032<\/li>\n<\/ul>\n\n\n\n<p>Nel corso del 2021 sono stati ricevuti i seguenti contributi:<\/p>\n\n\n\n<ul class=\"wp-block-list\">\n<li>Credito per R&amp;S 2021 per 14.908,31 \u20ac ai sensi dell&#8217;articolo 1, commi da 198 a 209, della Legge 27 dicembre 2019, n. 160<\/li>\n<\/ul>\n\n\n\n<p>Offenlegungspflicht f\u00fcr \u00f6ffentliche Ausgaben: Staatliche Beihilfen und De-minimis-Beihilfen, die unser Unternehmen erhalten hat, sind im Nationalen Register f\u00fcr staatliche Beihilfen gem\u00e4\u00df Artikel 52 des Gesetzes 234\/2012 enthalten und unter folgender Adresse abrufbarlink:\u00a0<a href=\"https:\/\/www.rna.gov.it\/RegistroNazionaleTrasparenza\/faces\/pages\/TrasparenzaAiuto.jspx\">https:\/\/www.rna.gov.it\/RegistroNazionaleTrasparenza\/faces\/pages\/TrasparenzaAiuto.jspx<\/a><\/p>\n\n\n\n<div style=\"height:40px\" aria-hidden=\"true\" class=\"wp-block-spacer\"><\/div>\n\n\n\n<h4 class=\"wp-block-heading\"><strong><strong>Informationen gem. Art. 13 der Europ\u00e4ischen Verordnung 2016\/679<\/strong><\/strong><\/h4>\n\n\n\n<h5 class=\"wp-block-heading\"><strong>Zum Schutz personenbezogener Daten (\u201cDSGVO\u201d)<\/strong><\/h5>\n\n\n\n<p>Gem\u00e4\u00df und f\u00fcr die Zwecke der Bestimmungen von Art. 13 der Europ\u00e4ischen Verordnung 2016\/679 zum Schutz personenbezogener Daten (\u201eDSGVO\u201c) und der nationalen Datenschutzgesetzgebung informieren wir Sie, dass Ihre personenbezogenen Daten durch elektronische Tools, manuelle Tools und soziale Netzwerke in Italien und im Ausland verarbeitet werden. Diese Informationen, die nach dem Transparenzprinzip erstellt wurden und alle von der DSGVO geforderten Elemente enthalten, sind in einzelne Abschnitte unterteilt, die sich jeweils mit einem bestimmten Thema befassen, um sie schneller, einfacher und leichter lesbar zu machen. (nachfolgend die &#8222;Informationen\u201d).<\/p>\n\n\n\n<h4 class=\"wp-block-heading\">WER IST DER VERANTWORTLICHE F\u00dcR DIE DATENVERARBEITUNG?<\/h4>\n\n\n\n<p>Der Verantwortliche f\u00fcr die Datenverabeitung (nachfolgend \u201cVerantwortlicher\u201d) ist die Firma BMB s.r.l. mit Sitz in Via Del Lavoro, 48 \u2013 36034 Molina Di Malo (VI) Italy.<\/p>\n\n\n\n<h4 class=\"wp-block-heading\">DATA PROTECTION OFFICER &#8211; DATENSCHUTZBEAUFTRAGTER<\/h4>\n\n\n\n<p>Der Verantwortliche f\u00fcr die Datenverarbeitung hat keinen Datenschutzbeauftragten gem\u00e4\u00df Artikel 38 ernannt, Sie haben jedoch die M\u00f6glichkeit, sich in allen Angelegenheiten im Zusammenhang mit der Verarbeitung Ihrer personenbezogenen Daten und der Aus\u00fcbung der von der DSGVO vorgesehenen Rechte an die Datenschutzstelle unter folgendem Datenkontakt zu wenden:<\/p>\n\n\n\n<p>info@bmb-bmb.com<\/p>\n\n\n\n<h4 class=\"wp-block-heading\">WAS IST DIE RECHTSGRUNDLAGE DER DATENVERARBEITUNG?<\/h4>\n\n\n\n<p>Die Rechtsgrundlage f\u00fcr die Verarbeitung deiner personenbezogenen Daten ist:<\/p>\n\n\n\n<ul class=\"wp-block-list\">\n<li>Pflichten und vertragliche Verpflichtungen&nbsp;<\/li>\n\n\n\n<li>Gesetzliche Verpflichtungen;<\/li>\n\n\n\n<li>Kommerzielle Zustimmung und Nutzung des Dienstes&nbsp;<\/li>\n<\/ul>\n\n\n\n<h4 class=\"wp-block-heading\">F\u00dcR WELCHE ZWECKE WERDEN IHRE DATEN VERARBEITET?<\/h4>\n\n\n\n<p>a) Ihre personenbezogenen Daten werden zum Zwecke der Verwaltung des Dienstes und zur Erf\u00fcllung gesetzlicher Verpflichtungen verarbeitet:<\/p>\n\n\n\n<ul class=\"wp-block-list\">\n<li>Ausf\u00fchrung des Liefervertrages oder Lieferauftrages.<\/li>\n\n\n\n<li>Rechnungsstellung von f\u00e4lligen Betr\u00e4gen und allf\u00e4lligen Zusatzleistungen.<\/li>\n\n\n\n<li>Erf\u00fcllung aufsichtsrechtlicher Pflichten, einschlie\u00dflich Buchhaltungs-, Verwaltungs- und Steuerpflichten.<\/li>\n\n\n\n<li>Verwaltung von Beschwerden und Streitigkeiten.<\/li>\n\n\n\n<li>Betrugspr\u00e4vention und Verwaltung von Verz\u00f6gerungen oder vers\u00e4umten Zahlungen.<\/li>\n\n\n\n<li>Schutz und m\u00f6gliche Eintreibung von Krediten, direkt oder \u00fcber Dritte (Agenturen \/ Inkassounternehmen, Anwaltskanzleien), denen die f\u00fcr diese Zwecke erforderlichen Daten mitgeteilt werden.<\/li>\n\n\n\n<li>Kreditabtretung an authorisierte Unternehmen.<\/li>\n\n\n\n<li>Aufbewahrung und Nutzung von Abrechnungsdaten zur P\u00fcnktlichkeit von Zahlungen f\u00fcr Pr\u00e4mienpolicen und zur Ablehnung zuk\u00fcnftiger Vertragsbeziehungen.<\/li>\n\n\n\n<li>Berichterstattung und Qualit\u00e4tskontrolle.<\/li>\n\n\n\n<li>Technische Kommunikation: Kommunikation und\/oder Versand (per E-Mail, SMS, Benachrichtigungen, Post, telefonischer Kontakt usw.) von technischen Informationen und Materialien im Zusammenhang mit der Vertragsverwaltung und dem bestehenden Dienst.<\/li>\n<\/ul>\n\n\n\n<p>b) Dar\u00fcber hinaus werden Ihre personenbezogenen Daten mit Ihrer freiwilligen Zustimmung f\u00fcr folgende Zwecke verarbeitet: Kommerzielle Kommunikation: Kommunikation und \/ oder Versand (per E-Mail, SMS, Post, Benachrichtigungen, telefonischer Kontakt usw.), auch mit automatisierten Methoden von Informations- und Handelsangebote, Werbe- und Verkaufsf\u00f6rderungsmaterial \u00fcber eigene Dienste und\/oder auch die von Dritten. Veranstaltungskommunikation: Kommunikation und\/oder Versand (per E-Mail, SMS, Post, Benachrichtigungen, Telefonkontakt usw.), auch mit automatisierten Methoden von Material in Bezug auf Veranstaltungen, Seminare, Kongresse, die von uns direkt oder von Ditten organisiert werden.<\/p>\n\n\n\n<p>Die Bereitstellung und Erfassung Ihrer Daten ist zur Erreichung der unter Punkt a) genannten Zwecke erforderlich.<\/p>\n\n\n\n<p>Fehlende, bruchhafte oder fehlerhafte \u00dcbermittlung k\u00f6nnte dazu f\u00fchren, dass die Aktivierung und Bereitstellung des angeforderten Dienstes oder die Weiterverfolgung des Liefervertrags unm\u00f6glich wird.<\/p>\n\n\n\n<p>Dar\u00fcber hinaus ist die Bereitstellung und Erfassung Ihrer Daten f\u00fcr die unter Punkt b) genannten spezifischen Zwecke optional, aber jede Ablehnung macht es BMB srl unm\u00f6glich, Ihre Anfrage zu bearbeiten und Sie zu kontaktieren.<\/p>\n\n\n\n<p>In jedem Fall und wie nachfolgend genauer beschrieben, k\u00f6nnen Sie Ihre Einwilligung widerrufen, auch teilweise, indem Sie beispielsweise nur der Kommunikation \u00fcber Veranstaltungen und nichtkommerziellen Kommunikation zustimmen.<\/p>\n\n\n\n<h4 class=\"wp-block-heading\">AN WELCHE PERSONEN D\u00dcRFEN IHRE PERSONENBEZOGENEN DATEN MITGETEILT WERDEN?<\/h4>\n\n\n\n<p>Ihre personenbezogenen Daten werden ausschlie\u00dflich von zur Verarbeitung befugten Personen und von Personen, die gem\u00e4\u00df der DSGVO als Verantwortlicher benannt wurden, verarbeitet, um alle Verarbeitungst\u00e4tigkeiten, die zur Verfolgung der in dieser Erkl\u00e4rung genannten Zwecke erforderlich sind, korrekt durchzuf\u00fchren. Ihre personenbezogenen Daten k\u00f6nnen \u00f6ffentlichen Stellen oder der Justizbeh\u00f6rde offengelegt werden, wenn dies gesetzlich vorgeschrieben ist oder um die Begehung einer Straftat zu verhindern oder zu unterdr\u00fccken, und in jedem Fall:<\/p>\n\n\n\n<ul class=\"wp-block-list\">\n<li>der legitime Empf\u00e4nger von Mitteilungen ist, die gesetzlich oder durch Vorschriften vorgeschrieben sind (wie zum Beispiel \u00c4mter und \u00f6ffentliche Beh\u00f6rden);<\/li>\n\n\n\n<li>der Empf\u00e4nger von Mitteilungen, die zur Erf\u00fcllung der Verpflichtungen erforderlich sind, die sich aus dem Dienst und dem unterzeichneten Vertrag ergeben;<\/li>\n\n\n\n<li>Drittunternehmen, die auf die Verwaltung von Gesch\u00e4fts- und Kreditinformationen spezialisiert sind (wie zB Call Center, Rechenzentren, Banken usw.);<\/li>\n\n\n\n<li>Unternehmen und \/ oder Mitarbeiter f\u00fcr die Verwaltung von Verwaltungsdiensten, die zur Erf\u00fcllung ihrer gesetzlichen oder vertraglichen Verpflichtungen eingesetzt werden;<\/li>\n\n\n\n<li>andere Subjekte (Unternehmen, Gesellschaften, Einzelpersonen), die mit dem f\u00fcr die Datenverarbeitung Verantwortlichen im Zusammenhang mit den von ihm angebotenen Dienstleistungen und Lieferungen zusammenarbeiten.<\/li>\n<\/ul>\n\n\n\n<p>MINDERJ\u00c4HRIGE Es ist nicht vorgesehen, dass personenbezogene Daten von Minderj\u00e4hrigen unter 16 Jahren ohne vorherige Zustimmung des Inhabers der elterlichen Verantwortung verarbeitet werden.<\/p>\n\n\n\n<h4 class=\"wp-block-heading\">BERECHTIGTES INTERESSE DES VERANTWORTLICHEN<\/h4>\n\n\n\n<p>Der Verantwortliche hat ein berechtigtes Interesse daran, personenbezogene Daten zu administrativen, analytischen und internen Berichtszwecken an die Unternehmen innerhalb der Unternehmensstruktur zu \u00fcbermitteln.<\/p>\n\n\n\n<h4 class=\"wp-block-heading\">WIE LANGE WERDEN IHRE PERSONENBEZOGENEN DATEN VERARBEITET?<\/h4>\n\n\n\n<p>Ihre personenbezogenen Daten werden f\u00fcr den Zeitraum aufbewahrt, der zur Verfolgung der unter obigen Punkt a) genannten Zwecke erforderlich ist. Insbesondere werden Ihre personenbezogenen Daten f\u00fcr einen Zeitraum verarbeitet, der dem erforderlichen Minimum entspricht, d. h. bis zur Beendigung des Vertragsverh\u00e4ltnisses zwischen Ihnen und dem Datenverantwortlichen, unbeschadet einer weiteren Aufbewahrungsfrist, die gesetzlich vorgeschrieben sein kann.<\/p>\n\n\n\n<p>Sollten Sie sich au\u00dferdem entscheiden, Ihre optionale Einwilligung in Bezug auf die unter Punkt b) genannten kommerziellen Zwecke zu erteilen, werden Ihre Daten bis zu Ihrem ausdr\u00fccklichen Widerruf der Einwilligung aufbewahrt.<\/p>\n\n\n\n<p>Die freiwillig gelieferten Daten mit Lebensl\u00e4ufen werden nicht l\u00e4nger als zwei Jahre ab Erhalt aufbewahrt. Ihre Daten werden f\u00fcr einen weiteren Zeitraum in Bezug auf Beanstandungen und etwaige Rechtsstreitigkeiten aufbewahrt.<\/p>\n\n\n\n<h4 class=\"wp-block-heading\">WIE K\u00d6NNEN SIE DIE ERTEILTE EINWILLIGUNG WIDERRUFEN ?<\/h4>\n\n\n\n<p>Sie haben das Recht, Ihre dem Datenverantwortlichen erteilte Einwilligung jederzeit ganz und\/oder teilweise zu widerrufen, unbeschadet der Rechtm\u00e4\u00dfigkeit der Verarbeitung aufgrund der vor dem Widerruf erteilten Einwilligung. Um Ihre Einwilligung zu widerrufen, k\u00f6nnen Sie sich unter den in dieser Information ver\u00f6ffentlichten Adressen an den Datenverantwortlichen wenden.<\/p>\n\n\n\n<h4 class=\"wp-block-heading\">WO WERDEN IHRE PERSONENBEZOGENEN DATEN VERARBEITET?<\/h4>\n\n\n\n<p>Ihre personenbezogenen Daten werden vom Datenverantwortlichen innerhalb des Gebiets der Europ\u00e4ischen Union verarbeitet. Wenn es aus technischen und \/ oder betrieblichen Gr\u00fcnden erforderlich ist, auf au\u00dferhalb der Europ\u00e4ischen Union ans\u00e4ssige Subjekte zur\u00fcckzugreifen, informieren wir Sie hiermit, dass diese Subjekte als Datenverarbeiter gem\u00e4\u00df und f\u00fcr die Zwecke des Artikels 28 der DSGVO ernannt werden und die \u00dcbermittlung Ihrer personenbezogenen Daten an diese Personen, die auf die Durchf\u00fchrung bestimmter Verarbeitungst\u00e4tigkeiten beschr\u00e4nkt ist, wird durch einen spezifischen Auftragsvertrag gem\u00e4\u00df den Garantien und Schutzma\u00dfnahmen der DSGVO geregelt.<\/p>\n\n\n\n<p>Es werden alle notwendigen Vorkehrungen getroffen, um den vollst\u00e4ndigen Schutz Ihrer personenbezogenen Daten zu gew\u00e4hrleisten, basierend auf der Bewertung geeigneter Garantien, einschlie\u00dflich beispielsweise von der Europ\u00e4ischen Kommission zum Ausdruck gebrachter Angemessenheitsbeschl\u00fcsse der Empf\u00e4ngerdrittl\u00e4nder; angemessene Garantien des Drittempf\u00e4ngers gem\u00e4\u00df Artikel 46 der DSGVO.<\/p>\n\n\n\n<p>Sie k\u00f6nnen in jedem Fall weitere Einzelheiten vom Datenverantwortlichen anfordern, wenn Ihre personenbezogenen Daten au\u00dferhalb der Europ\u00e4ischen Union verarbeitet wurden, indem Sie einen Nachweis \u00fcber die getroffenen spezifischen Garantien anfordern.<\/p>\n\n\n\n<h4 class=\"wp-block-heading\">WELCHE SIND IHRE RECHTE?<\/h4>\n\n\n\n<p>Wir erinnern Sie daran, dass Sie Ihre Rechte gem\u00e4\u00df der DSGVO aus\u00fcben und insbesondere Folgendes erhalten k\u00f6nnen: \/<\/p>\n\n\n\n<ul class=\"wp-block-list\">\n<li>die Best\u00e4tigung, dass die Verarbeitung der Sie betreffenden personenbezogenen Daten im Gange ist und Zugang zu den Daten und den folgenden Informationen zu erhalten (Zwecke der Verarbeitung, Kategorien personenbezogener Daten, Empf\u00e4nger und\/oder Kategorien von Empf\u00e4ngern, an die die Daten weitergegeben wurden und\/oder werden, Aufbewahrungsfrist);<\/li>\n\n\n\n<li>die Berichtigung Ihrer unkorrekten personenbezogenen Daten und\/oder die Vervollst\u00e4ndigung unvollst\u00e4ndiger personenbezogener Daten, auch durch Abgabe einer erg\u00e4nzenden Erkl\u00e4rung;<\/li>\n\n\n\n<li>die L\u00f6schung personenbezogener Daten in den von der DSGVO vorgesehenen F\u00e4llen;<\/li>\n\n\n\n<li>die Einschr\u00e4nkung der Verarbeitung in den vom geltenden Datenschutzgesetz vorgesehenen F\u00e4llen;<\/li>\n<\/ul>\n\n\n\n<p>die Portabilit\u00e4t der Sie betreffenden Daten, sofern dies m\u00f6glich und sachbezogen zur erbrachten Dienstleistung ist, der jederzeitige Widerspruch gegen die Verarbeitung aus Gr\u00fcnden, die sich aus Ihrer besonderen Situation ergeben, der Verarbeitung personenbezogener Daten, die Sie betreffen, unter vollst\u00e4ndiger Einhaltung der geltenden Datenschutzgesetze.&nbsp;<\/p>\n\n\n\n<p>Sie k\u00f6nnen Ihre Rechte aus\u00fcben, indem Sie sich an die E-Mail-Adresse info@bmb-bmb.com wenden und eine Kopie Ihres Ausweises beif\u00fcgen.<\/p>\n\n\n\n<p>Sie haben in jedem Fall jederzeit das Recht, eine Beschwerde bei der zust\u00e4ndigen Aufsichtsbeh\u00f6rde (Garant f\u00fcr den Schutz personenbezogener Daten) gem\u00e4\u00df Art. 77 DSGVO, wenn Sie der Meinung sind, dass die Verarbeitung Ihrer Daten gegen geltendes Datenschutzrecht verst\u00f6\u00dft.<\/p>\n\n\n\n<div style=\"height:100px\" aria-hidden=\"true\" class=\"wp-block-spacer\"><\/div>\n","protected":false},"excerpt":{"rendered":"<p>ZUSCH\u00dcSSE UND \u00d6FFENTLICHE BEITR\u00c4GE&nbsp; In \u00dcbereinstimmung mit den Bestimmungen vom Art. 1, \u00a7 125 bis [&hellip;]<\/p>\n","protected":false},"author":1,"featured_media":0,"parent":0,"menu_order":0,"comment_status":"closed","ping_status":"open","template":"","meta":{"_acf_changed":false,"inline_featured_image":false,"_uag_custom_page_level_css":"","site-sidebar-layout":"default","site-content-layout":"default","ast-site-content-layout":"default","site-content-style":"default","site-sidebar-style":"default","ast-global-header-display":"","ast-banner-title-visibility":"","ast-main-header-display":"","ast-hfb-above-header-display":"","ast-hfb-below-header-display":"","ast-hfb-mobile-header-display":"","site-post-title":"","ast-breadcrumbs-content":"","ast-featured-img":"","footer-sml-layout":"","ast-disable-related-posts":"","theme-transparent-header-meta":"default","adv-header-id-meta":"","stick-header-meta":"","header-above-stick-meta":"","header-main-stick-meta":"","header-below-stick-meta":"","astra-migrate-meta-layouts":"default","ast-page-background-enabled":"default","ast-page-background-meta":{"desktop":{"background-color":"","background-image":"","background-repeat":"repeat","background-position":"center center","background-size":"auto","background-attachment":"scroll","background-type":"","background-media":"","overlay-type":"","overlay-color":"","overlay-opacity":"","overlay-gradient":""},"tablet":{"background-color":"","background-image":"","background-repeat":"repeat","background-position":"center center","background-size":"auto","background-attachment":"scroll","background-type":"","background-media":"","overlay-type":"","overlay-color":"","overlay-opacity":"","overlay-gradient":""},"mobile":{"background-color":"","background-image":"","background-repeat":"repeat","background-position":"center center","background-size":"auto","background-attachment":"scroll","background-type":"","background-media":"","overlay-type":"","overlay-color":"","overlay-opacity":"","overlay-gradient":""}},"ast-content-background-meta":{"desktop":{"background-color":"var(--ast-global-color-5)","background-image":"","background-repeat":"repeat","background-position":"center center","background-size":"auto","background-attachment":"scroll","background-type":"","background-media":"","overlay-type":"","overlay-color":"","overlay-opacity":"","overlay-gradient":""},"tablet":{"background-color":"var(--ast-global-color-5)","background-image":"","background-repeat":"repeat","background-position":"center center","background-size":"auto","background-attachment":"scroll","background-type":"","background-media":"","overlay-type":"","overlay-color":"","overlay-opacity":"","overlay-gradient":""},"mobile":{"background-color":"var(--ast-global-color-5)","background-image":"","background-repeat":"repeat","background-position":"center center","background-size":"auto","background-attachment":"scroll","background-type":"","background-media":"","overlay-type":"","overlay-color":"","overlay-opacity":"","overlay-gradient":""}},"footnotes":""},"class_list":["post-3167","page","type-page","status-publish","hentry"],"acf":[],"yoast_head":"<!-- This site is optimized with the Yoast SEO plugin v27.1 - https:\/\/yoast.com\/product\/yoast-seo-wordpress\/ -->\n<title>BMB Vacuum Packaging Solutions: Zusch\u00fcsse und \u00d6ffentliche Beitr\u00e4ge<\/title>\n<meta name=\"robots\" content=\"index, follow, max-snippet:-1, max-image-preview:large, max-video-preview:-1\" \/>\n<link rel=\"canonical\" href=\"https:\/\/bmbpack.com\/informativa-privacy\/\" \/>\n<meta property=\"og:locale\" content=\"de_DE\" \/>\n<meta property=\"og:type\" content=\"article\" \/>\n<meta property=\"og:title\" content=\"BMB Vacuum Packaging Solutions: Zusch\u00fcsse und \u00d6ffentliche Beitr\u00e4ge\" \/>\n<meta property=\"og:description\" content=\"ZUSCH\u00dcSSE UND \u00d6FFENTLICHE BEITR\u00c4GE&nbsp; In \u00dcbereinstimmung mit den Bestimmungen vom Art. 1, \u00a7 125 bis [&hellip;]\" \/>\n<meta property=\"og:url\" content=\"https:\/\/bmbpack.com\/informativa-privacy\/\" \/>\n<meta property=\"og:site_name\" content=\"BMB Packaging\" \/>\n<meta property=\"article:modified_time\" content=\"2023-01-20T13:54:44+00:00\" \/>\n<meta property=\"og:image\" content=\"https:\/\/bmbpack.com\/wp-content\/uploads\/BMB_banner.jpg\" \/>\n\t<meta property=\"og:image:width\" content=\"1500\" \/>\n\t<meta property=\"og:image:height\" content=\"913\" \/>\n\t<meta property=\"og:image:type\" content=\"image\/jpeg\" \/>\n<meta name=\"twitter:card\" content=\"summary_large_image\" \/>\n<meta name=\"twitter:label1\" content=\"Gesch\u00e4tzte Lesezeit\" \/>\n\t<meta name=\"twitter:data1\" content=\"8\u00a0Minuten\" \/>\n<script type=\"application\/ld+json\" class=\"yoast-schema-graph\">{\"@context\":\"https:\/\/schema.org\",\"@graph\":[{\"@type\":\"WebPage\",\"@id\":\"https:\/\/bmbpack.com\/informativa-privacy\/\",\"url\":\"https:\/\/bmbpack.com\/informativa-privacy\/\",\"name\":\"BMB Vacuum Packaging Solutions: Zusch\u00fcsse und \u00d6ffentliche Beitr\u00e4ge\",\"isPartOf\":{\"@id\":\"https:\/\/bmbpack.com\/#website\"},\"datePublished\":\"2021-04-28T07:46:08+00:00\",\"dateModified\":\"2023-01-20T13:54:44+00:00\",\"breadcrumb\":{\"@id\":\"https:\/\/bmbpack.com\/informativa-privacy\/#breadcrumb\"},\"inLanguage\":\"de\",\"potentialAction\":[{\"@type\":\"ReadAction\",\"target\":[\"https:\/\/bmbpack.com\/informativa-privacy\/\"]}]},{\"@type\":\"BreadcrumbList\",\"@id\":\"https:\/\/bmbpack.com\/informativa-privacy\/#breadcrumb\",\"itemListElement\":[{\"@type\":\"ListItem\",\"position\":1,\"name\":\"Home\",\"item\":\"https:\/\/bmbpack.com\/de\/\"},{\"@type\":\"ListItem\",\"position\":2,\"name\":\"Datenschutz-Erkl\u00e4rung \u2013 DSGVO\"}]},{\"@type\":\"WebSite\",\"@id\":\"https:\/\/bmbpack.com\/#website\",\"url\":\"https:\/\/bmbpack.com\/\",\"name\":\"BMB Packaging\",\"description\":\"Food Industrial Solutions\",\"publisher\":{\"@id\":\"https:\/\/bmbpack.com\/#organization\"},\"potentialAction\":[{\"@type\":\"SearchAction\",\"target\":{\"@type\":\"EntryPoint\",\"urlTemplate\":\"https:\/\/bmbpack.com\/?s={search_term_string}\"},\"query-input\":{\"@type\":\"PropertyValueSpecification\",\"valueRequired\":true,\"valueName\":\"search_term_string\"}}],\"inLanguage\":\"de\"},{\"@type\":\"Organization\",\"@id\":\"https:\/\/bmbpack.com\/#organization\",\"name\":\"BMB Packaging\",\"url\":\"https:\/\/bmbpack.com\/\",\"logo\":{\"@type\":\"ImageObject\",\"inLanguage\":\"de\",\"@id\":\"https:\/\/bmbpack.com\/#\/schema\/logo\/image\/\",\"url\":\"https:\/\/bmbpack.com\/wp-content\/uploads\/BMB_logotipo.svg\",\"contentUrl\":\"https:\/\/bmbpack.com\/wp-content\/uploads\/BMB_logotipo.svg\",\"width\":\"1024\",\"height\":\"1024\",\"caption\":\"BMB Packaging\"},\"image\":{\"@id\":\"https:\/\/bmbpack.com\/#\/schema\/logo\/image\/\"}}]}<\/script>\n<!-- \/ Yoast SEO plugin. -->","yoast_head_json":{"title":"BMB Vacuum Packaging Solutions: Zusch\u00fcsse und \u00d6ffentliche Beitr\u00e4ge","robots":{"index":"index","follow":"follow","max-snippet":"max-snippet:-1","max-image-preview":"max-image-preview:large","max-video-preview":"max-video-preview:-1"},"canonical":"https:\/\/bmbpack.com\/informativa-privacy\/","og_locale":"de_DE","og_type":"article","og_title":"BMB Vacuum Packaging Solutions: Zusch\u00fcsse und \u00d6ffentliche Beitr\u00e4ge","og_description":"ZUSCH\u00dcSSE UND \u00d6FFENTLICHE BEITR\u00c4GE&nbsp; In \u00dcbereinstimmung mit den Bestimmungen vom Art. 1, \u00a7 125 bis [&hellip;]","og_url":"https:\/\/bmbpack.com\/informativa-privacy\/","og_site_name":"BMB Packaging","article_modified_time":"2023-01-20T13:54:44+00:00","og_image":[{"width":1500,"height":913,"url":"https:\/\/bmbpack.com\/wp-content\/uploads\/BMB_banner.jpg","type":"image\/jpeg"}],"twitter_card":"summary_large_image","twitter_misc":{"Gesch\u00e4tzte Lesezeit":"8\u00a0Minuten"},"schema":{"@context":"https:\/\/schema.org","@graph":[{"@type":"WebPage","@id":"https:\/\/bmbpack.com\/informativa-privacy\/","url":"https:\/\/bmbpack.com\/informativa-privacy\/","name":"BMB Vacuum Packaging Solutions: Zusch\u00fcsse und \u00d6ffentliche Beitr\u00e4ge","isPartOf":{"@id":"https:\/\/bmbpack.com\/#website"},"datePublished":"2021-04-28T07:46:08+00:00","dateModified":"2023-01-20T13:54:44+00:00","breadcrumb":{"@id":"https:\/\/bmbpack.com\/informativa-privacy\/#breadcrumb"},"inLanguage":"de","potentialAction":[{"@type":"ReadAction","target":["https:\/\/bmbpack.com\/informativa-privacy\/"]}]},{"@type":"BreadcrumbList","@id":"https:\/\/bmbpack.com\/informativa-privacy\/#breadcrumb","itemListElement":[{"@type":"ListItem","position":1,"name":"Home","item":"https:\/\/bmbpack.com\/de\/"},{"@type":"ListItem","position":2,"name":"Datenschutz-Erkl\u00e4rung \u2013 DSGVO"}]},{"@type":"WebSite","@id":"https:\/\/bmbpack.com\/#website","url":"https:\/\/bmbpack.com\/","name":"BMB Packaging","description":"Food Industrial Solutions","publisher":{"@id":"https:\/\/bmbpack.com\/#organization"},"potentialAction":[{"@type":"SearchAction","target":{"@type":"EntryPoint","urlTemplate":"https:\/\/bmbpack.com\/?s={search_term_string}"},"query-input":{"@type":"PropertyValueSpecification","valueRequired":true,"valueName":"search_term_string"}}],"inLanguage":"de"},{"@type":"Organization","@id":"https:\/\/bmbpack.com\/#organization","name":"BMB Packaging","url":"https:\/\/bmbpack.com\/","logo":{"@type":"ImageObject","inLanguage":"de","@id":"https:\/\/bmbpack.com\/#\/schema\/logo\/image\/","url":"https:\/\/bmbpack.com\/wp-content\/uploads\/BMB_logotipo.svg","contentUrl":"https:\/\/bmbpack.com\/wp-content\/uploads\/BMB_logotipo.svg","width":"1024","height":"1024","caption":"BMB Packaging"},"image":{"@id":"https:\/\/bmbpack.com\/#\/schema\/logo\/image\/"}}]}},"uagb_featured_image_src":{"full":false,"thumbnail":false,"medium":false,"medium_large":false,"large":false,"1536x1536":false,"2048x2048":false},"uagb_author_info":{"display_name":"Visual","author_link":"https:\/\/bmbpack.com\/de\/author\/nextadmin\/"},"uagb_comment_info":0,"uagb_excerpt":"ZUSCH\u00dcSSE UND \u00d6FFENTLICHE BEITR\u00c4GE&nbsp; In \u00dcbereinstimmung mit den Bestimmungen vom Art. 1, \u00a7 125 bis [&hellip;]","publishpress_future_workflow_manual_trigger":{"enabledWorkflows":[]},"_links":{"self":[{"href":"https:\/\/bmbpack.com\/de\/wp-json\/wp\/v2\/pages\/3167","targetHints":{"allow":["GET"]}}],"collection":[{"href":"https:\/\/bmbpack.com\/de\/wp-json\/wp\/v2\/pages"}],"about":[{"href":"https:\/\/bmbpack.com\/de\/wp-json\/wp\/v2\/types\/page"}],"author":[{"embeddable":true,"href":"https:\/\/bmbpack.com\/de\/wp-json\/wp\/v2\/users\/1"}],"replies":[{"embeddable":true,"href":"https:\/\/bmbpack.com\/de\/wp-json\/wp\/v2\/comments?post=3167"}],"version-history":[{"count":2,"href":"https:\/\/bmbpack.com\/de\/wp-json\/wp\/v2\/pages\/3167\/revisions"}],"predecessor-version":[{"id":4036,"href":"https:\/\/bmbpack.com\/de\/wp-json\/wp\/v2\/pages\/3167\/revisions\/4036"}],"wp:attachment":[{"href":"https:\/\/bmbpack.com\/de\/wp-json\/wp\/v2\/media?parent=3167"}],"curies":[{"name":"wp","href":"https:\/\/api.w.org\/{rel}","templated":true}]}}