{"id":3173,"date":"2021-04-28T08:11:06","date_gmt":"2021-04-28T08:11:06","guid":{"rendered":"https:\/\/bmbpack.com\/?page_id=3173"},"modified":"2025-07-10T10:49:07","modified_gmt":"2025-07-10T10:49:07","slug":"branchen","status":"publish","type":"page","link":"https:\/\/bmbpack.com\/de\/branchen\/","title":{"rendered":"Branchen"},"content":{"rendered":"\n<div class=\"inherit-container-width wp-block-group is-layout-constrained wp-block-group-is-layout-constrained\"><div class=\"wp-block-group__inner-container\">\n<p>BMB liefert Vakuum- und modifizierter Atmosph\u00e4re Verpackungsmaschinen, Tray-Sealer, Tiefzieh-Verpackungsmaschinen und Schrumpfeinrichtungen f\u00fcr die Verpackung von unterschiedlichen Produkten.<\/p>\n\n\n\n<p>Unsere Verpackung bewahrt Hygiene, Qualit\u00e4t und Aussehen von Lebensmittel und Medizin-Produkte, die somit unversehrt \u00fcber die Zeit aufbewahrt werden.<br>Alle Lebensmittel verl\u00e4ngern ihre Haltbarkeit, wenn sie mit BMB Verpackungsmaschinen verpackt werden.<br>Die Vakuum-Verpackung sch\u00fctzt sicher auch alle Industrie- und Konsumg\u00fcter gegen Sauerstoff, Feuchtigkeit, Staub und andere Umwelteinfl\u00fcsse.<\/p>\n<\/div><\/div>\n\n\n\n<div class=\"wp-block-uagb-icon-list uagb-block-75178a93 uagb-icon-list__outer-wrap uagb-icon-list__layout-horizontal color-blue2 settori-icon-list\"><div class=\"uagb-icon-list__wrap\">\n<div class=\"wp-block-uagb-icon-list-child uagb-block-b776c5e2\"><a target=\"_self\" aria-label=\"LEBENSMITTEL\" rel=\"noopener noreferrer\" href=\"https:\/\/bmbpack.com\/de\/settori\/lebensmittel\/\"> <\/a><span class=\"uagb-icon-list__source-wrap\"><img decoding=\"async\" class=\"uagb-icon-list__source-image\" src=\"https:\/\/bmbpack.com\/wp-content\/uploads\/BMB_pizza.svg\" width=\"150\" height=\"150\" loading=\"lazy\" alt=\"\"\/><\/span><span class=\"uagb-icon-list__label\">LEBENSMITTEL<\/span><\/div>\n\n\n\n<div class=\"wp-block-uagb-icon-list-child uagb-block-9e1ebcb0\"><a target=\"_self\" aria-label=\"MEDIZIN UND PHARMA\" rel=\"noopener noreferrer\" href=\"https:\/\/bmbpack.com\/de\/anwendungen\/medizin-und-pharma\/\"> <\/a><span class=\"uagb-icon-list__source-wrap\"><img decoding=\"async\" class=\"uagb-icon-list__source-image\" src=\"https:\/\/bmbpack.com\/wp-content\/uploads\/BMB_pharma.svg\" width=\"150\" height=\"150\" loading=\"lazy\" alt=\"\"\/><\/span><span class=\"uagb-icon-list__label\">MEDIZIN UND PHARMA<\/span><\/div>\n\n\n\n<div class=\"wp-block-uagb-icon-list-child uagb-block-9d5be09d\"><a target=\"_self\" aria-label=\"TIERNAHRUNG\" rel=\"noopener noreferrer\" href=\"https:\/\/bmbpack.com\/de\/anwendungen\/tiernahrung\/\"> <\/a><span class=\"uagb-icon-list__source-wrap\"><img decoding=\"async\" class=\"uagb-icon-list__source-image\" src=\"https:\/\/bmbpack.com\/wp-content\/uploads\/BMB_petfood.svg\" width=\"150\" height=\"150\" loading=\"lazy\" alt=\"\"\/><\/span><span class=\"uagb-icon-list__label\">TIERNAHRUNG<\/span><\/div>\n\n\n\n<div class=\"wp-block-uagb-icon-list-child uagb-block-0fa1d9c2\"><a target=\"_self\" aria-label=\"INDUSTRIE- UND KONSUMG\u00dcTER\" rel=\"noopener noreferrer\" href=\"https:\/\/bmbpack.com\/de\/settori\/industrie-und-konsumgueter\/\"> <\/a><span class=\"uagb-icon-list__source-wrap\"><img decoding=\"async\" class=\"uagb-icon-list__source-image\" src=\"https:\/\/bmbpack.com\/wp-content\/uploads\/BMB_electronic.svg\" width=\"150\" height=\"150\" loading=\"lazy\" alt=\"\"\/><\/span><span class=\"uagb-icon-list__label\">INDUSTRIE- UND KONSUMG\u00dcTER<\/span><\/div>\n<\/div><\/div>\n\n\n\n<div class=\"inherit-container-width wp-block-group is-layout-constrained wp-block-group-is-layout-constrained\"><div class=\"wp-block-group__inner-container\">\n<div style=\"height:60px\" aria-hidden=\"true\" class=\"wp-block-spacer\"><\/div>\n<\/div><\/div>\n\n\n\n<div style=\"height:100px\" aria-hidden=\"true\" class=\"wp-block-spacer\"><\/div>\n","protected":false},"excerpt":{"rendered":"<p>BMB liefert Vakuum- und modifizierter Atmosph\u00e4re Verpackungsmaschinen, Tray-Sealer, Tiefzieh-Verpackungsmaschinen und Schrumpfeinrichtungen f\u00fcr die Verpackung von [&hellip;]<\/p>\n","protected":false},"author":1,"featured_media":1033,"parent":0,"menu_order":0,"comment_status":"closed","ping_status":"closed","template":"","meta":{"_acf_changed":false,"inline_featured_image":false,"_uag_custom_page_level_css":"","site-sidebar-layout":"default","site-content-layout":"default","ast-site-content-layout":"default","site-content-style":"default","site-sidebar-style":"default","ast-global-header-display":"","ast-banner-title-visibility":"","ast-main-header-display":"","ast-hfb-above-header-display":"","ast-hfb-below-header-display":"","ast-hfb-mobile-header-display":"","site-post-title":"","ast-breadcrumbs-content":"","ast-featured-img":"","footer-sml-layout":"","ast-disable-related-posts":"","theme-transparent-header-meta":"default","adv-header-id-meta":"","stick-header-meta":"","header-above-stick-meta":"","header-main-stick-meta":"","header-below-stick-meta":"","astra-migrate-meta-layouts":"set","ast-page-background-enabled":"default","ast-page-background-meta":{"desktop":{"background-color":"","background-image":"","background-repeat":"repeat","background-position":"center center","background-size":"auto","background-attachment":"scroll","background-type":"","background-media":"","overlay-type":"","overlay-color":"","overlay-opacity":"","overlay-gradient":""},"tablet":{"background-color":"","background-image":"","background-repeat":"repeat","background-position":"center center","background-size":"auto","background-attachment":"scroll","background-type":"","background-media":"","overlay-type":"","overlay-color":"","overlay-opacity":"","overlay-gradient":""},"mobile":{"background-color":"","background-image":"","background-repeat":"repeat","background-position":"center center","background-size":"auto","background-attachment":"scroll","background-type":"","background-media":"","overlay-type":"","overlay-color":"","overlay-opacity":"","overlay-gradient":""}},"ast-content-background-meta":{"desktop":{"background-color":"var(--ast-global-color-5)","background-image":"","background-repeat":"repeat","background-position":"center center","background-size":"auto","background-attachment":"scroll","background-type":"","background-media":"","overlay-type":"","overlay-color":"","overlay-opacity":"","overlay-gradient":""},"tablet":{"background-color":"var(--ast-global-color-5)","background-image":"","background-repeat":"repeat","background-position":"center center","background-size":"auto","background-attachment":"scroll","background-type":"","background-media":"","overlay-type":"","overlay-color":"","overlay-opacity":"","overlay-gradient":""},"mobile":{"background-color":"var(--ast-global-color-5)","background-image":"","background-repeat":"repeat","background-position":"center center","background-size":"auto","background-attachment":"scroll","background-type":"","background-media":"","overlay-type":"","overlay-color":"","overlay-opacity":"","overlay-gradient":""}},"footnotes":""},"class_list":["post-3173","page","type-page","status-publish","has-post-thumbnail","hentry"],"acf":[],"yoast_head":"<!-- This site is optimized with the Yoast SEO plugin v27.1 - https:\/\/yoast.com\/product\/yoast-seo-wordpress\/ -->\n<title>BMB liefert Vakuum- und modifizierter Atmosph\u00e4re Verpackungsmaschinen<\/title>\n<meta name=\"robots\" content=\"index, follow, max-snippet:-1, max-image-preview:large, max-video-preview:-1\" \/>\n<link rel=\"canonical\" href=\"https:\/\/bmbpack.com\/settori\/\" \/>\n<meta property=\"og:locale\" content=\"de_DE\" \/>\n<meta property=\"og:type\" content=\"article\" \/>\n<meta property=\"og:title\" content=\"BMB liefert Vakuum- und modifizierter Atmosph\u00e4re Verpackungsmaschinen\" \/>\n<meta property=\"og:description\" content=\"BMB liefert Vakuum- und modifizierter Atmosph\u00e4re Verpackungsmaschinen, Tray-Sealer, Tiefzieh-Verpackungsmaschinen und Schrumpfeinrichtungen f\u00fcr die Verpackung von [&hellip;]\" \/>\n<meta property=\"og:url\" content=\"https:\/\/bmbpack.com\/settori\/\" \/>\n<meta property=\"og:site_name\" content=\"BMB Packaging\" \/>\n<meta property=\"article:modified_time\" content=\"2025-07-10T10:49:07+00:00\" \/>\n<meta property=\"og:image\" content=\"https:\/\/bmbpack.com\/wp-content\/uploads\/shutterstock_1050163757.jpg\" \/>\n\t<meta property=\"og:image:width\" content=\"1200\" \/>\n\t<meta property=\"og:image:height\" content=\"800\" \/>\n\t<meta property=\"og:image:type\" content=\"image\/jpeg\" \/>\n<meta name=\"twitter:card\" content=\"summary_large_image\" \/>\n<meta name=\"twitter:label1\" content=\"Gesch\u00e4tzte Lesezeit\" \/>\n\t<meta name=\"twitter:data1\" content=\"2\u00a0Minuten\" \/>\n<script type=\"application\/ld+json\" class=\"yoast-schema-graph\">{\"@context\":\"https:\/\/schema.org\",\"@graph\":[{\"@type\":\"WebPage\",\"@id\":\"https:\/\/bmbpack.com\/settori\/\",\"url\":\"https:\/\/bmbpack.com\/settori\/\",\"name\":\"BMB liefert Vakuum- und modifizierter Atmosph\u00e4re Verpackungsmaschinen\",\"isPartOf\":{\"@id\":\"https:\/\/bmbpack.com\/#website\"},\"primaryImageOfPage\":{\"@id\":\"https:\/\/bmbpack.com\/settori\/#primaryimage\"},\"image\":{\"@id\":\"https:\/\/bmbpack.com\/settori\/#primaryimage\"},\"thumbnailUrl\":\"https:\/\/bmbpack.com\/wp-content\/uploads\/shutterstock_1050163757.jpg\",\"datePublished\":\"2021-04-28T08:11:06+00:00\",\"dateModified\":\"2025-07-10T10:49:07+00:00\",\"breadcrumb\":{\"@id\":\"https:\/\/bmbpack.com\/settori\/#breadcrumb\"},\"inLanguage\":\"de\",\"potentialAction\":[{\"@type\":\"ReadAction\",\"target\":[\"https:\/\/bmbpack.com\/settori\/\"]}]},{\"@type\":\"ImageObject\",\"inLanguage\":\"de\",\"@id\":\"https:\/\/bmbpack.com\/settori\/#primaryimage\",\"url\":\"https:\/\/bmbpack.com\/wp-content\/uploads\/shutterstock_1050163757.jpg\",\"contentUrl\":\"https:\/\/bmbpack.com\/wp-content\/uploads\/shutterstock_1050163757.jpg\",\"width\":1200,\"height\":800},{\"@type\":\"BreadcrumbList\",\"@id\":\"https:\/\/bmbpack.com\/settori\/#breadcrumb\",\"itemListElement\":[{\"@type\":\"ListItem\",\"position\":1,\"name\":\"Home\",\"item\":\"https:\/\/bmbpack.com\/de\/\"},{\"@type\":\"ListItem\",\"position\":2,\"name\":\"Branchen\"}]},{\"@type\":\"WebSite\",\"@id\":\"https:\/\/bmbpack.com\/#website\",\"url\":\"https:\/\/bmbpack.com\/\",\"name\":\"BMB Packaging\",\"description\":\"Food Industrial Solutions\",\"publisher\":{\"@id\":\"https:\/\/bmbpack.com\/#organization\"},\"potentialAction\":[{\"@type\":\"SearchAction\",\"target\":{\"@type\":\"EntryPoint\",\"urlTemplate\":\"https:\/\/bmbpack.com\/?s={search_term_string}\"},\"query-input\":{\"@type\":\"PropertyValueSpecification\",\"valueRequired\":true,\"valueName\":\"search_term_string\"}}],\"inLanguage\":\"de\"},{\"@type\":\"Organization\",\"@id\":\"https:\/\/bmbpack.com\/#organization\",\"name\":\"BMB Packaging\",\"url\":\"https:\/\/bmbpack.com\/\",\"logo\":{\"@type\":\"ImageObject\",\"inLanguage\":\"de\",\"@id\":\"https:\/\/bmbpack.com\/#\/schema\/logo\/image\/\",\"url\":\"https:\/\/bmbpack.com\/wp-content\/uploads\/BMB_logotipo.svg\",\"contentUrl\":\"https:\/\/bmbpack.com\/wp-content\/uploads\/BMB_logotipo.svg\",\"width\":\"1024\",\"height\":\"1024\",\"caption\":\"BMB Packaging\"},\"image\":{\"@id\":\"https:\/\/bmbpack.com\/#\/schema\/logo\/image\/\"}}]}<\/script>\n<!-- \/ Yoast SEO plugin. -->","yoast_head_json":{"title":"BMB liefert Vakuum- und modifizierter Atmosph\u00e4re Verpackungsmaschinen","robots":{"index":"index","follow":"follow","max-snippet":"max-snippet:-1","max-image-preview":"max-image-preview:large","max-video-preview":"max-video-preview:-1"},"canonical":"https:\/\/bmbpack.com\/settori\/","og_locale":"de_DE","og_type":"article","og_title":"BMB liefert Vakuum- und modifizierter Atmosph\u00e4re Verpackungsmaschinen","og_description":"BMB liefert Vakuum- und modifizierter Atmosph\u00e4re Verpackungsmaschinen, Tray-Sealer, Tiefzieh-Verpackungsmaschinen und Schrumpfeinrichtungen f\u00fcr die Verpackung von [&hellip;]","og_url":"https:\/\/bmbpack.com\/settori\/","og_site_name":"BMB Packaging","article_modified_time":"2025-07-10T10:49:07+00:00","og_image":[{"width":1200,"height":800,"url":"https:\/\/bmbpack.com\/wp-content\/uploads\/shutterstock_1050163757.jpg","type":"image\/jpeg"}],"twitter_card":"summary_large_image","twitter_misc":{"Gesch\u00e4tzte Lesezeit":"2\u00a0Minuten"},"schema":{"@context":"https:\/\/schema.org","@graph":[{"@type":"WebPage","@id":"https:\/\/bmbpack.com\/settori\/","url":"https:\/\/bmbpack.com\/settori\/","name":"BMB liefert Vakuum- und modifizierter Atmosph\u00e4re Verpackungsmaschinen","isPartOf":{"@id":"https:\/\/bmbpack.com\/#website"},"primaryImageOfPage":{"@id":"https:\/\/bmbpack.com\/settori\/#primaryimage"},"image":{"@id":"https:\/\/bmbpack.com\/settori\/#primaryimage"},"thumbnailUrl":"https:\/\/bmbpack.com\/wp-content\/uploads\/shutterstock_1050163757.jpg","datePublished":"2021-04-28T08:11:06+00:00","dateModified":"2025-07-10T10:49:07+00:00","breadcrumb":{"@id":"https:\/\/bmbpack.com\/settori\/#breadcrumb"},"inLanguage":"de","potentialAction":[{"@type":"ReadAction","target":["https:\/\/bmbpack.com\/settori\/"]}]},{"@type":"ImageObject","inLanguage":"de","@id":"https:\/\/bmbpack.com\/settori\/#primaryimage","url":"https:\/\/bmbpack.com\/wp-content\/uploads\/shutterstock_1050163757.jpg","contentUrl":"https:\/\/bmbpack.com\/wp-content\/uploads\/shutterstock_1050163757.jpg","width":1200,"height":800},{"@type":"BreadcrumbList","@id":"https:\/\/bmbpack.com\/settori\/#breadcrumb","itemListElement":[{"@type":"ListItem","position":1,"name":"Home","item":"https:\/\/bmbpack.com\/de\/"},{"@type":"ListItem","position":2,"name":"Branchen"}]},{"@type":"WebSite","@id":"https:\/\/bmbpack.com\/#website","url":"https:\/\/bmbpack.com\/","name":"BMB Packaging","description":"Food Industrial Solutions","publisher":{"@id":"https:\/\/bmbpack.com\/#organization"},"potentialAction":[{"@type":"SearchAction","target":{"@type":"EntryPoint","urlTemplate":"https:\/\/bmbpack.com\/?s={search_term_string}"},"query-input":{"@type":"PropertyValueSpecification","valueRequired":true,"valueName":"search_term_string"}}],"inLanguage":"de"},{"@type":"Organization","@id":"https:\/\/bmbpack.com\/#organization","name":"BMB Packaging","url":"https:\/\/bmbpack.com\/","logo":{"@type":"ImageObject","inLanguage":"de","@id":"https:\/\/bmbpack.com\/#\/schema\/logo\/image\/","url":"https:\/\/bmbpack.com\/wp-content\/uploads\/BMB_logotipo.svg","contentUrl":"https:\/\/bmbpack.com\/wp-content\/uploads\/BMB_logotipo.svg","width":"1024","height":"1024","caption":"BMB Packaging"},"image":{"@id":"https:\/\/bmbpack.com\/#\/schema\/logo\/image\/"}}]}},"uagb_featured_image_src":{"full":["https:\/\/bmbpack.com\/wp-content\/uploads\/shutterstock_1050163757.jpg",1200,800,false],"thumbnail":["https:\/\/bmbpack.com\/wp-content\/uploads\/shutterstock_1050163757-150x150.jpg",150,150,true],"medium":["https:\/\/bmbpack.com\/wp-content\/uploads\/shutterstock_1050163757-300x200.jpg",300,200,true],"medium_large":["https:\/\/bmbpack.com\/wp-content\/uploads\/shutterstock_1050163757-768x512.jpg",768,512,true],"large":["https:\/\/bmbpack.com\/wp-content\/uploads\/shutterstock_1050163757-1024x683.jpg",1024,683,true],"1536x1536":["https:\/\/bmbpack.com\/wp-content\/uploads\/shutterstock_1050163757.jpg",1200,800,false],"2048x2048":["https:\/\/bmbpack.com\/wp-content\/uploads\/shutterstock_1050163757.jpg",1200,800,false]},"uagb_author_info":{"display_name":"Visual","author_link":"https:\/\/bmbpack.com\/de\/author\/nextadmin\/"},"uagb_comment_info":0,"uagb_excerpt":"BMB liefert Vakuum- und modifizierter Atmosph\u00e4re Verpackungsmaschinen, Tray-Sealer, Tiefzieh-Verpackungsmaschinen und Schrumpfeinrichtungen f\u00fcr die Verpackung von [&hellip;]","publishpress_future_workflow_manual_trigger":{"enabledWorkflows":[]},"_links":{"self":[{"href":"https:\/\/bmbpack.com\/de\/wp-json\/wp\/v2\/pages\/3173","targetHints":{"allow":["GET"]}}],"collection":[{"href":"https:\/\/bmbpack.com\/de\/wp-json\/wp\/v2\/pages"}],"about":[{"href":"https:\/\/bmbpack.com\/de\/wp-json\/wp\/v2\/types\/page"}],"author":[{"embeddable":true,"href":"https:\/\/bmbpack.com\/de\/wp-json\/wp\/v2\/users\/1"}],"replies":[{"embeddable":true,"href":"https:\/\/bmbpack.com\/de\/wp-json\/wp\/v2\/comments?post=3173"}],"version-history":[{"count":4,"href":"https:\/\/bmbpack.com\/de\/wp-json\/wp\/v2\/pages\/3173\/revisions"}],"predecessor-version":[{"id":5493,"href":"https:\/\/bmbpack.com\/de\/wp-json\/wp\/v2\/pages\/3173\/revisions\/5493"}],"wp:featuredmedia":[{"embeddable":true,"href":"https:\/\/bmbpack.com\/de\/wp-json\/wp\/v2\/media\/1033"}],"wp:attachment":[{"href":"https:\/\/bmbpack.com\/de\/wp-json\/wp\/v2\/media?parent=3173"}],"curies":[{"name":"wp","href":"https:\/\/api.w.org\/{rel}","templated":true}]}}