{"id":3567,"date":"2021-07-21T10:22:18","date_gmt":"2021-07-21T10:22:18","guid":{"rendered":"https:\/\/bmbpack.com\/pre-and-after-sales\/"},"modified":"2025-09-23T08:11:41","modified_gmt":"2025-09-23T08:11:41","slug":"pre-post-venta","status":"publish","type":"page","link":"https:\/\/bmbpack.com\/es\/pre-post-venta\/","title":{"rendered":"Pre y Postventa"},"content":{"rendered":"\n<div style=\"height:100px\" aria-hidden=\"true\" class=\"wp-block-spacer\"><\/div>\n\n\n\n<div class=\"wp-block-columns is-layout-flex wp-container-core-columns-is-layout-28f84493 wp-block-columns-is-layout-flex\">\n<div class=\"wp-block-column is-layout-flow wp-block-column-is-layout-flow\">\n<h2 class=\"wp-block-heading h2\"><strong><strong>Instalaci\u00f3n<\/strong><\/strong><\/h2>\n\n\n\n<p>Antes de la entrega, cada m\u00e1quina se prueba al 100% para confirmar la soluci\u00f3n t\u00e9cnica propuesta, los materiales de envasado y el rendimiento.<\/p>\n\n\n\n<p>Consideramos la puesta en marcha como una extensi\u00f3n de la producci\u00f3n, que debe realizarse con la misma meticulosidad y atenci\u00f3n al detalle: por eso, las instalaciones tambi\u00e9n son gestionadas por personal de BMB capacitado, competente y fiable. Este enfoque completa el suministro y permite que las m\u00e1quinas ofrezcan el m\u00e1ximo de sus prestaciones.<\/p>\n\n\n\n<p>Disponemos de sistemas de conexi\u00f3n remota con acceso directo a nuestras m\u00e1quinas para ofrecer soporte t\u00e9cnico a nuestros socios en todo el mundo directamente desde nuestros puestos de trabajo.<\/p>\n<\/div>\n\n\n\n<div class=\"wp-block-column is-vertically-aligned-center is-layout-flow wp-block-column-is-layout-flow\">\n<figure class=\"wp-block-image size-large\"><img loading=\"lazy\" decoding=\"async\" width=\"1024\" height=\"819\" src=\"https:\/\/bmbpack.com\/wp-content\/uploads\/bg-2-1024x819.jpg\" alt=\"\" class=\"wp-image-1179\" srcset=\"https:\/\/bmbpack.com\/wp-content\/uploads\/bg-2-1024x819.jpg 1024w, https:\/\/bmbpack.com\/wp-content\/uploads\/bg-2-300x240.jpg 300w, https:\/\/bmbpack.com\/wp-content\/uploads\/bg-2-768x614.jpg 768w, https:\/\/bmbpack.com\/wp-content\/uploads\/bg-2.jpg 1350w\" sizes=\"auto, (max-width: 1024px) 100vw, 1024px\" \/><\/figure>\n<\/div>\n<\/div>\n\n\n\n<div class=\"wp-block-columns is-layout-flex wp-container-core-columns-is-layout-28f84493 wp-block-columns-is-layout-flex\">\n<div class=\"wp-block-column is-vertically-aligned-center is-layout-flow wp-block-column-is-layout-flow\">\n<figure class=\"wp-block-image aligncenter size-large\"><img loading=\"lazy\" decoding=\"async\" width=\"1024\" height=\"819\" src=\"https:\/\/bmbpack.com\/wp-content\/uploads\/BMB_manutenzione-1024x819.jpg\" alt=\"\" class=\"wp-image-1276\" srcset=\"https:\/\/bmbpack.com\/wp-content\/uploads\/BMB_manutenzione-1024x819.jpg 1024w, https:\/\/bmbpack.com\/wp-content\/uploads\/BMB_manutenzione-300x240.jpg 300w, https:\/\/bmbpack.com\/wp-content\/uploads\/BMB_manutenzione-768x614.jpg 768w, https:\/\/bmbpack.com\/wp-content\/uploads\/BMB_manutenzione.jpg 1350w\" sizes=\"auto, (max-width: 1024px) 100vw, 1024px\" \/><\/figure>\n<\/div>\n\n\n\n<div class=\"wp-block-column is-layout-flow wp-block-column-is-layout-flow\">\n<h2 class=\"wp-block-heading\"><strong>Mantenimiento<\/strong><\/h2>\n\n\n\n<p>El buen funcionamiento de las m\u00e1quinas a lo largo del tiempo depende de la calidad del mantenimiento; por ello, nos comprometemos a acompa\u00f1ar al cliente, ofreci\u00e9ndole asistencia y valorizando la inversi\u00f3n realizada al elegir nuestros productos.<\/p>\n\n\n\n<p>Ofrecemos a nuestros clientes mantenimiento ordinario y extraordinario de las m\u00e1quinas, bombas e instalaciones de aspiraci\u00f3n al vac\u00edo.<\/p>\n\n\n\n<p>Es posible crear paquetes personalizados de mantenimiento preventivo programado, en los que, de com\u00fan acuerdo con el cliente, se establecen las fechas y la frecuencia de las intervenciones.<br>De este modo, el cliente se libera de la preocupaci\u00f3n del mantenimiento y de las paradas inesperadas, ya que las m\u00e1quinas son monitorizadas peri\u00f3dicamente directamente por el personal de BMB.<\/p>\n<\/div>\n<\/div>\n\n\n\n<div class=\"wp-block-columns is-layout-flex wp-container-core-columns-is-layout-28f84493 wp-block-columns-is-layout-flex\">\n<div class=\"wp-block-column is-layout-flow wp-block-column-is-layout-flow\">\n<h3 class=\"wp-block-heading h2\"><strong>Asistencia<\/strong><\/h3>\n\n\n\n<p>BMB se encarga del servicio postventa tanto de forma presencial, a trav\u00e9s de sus t\u00e9cnicos internos y socios comerciales, como a distancia. Nuestro centro de asistencia ofrece soporte t\u00e9cnico tambi\u00e9n para diagn\u00f3stico remoto: nuestras m\u00e1quinas est\u00e1n equipadas con las m\u00e1s modernas tecnolog\u00edas de la Industria 4.0, que permiten monitorizar, mediante conexiones privadas y seguras, el estado de la m\u00e1quina desde cualquier parte del mundo y en cualquier momento, o recibir directamente en su tel\u00e9fono mensajes informativos sobre las condiciones operativas de la m\u00e1quina.<\/p>\n\n\n\n<p>La delicada fase de la asistencia debe confirmar que la elecci\u00f3n de nuestros productos ha sido acertada, y trabajamos con todas nuestras fuerzas para mejorar la fiabilidad de las m\u00e1quinas, intentando prevenir cualquier incidencia, ya que conocemos bien el coste de un imprevisto.<\/p>\n\n\n\n<p>En caso de que nuestro cliente experimente un problema, nuestros t\u00e9cnicos cualificados est\u00e1n siempre preparados y atentos para ofrecer la mejor soluci\u00f3n en el menor tiempo posible; intervenimos de inmediato para garantizar la plena eficiencia del sistema, de la cual depende su \u00e9xito.<\/p>\n<\/div>\n\n\n\n<div class=\"wp-block-column is-vertically-aligned-center is-layout-flow wp-block-column-is-layout-flow\">\n<figure class=\"wp-block-image size-large\"><img loading=\"lazy\" decoding=\"async\" width=\"1024\" height=\"819\" src=\"https:\/\/bmbpack.com\/wp-content\/uploads\/Assistance_BMB-1024x819.jpg\" alt=\"\" class=\"wp-image-1202\" srcset=\"https:\/\/bmbpack.com\/wp-content\/uploads\/Assistance_BMB-1024x819.jpg 1024w, https:\/\/bmbpack.com\/wp-content\/uploads\/Assistance_BMB-300x240.jpg 300w, https:\/\/bmbpack.com\/wp-content\/uploads\/Assistance_BMB-768x614.jpg 768w, https:\/\/bmbpack.com\/wp-content\/uploads\/Assistance_BMB.jpg 1350w\" sizes=\"auto, (max-width: 1024px) 100vw, 1024px\" \/><\/figure>\n<\/div>\n<\/div>\n\n\n\n<div class=\"wp-block-columns is-layout-flex wp-container-core-columns-is-layout-28f84493 wp-block-columns-is-layout-flex\">\n<div class=\"wp-block-column is-vertically-aligned-center is-layout-flow wp-block-column-is-layout-flow\">\n<figure class=\"wp-block-image aligncenter size-large\"><img loading=\"lazy\" decoding=\"async\" width=\"1024\" height=\"819\" src=\"https:\/\/bmbpack.com\/wp-content\/uploads\/BMB_Ricambi-1024x819.jpg\" alt=\"\" class=\"wp-image-1279\" srcset=\"https:\/\/bmbpack.com\/wp-content\/uploads\/BMB_Ricambi-1024x819.jpg 1024w, https:\/\/bmbpack.com\/wp-content\/uploads\/BMB_Ricambi-300x240.jpg 300w, https:\/\/bmbpack.com\/wp-content\/uploads\/BMB_Ricambi-768x614.jpg 768w, https:\/\/bmbpack.com\/wp-content\/uploads\/BMB_Ricambi.jpg 1350w\" sizes=\"auto, (max-width: 1024px) 100vw, 1024px\" \/><\/figure>\n\n\n\n<p><\/p>\n<\/div>\n\n\n\n<div class=\"wp-block-column is-vertically-aligned-center is-layout-flow wp-block-column-is-layout-flow\">\n<h3 class=\"wp-block-heading h2\"><strong>Repuestos y Consumibles<\/strong><\/h3>\n\n\n\n<p>Todos los componentes de los productos BMB est\u00e1n catalogados con c\u00f3digos y descripciones, y se proporciona una lista de los mismos en formato impreso y digital al momento de la compra para facilitar su identificaci\u00f3n por parte del usuario.<br>La red de distribuidores BMB est\u00e1 capacitada para identificar y pedir con rapidez todas las piezas de repuesto.<\/p>\n\n\n\n<p>Nuestros t\u00e9cnicos est\u00e1n altamente formados y cualificados para brindarle asistencia durante la fase de compra y sustituci\u00f3n de las piezas, ofreciendo tambi\u00e9n servicios de entrega expr\u00e9s directamente en el lugar de uso.<\/p>\n\n\n\n<p>Nuestra experiencia no se limita a los equipos y repuestos, sino que se expresa tambi\u00e9n a trav\u00e9s de una propuesta completa de films, bolsas, bandejas y materiales pl\u00e1sticos para el envasado.<\/p>\n<\/div>\n<\/div>\n\n\n\n<div style=\"height:100px\" aria-hidden=\"true\" class=\"wp-block-spacer\"><\/div>\n","protected":false},"excerpt":{"rendered":"<p>Instalaci\u00f3n Antes de la entrega, cada m\u00e1quina se prueba al 100% para confirmar la soluci\u00f3n [&hellip;]<\/p>\n","protected":false},"author":1,"featured_media":0,"parent":0,"menu_order":0,"comment_status":"closed","ping_status":"closed","template":"","meta":{"_acf_changed":false,"inline_featured_image":false,"_uag_custom_page_level_css":"","site-sidebar-layout":"default","site-content-layout":"default","ast-site-content-layout":"default","site-content-style":"default","site-sidebar-style":"default","ast-global-header-display":"","ast-banner-title-visibility":"","ast-main-header-display":"","ast-hfb-above-header-display":"","ast-hfb-below-header-display":"","ast-hfb-mobile-header-display":"","site-post-title":"","ast-breadcrumbs-content":"","ast-featured-img":"","footer-sml-layout":"","ast-disable-related-posts":"","theme-transparent-header-meta":"default","adv-header-id-meta":"","stick-header-meta":"","header-above-stick-meta":"","header-main-stick-meta":"","header-below-stick-meta":"","astra-migrate-meta-layouts":"set","ast-page-background-enabled":"default","ast-page-background-meta":{"desktop":{"background-color":"","background-image":"","background-repeat":"repeat","background-position":"center center","background-size":"auto","background-attachment":"scroll","background-type":"","background-media":"","overlay-type":"","overlay-color":"","overlay-opacity":"","overlay-gradient":""},"tablet":{"background-color":"","background-image":"","background-repeat":"repeat","background-position":"center center","background-size":"auto","background-attachment":"scroll","background-type":"","background-media":"","overlay-type":"","overlay-color":"","overlay-opacity":"","overlay-gradient":""},"mobile":{"background-color":"","background-image":"","background-repeat":"repeat","background-position":"center center","background-size":"auto","background-attachment":"scroll","background-type":"","background-media":"","overlay-type":"","overlay-color":"","overlay-opacity":"","overlay-gradient":""}},"ast-content-background-meta":{"desktop":{"background-color":"var(--ast-global-color-5)","background-image":"","background-repeat":"repeat","background-position":"center center","background-size":"auto","background-attachment":"scroll","background-type":"","background-media":"","overlay-type":"","overlay-color":"","overlay-opacity":"","overlay-gradient":""},"tablet":{"background-color":"var(--ast-global-color-5)","background-image":"","background-repeat":"repeat","background-position":"center center","background-size":"auto","background-attachment":"scroll","background-type":"","background-media":"","overlay-type":"","overlay-color":"","overlay-opacity":"","overlay-gradient":""},"mobile":{"background-color":"var(--ast-global-color-5)","background-image":"","background-repeat":"repeat","background-position":"center center","background-size":"auto","background-attachment":"scroll","background-type":"","background-media":"","overlay-type":"","overlay-color":"","overlay-opacity":"","overlay-gradient":""}},"footnotes":""},"class_list":["post-3567","page","type-page","status-publish","hentry"],"acf":[],"yoast_head":"<!-- This site is optimized with the Yoast SEO plugin v27.1 - https:\/\/yoast.com\/product\/yoast-seo-wordpress\/ -->\n<title>Pre y Postventa - BMB Packaging<\/title>\n<meta name=\"robots\" content=\"index, follow, max-snippet:-1, max-image-preview:large, max-video-preview:-1\" \/>\n<link rel=\"canonical\" href=\"https:\/\/bmbpack.com\/es\/pre-post-venta\/\" \/>\n<meta property=\"og:locale\" content=\"es_ES\" \/>\n<meta property=\"og:type\" content=\"article\" \/>\n<meta property=\"og:title\" content=\"Pre y Postventa - BMB Packaging\" \/>\n<meta property=\"og:description\" content=\"Instalaci\u00f3n Antes de la entrega, cada m\u00e1quina se prueba al 100% para confirmar la soluci\u00f3n [&hellip;]\" \/>\n<meta property=\"og:url\" content=\"https:\/\/bmbpack.com\/es\/pre-post-venta\/\" \/>\n<meta property=\"og:site_name\" content=\"BMB Packaging\" \/>\n<meta property=\"article:modified_time\" content=\"2025-09-23T08:11:41+00:00\" \/>\n<meta property=\"og:image\" content=\"https:\/\/bmbpack.com\/wp-content\/uploads\/bg-2.jpg\" \/>\n\t<meta property=\"og:image:width\" content=\"1350\" \/>\n\t<meta property=\"og:image:height\" content=\"1080\" \/>\n\t<meta property=\"og:image:type\" content=\"image\/jpeg\" \/>\n<meta name=\"twitter:card\" content=\"summary_large_image\" \/>\n<meta name=\"twitter:label1\" content=\"Tiempo de lectura\" \/>\n\t<meta name=\"twitter:data1\" content=\"4 minutos\" \/>\n<script type=\"application\/ld+json\" class=\"yoast-schema-graph\">{\"@context\":\"https:\/\/schema.org\",\"@graph\":[{\"@type\":\"WebPage\",\"@id\":\"https:\/\/bmbpack.com\/es\/pre-post-venta\/\",\"url\":\"https:\/\/bmbpack.com\/es\/pre-post-venta\/\",\"name\":\"Pre y Postventa - BMB Packaging\",\"isPartOf\":{\"@id\":\"https:\/\/bmbpack.com\/#website\"},\"primaryImageOfPage\":{\"@id\":\"https:\/\/bmbpack.com\/es\/pre-post-venta\/#primaryimage\"},\"image\":{\"@id\":\"https:\/\/bmbpack.com\/es\/pre-post-venta\/#primaryimage\"},\"thumbnailUrl\":\"https:\/\/bmbpack.com\/wp-content\/uploads\/bg-2-1024x819.jpg\",\"datePublished\":\"2021-07-21T10:22:18+00:00\",\"dateModified\":\"2025-09-23T08:11:41+00:00\",\"breadcrumb\":{\"@id\":\"https:\/\/bmbpack.com\/es\/pre-post-venta\/#breadcrumb\"},\"inLanguage\":\"es\",\"potentialAction\":[{\"@type\":\"ReadAction\",\"target\":[\"https:\/\/bmbpack.com\/es\/pre-post-venta\/\"]}]},{\"@type\":\"ImageObject\",\"inLanguage\":\"es\",\"@id\":\"https:\/\/bmbpack.com\/es\/pre-post-venta\/#primaryimage\",\"url\":\"https:\/\/bmbpack.com\/wp-content\/uploads\/bg-2-1024x819.jpg\",\"contentUrl\":\"https:\/\/bmbpack.com\/wp-content\/uploads\/bg-2-1024x819.jpg\"},{\"@type\":\"BreadcrumbList\",\"@id\":\"https:\/\/bmbpack.com\/es\/pre-post-venta\/#breadcrumb\",\"itemListElement\":[{\"@type\":\"ListItem\",\"position\":1,\"name\":\"Home\",\"item\":\"https:\/\/bmbpack.com\/es\/\"},{\"@type\":\"ListItem\",\"position\":2,\"name\":\"Pre y Postventa\"}]},{\"@type\":\"WebSite\",\"@id\":\"https:\/\/bmbpack.com\/#website\",\"url\":\"https:\/\/bmbpack.com\/\",\"name\":\"BMB Packaging\",\"description\":\"Food Industrial Solutions\",\"publisher\":{\"@id\":\"https:\/\/bmbpack.com\/#organization\"},\"potentialAction\":[{\"@type\":\"SearchAction\",\"target\":{\"@type\":\"EntryPoint\",\"urlTemplate\":\"https:\/\/bmbpack.com\/?s={search_term_string}\"},\"query-input\":{\"@type\":\"PropertyValueSpecification\",\"valueRequired\":true,\"valueName\":\"search_term_string\"}}],\"inLanguage\":\"es\"},{\"@type\":\"Organization\",\"@id\":\"https:\/\/bmbpack.com\/#organization\",\"name\":\"BMB Packaging\",\"url\":\"https:\/\/bmbpack.com\/\",\"logo\":{\"@type\":\"ImageObject\",\"inLanguage\":\"es\",\"@id\":\"https:\/\/bmbpack.com\/#\/schema\/logo\/image\/\",\"url\":\"https:\/\/bmbpack.com\/wp-content\/uploads\/BMB_logotipo.svg\",\"contentUrl\":\"https:\/\/bmbpack.com\/wp-content\/uploads\/BMB_logotipo.svg\",\"width\":\"1024\",\"height\":\"1024\",\"caption\":\"BMB Packaging\"},\"image\":{\"@id\":\"https:\/\/bmbpack.com\/#\/schema\/logo\/image\/\"}}]}<\/script>\n<!-- \/ Yoast SEO plugin. -->","yoast_head_json":{"title":"Pre y Postventa - BMB Packaging","robots":{"index":"index","follow":"follow","max-snippet":"max-snippet:-1","max-image-preview":"max-image-preview:large","max-video-preview":"max-video-preview:-1"},"canonical":"https:\/\/bmbpack.com\/es\/pre-post-venta\/","og_locale":"es_ES","og_type":"article","og_title":"Pre y Postventa - BMB Packaging","og_description":"Instalaci\u00f3n Antes de la entrega, cada m\u00e1quina se prueba al 100% para confirmar la soluci\u00f3n [&hellip;]","og_url":"https:\/\/bmbpack.com\/es\/pre-post-venta\/","og_site_name":"BMB Packaging","article_modified_time":"2025-09-23T08:11:41+00:00","og_image":[{"width":1350,"height":1080,"url":"https:\/\/bmbpack.com\/wp-content\/uploads\/bg-2.jpg","type":"image\/jpeg"}],"twitter_card":"summary_large_image","twitter_misc":{"Tiempo de lectura":"4 minutos"},"schema":{"@context":"https:\/\/schema.org","@graph":[{"@type":"WebPage","@id":"https:\/\/bmbpack.com\/es\/pre-post-venta\/","url":"https:\/\/bmbpack.com\/es\/pre-post-venta\/","name":"Pre y Postventa - BMB Packaging","isPartOf":{"@id":"https:\/\/bmbpack.com\/#website"},"primaryImageOfPage":{"@id":"https:\/\/bmbpack.com\/es\/pre-post-venta\/#primaryimage"},"image":{"@id":"https:\/\/bmbpack.com\/es\/pre-post-venta\/#primaryimage"},"thumbnailUrl":"https:\/\/bmbpack.com\/wp-content\/uploads\/bg-2-1024x819.jpg","datePublished":"2021-07-21T10:22:18+00:00","dateModified":"2025-09-23T08:11:41+00:00","breadcrumb":{"@id":"https:\/\/bmbpack.com\/es\/pre-post-venta\/#breadcrumb"},"inLanguage":"es","potentialAction":[{"@type":"ReadAction","target":["https:\/\/bmbpack.com\/es\/pre-post-venta\/"]}]},{"@type":"ImageObject","inLanguage":"es","@id":"https:\/\/bmbpack.com\/es\/pre-post-venta\/#primaryimage","url":"https:\/\/bmbpack.com\/wp-content\/uploads\/bg-2-1024x819.jpg","contentUrl":"https:\/\/bmbpack.com\/wp-content\/uploads\/bg-2-1024x819.jpg"},{"@type":"BreadcrumbList","@id":"https:\/\/bmbpack.com\/es\/pre-post-venta\/#breadcrumb","itemListElement":[{"@type":"ListItem","position":1,"name":"Home","item":"https:\/\/bmbpack.com\/es\/"},{"@type":"ListItem","position":2,"name":"Pre y Postventa"}]},{"@type":"WebSite","@id":"https:\/\/bmbpack.com\/#website","url":"https:\/\/bmbpack.com\/","name":"BMB Packaging","description":"Food Industrial Solutions","publisher":{"@id":"https:\/\/bmbpack.com\/#organization"},"potentialAction":[{"@type":"SearchAction","target":{"@type":"EntryPoint","urlTemplate":"https:\/\/bmbpack.com\/?s={search_term_string}"},"query-input":{"@type":"PropertyValueSpecification","valueRequired":true,"valueName":"search_term_string"}}],"inLanguage":"es"},{"@type":"Organization","@id":"https:\/\/bmbpack.com\/#organization","name":"BMB Packaging","url":"https:\/\/bmbpack.com\/","logo":{"@type":"ImageObject","inLanguage":"es","@id":"https:\/\/bmbpack.com\/#\/schema\/logo\/image\/","url":"https:\/\/bmbpack.com\/wp-content\/uploads\/BMB_logotipo.svg","contentUrl":"https:\/\/bmbpack.com\/wp-content\/uploads\/BMB_logotipo.svg","width":"1024","height":"1024","caption":"BMB Packaging"},"image":{"@id":"https:\/\/bmbpack.com\/#\/schema\/logo\/image\/"}}]}},"uagb_featured_image_src":{"full":false,"thumbnail":false,"medium":false,"medium_large":false,"large":false,"1536x1536":false,"2048x2048":false},"uagb_author_info":{"display_name":"Visual","author_link":"https:\/\/bmbpack.com\/es\/author\/nextadmin\/"},"uagb_comment_info":0,"uagb_excerpt":"Instalaci\u00f3n Antes de la entrega, cada m\u00e1quina se prueba al 100% para confirmar la soluci\u00f3n [&hellip;]","publishpress_future_workflow_manual_trigger":{"enabledWorkflows":[]},"_links":{"self":[{"href":"https:\/\/bmbpack.com\/es\/wp-json\/wp\/v2\/pages\/3567","targetHints":{"allow":["GET"]}}],"collection":[{"href":"https:\/\/bmbpack.com\/es\/wp-json\/wp\/v2\/pages"}],"about":[{"href":"https:\/\/bmbpack.com\/es\/wp-json\/wp\/v2\/types\/page"}],"author":[{"embeddable":true,"href":"https:\/\/bmbpack.com\/es\/wp-json\/wp\/v2\/users\/1"}],"replies":[{"embeddable":true,"href":"https:\/\/bmbpack.com\/es\/wp-json\/wp\/v2\/comments?post=3567"}],"version-history":[{"count":4,"href":"https:\/\/bmbpack.com\/es\/wp-json\/wp\/v2\/pages\/3567\/revisions"}],"predecessor-version":[{"id":5961,"href":"https:\/\/bmbpack.com\/es\/wp-json\/wp\/v2\/pages\/3567\/revisions\/5961"}],"wp:attachment":[{"href":"https:\/\/bmbpack.com\/es\/wp-json\/wp\/v2\/media?parent=3567"}],"curies":[{"name":"wp","href":"https:\/\/api.w.org\/{rel}","templated":true}]}}