{"id":3570,"date":"2021-07-21T10:19:56","date_gmt":"2021-07-21T10:19:56","guid":{"rendered":"https:\/\/bmbpack.com\/consulting-and-training\/"},"modified":"2025-09-23T08:11:10","modified_gmt":"2025-09-23T08:11:10","slug":"consulting-and-training","status":"publish","type":"page","link":"https:\/\/bmbpack.com\/es\/consulting-and-training\/","title":{"rendered":"Consultor\u00eda y Formaci\u00f3n"},"content":{"rendered":"\n<div style=\"height:100px\" aria-hidden=\"true\" class=\"wp-block-spacer\"><\/div>\n\n\n\n<h2 class=\"wp-block-heading h2\"><strong>Consultor\u00eda<\/strong><\/h2>\n\n\n\n<p>Nuestro objetivo es proporcionar soluciones; por eso respondemos a las necesidades de nuestros clientes acompa\u00f1\u00e1ndolos en los procesos productivos y de gesti\u00f3n: sea cual sea el producto que necesiten envasar, ponemos a su disposici\u00f3n nuestra competencia y experiencia para una consultor\u00eda personalizada.<\/p>\n\n\n\n<p>El profundo conocimiento de los procesos, materiales y tecnolog\u00edas de envasado de productos alimentarios y no alimentarios nos permite ofrecer asesoramiento en la <strong>elecci\u00f3n de la m\u00e1quina y del mejor tipo de envase<\/strong>, en funci\u00f3n de la vida \u00fatil requerida, del mantenimiento de las cualidades organol\u00e9pticas y f\u00edsicas del producto que se desea obtener, y del dise\u00f1o del envase.<\/p>\n\n\n\n<p>Ofrecemos apoyo y disponibilidad para realizar <strong>modificaciones y personalizaciones <\/strong>en las m\u00e1quinas, de forma que se adapten mejor a sus necesidades y para garantizar siempre un envase a medida para su producto.<\/p>\n\n\n\n<p>Ponemos a su disposici\u00f3n una <strong>sala de pruebas t\u00e9cnicas <\/strong>para realizar demostraciones espec\u00edficas de las distintas tecnolog\u00edas en funcionamiento, as\u00ed como la elaboraci\u00f3n de muestras y pruebas de envasado.<\/p>\n\n\n\n<h2 class=\"wp-block-heading\"><strong>Formaci\u00f3n<\/strong><\/h2>\n\n\n\n<p>Organizamos <strong>Technology Days<\/strong> espec\u00edficos, orientados a la optimizaci\u00f3n del proceso de envasado, a la aplicaci\u00f3n de la tecnolog\u00eda del vac\u00edo en distintos productos con materiales est\u00e1ndar o sostenibles, y a la extensi\u00f3n de la vida \u00fatil de los productos, poniendo a disposici\u00f3n de los participantes nuestros conocimientos t\u00e9cnicos para que nuestros clientes den un paso adelante en el mundo del packaging.<\/p>\n\n\n\n<p>La formaci\u00f3n en el uso de las m\u00e1quinas e instalaciones de envasado tiene una importancia fundamental y permite obtener altos rendimientos productivos de sus inversiones.<\/p>\n\n\n\n<p>Por ello, ofrecemos <strong>cursos de formaci\u00f3n y actualizaci\u00f3n<\/strong> para los operarios de las empresas clientes, orientados al uso correcto de las m\u00e1quinas. La capacitaci\u00f3n se organiza con todo detalle en colaboraci\u00f3n con los principales proveedores de packaging flexible y r\u00edgido, seg\u00fan las necesidades del cliente, para garantizar una \u00f3ptima transferencia de informaci\u00f3n a los operarios.<\/p>\n\n\n\n<div style=\"height:100px\" aria-hidden=\"true\" class=\"wp-block-spacer\"><\/div>\n","protected":false},"excerpt":{"rendered":"<p>Consultor\u00eda Nuestro objetivo es proporcionar soluciones; por eso respondemos a las necesidades de nuestros clientes [&hellip;]<\/p>\n","protected":false},"author":1,"featured_media":0,"parent":0,"menu_order":0,"comment_status":"closed","ping_status":"closed","template":"","meta":{"_acf_changed":false,"inline_featured_image":false,"_uag_custom_page_level_css":"","site-sidebar-layout":"default","site-content-layout":"default","ast-site-content-layout":"default","site-content-style":"default","site-sidebar-style":"default","ast-global-header-display":"","ast-banner-title-visibility":"","ast-main-header-display":"","ast-hfb-above-header-display":"","ast-hfb-below-header-display":"","ast-hfb-mobile-header-display":"","site-post-title":"","ast-breadcrumbs-content":"","ast-featured-img":"","footer-sml-layout":"","ast-disable-related-posts":"","theme-transparent-header-meta":"default","adv-header-id-meta":"","stick-header-meta":"","header-above-stick-meta":"","header-main-stick-meta":"","header-below-stick-meta":"","astra-migrate-meta-layouts":"set","ast-page-background-enabled":"default","ast-page-background-meta":{"desktop":{"background-color":"","background-image":"","background-repeat":"repeat","background-position":"center center","background-size":"auto","background-attachment":"scroll","background-type":"","background-media":"","overlay-type":"","overlay-color":"","overlay-opacity":"","overlay-gradient":""},"tablet":{"background-color":"","background-image":"","background-repeat":"repeat","background-position":"center center","background-size":"auto","background-attachment":"scroll","background-type":"","background-media":"","overlay-type":"","overlay-color":"","overlay-opacity":"","overlay-gradient":""},"mobile":{"background-color":"","background-image":"","background-repeat":"repeat","background-position":"center center","background-size":"auto","background-attachment":"scroll","background-type":"","background-media":"","overlay-type":"","overlay-color":"","overlay-opacity":"","overlay-gradient":""}},"ast-content-background-meta":{"desktop":{"background-color":"var(--ast-global-color-5)","background-image":"","background-repeat":"repeat","background-position":"center center","background-size":"auto","background-attachment":"scroll","background-type":"","background-media":"","overlay-type":"","overlay-color":"","overlay-opacity":"","overlay-gradient":""},"tablet":{"background-color":"var(--ast-global-color-5)","background-image":"","background-repeat":"repeat","background-position":"center center","background-size":"auto","background-attachment":"scroll","background-type":"","background-media":"","overlay-type":"","overlay-color":"","overlay-opacity":"","overlay-gradient":""},"mobile":{"background-color":"var(--ast-global-color-5)","background-image":"","background-repeat":"repeat","background-position":"center center","background-size":"auto","background-attachment":"scroll","background-type":"","background-media":"","overlay-type":"","overlay-color":"","overlay-opacity":"","overlay-gradient":""}},"footnotes":""},"class_list":["post-3570","page","type-page","status-publish","hentry"],"acf":[],"yoast_head":"<!-- This site is optimized with the Yoast SEO plugin v27.1 - https:\/\/yoast.com\/product\/yoast-seo-wordpress\/ -->\n<title>BMB: consultor\u00eda y formaci\u00f3n sobre m\u00e1quinas de envasado al vac\u00edo<\/title>\n<meta name=\"robots\" content=\"index, follow, max-snippet:-1, max-image-preview:large, max-video-preview:-1\" \/>\n<link rel=\"canonical\" href=\"https:\/\/bmbpack.com\/consulenza-e-formazione\/\" \/>\n<meta property=\"og:locale\" content=\"es_ES\" \/>\n<meta property=\"og:type\" content=\"article\" \/>\n<meta property=\"og:title\" content=\"BMB: consultor\u00eda y formaci\u00f3n sobre m\u00e1quinas de envasado al vac\u00edo\" \/>\n<meta property=\"og:description\" content=\"Consultor\u00eda Nuestro objetivo es proporcionar soluciones; por eso respondemos a las necesidades de nuestros clientes [&hellip;]\" \/>\n<meta property=\"og:url\" content=\"https:\/\/bmbpack.com\/consulenza-e-formazione\/\" \/>\n<meta property=\"og:site_name\" content=\"BMB Packaging\" \/>\n<meta property=\"article:modified_time\" content=\"2025-09-23T08:11:10+00:00\" \/>\n<meta property=\"og:image\" content=\"https:\/\/bmbpack.com\/wp-content\/uploads\/BMB_banner.jpg\" \/>\n\t<meta property=\"og:image:width\" content=\"1500\" \/>\n\t<meta property=\"og:image:height\" content=\"913\" \/>\n\t<meta property=\"og:image:type\" content=\"image\/jpeg\" \/>\n<meta name=\"twitter:card\" content=\"summary_large_image\" \/>\n<meta name=\"twitter:label1\" content=\"Tiempo de lectura\" \/>\n\t<meta name=\"twitter:data1\" content=\"2 minutos\" \/>\n<script type=\"application\/ld+json\" class=\"yoast-schema-graph\">{\"@context\":\"https:\/\/schema.org\",\"@graph\":[{\"@type\":\"WebPage\",\"@id\":\"https:\/\/bmbpack.com\/consulenza-e-formazione\/\",\"url\":\"https:\/\/bmbpack.com\/consulenza-e-formazione\/\",\"name\":\"BMB: consultor\u00eda y formaci\u00f3n sobre m\u00e1quinas de envasado al vac\u00edo\",\"isPartOf\":{\"@id\":\"https:\/\/bmbpack.com\/#website\"},\"datePublished\":\"2021-07-21T10:19:56+00:00\",\"dateModified\":\"2025-09-23T08:11:10+00:00\",\"breadcrumb\":{\"@id\":\"https:\/\/bmbpack.com\/consulenza-e-formazione\/#breadcrumb\"},\"inLanguage\":\"es\",\"potentialAction\":[{\"@type\":\"ReadAction\",\"target\":[\"https:\/\/bmbpack.com\/consulenza-e-formazione\/\"]}]},{\"@type\":\"BreadcrumbList\",\"@id\":\"https:\/\/bmbpack.com\/consulenza-e-formazione\/#breadcrumb\",\"itemListElement\":[{\"@type\":\"ListItem\",\"position\":1,\"name\":\"Home\",\"item\":\"https:\/\/bmbpack.com\/es\/\"},{\"@type\":\"ListItem\",\"position\":2,\"name\":\"Consultor\u00eda y Formaci\u00f3n\"}]},{\"@type\":\"WebSite\",\"@id\":\"https:\/\/bmbpack.com\/#website\",\"url\":\"https:\/\/bmbpack.com\/\",\"name\":\"BMB Packaging\",\"description\":\"Food Industrial Solutions\",\"publisher\":{\"@id\":\"https:\/\/bmbpack.com\/#organization\"},\"potentialAction\":[{\"@type\":\"SearchAction\",\"target\":{\"@type\":\"EntryPoint\",\"urlTemplate\":\"https:\/\/bmbpack.com\/?s={search_term_string}\"},\"query-input\":{\"@type\":\"PropertyValueSpecification\",\"valueRequired\":true,\"valueName\":\"search_term_string\"}}],\"inLanguage\":\"es\"},{\"@type\":\"Organization\",\"@id\":\"https:\/\/bmbpack.com\/#organization\",\"name\":\"BMB Packaging\",\"url\":\"https:\/\/bmbpack.com\/\",\"logo\":{\"@type\":\"ImageObject\",\"inLanguage\":\"es\",\"@id\":\"https:\/\/bmbpack.com\/#\/schema\/logo\/image\/\",\"url\":\"https:\/\/bmbpack.com\/wp-content\/uploads\/BMB_logotipo.svg\",\"contentUrl\":\"https:\/\/bmbpack.com\/wp-content\/uploads\/BMB_logotipo.svg\",\"width\":\"1024\",\"height\":\"1024\",\"caption\":\"BMB Packaging\"},\"image\":{\"@id\":\"https:\/\/bmbpack.com\/#\/schema\/logo\/image\/\"}}]}<\/script>\n<!-- \/ Yoast SEO plugin. -->","yoast_head_json":{"title":"BMB: consultor\u00eda y formaci\u00f3n sobre m\u00e1quinas de envasado al vac\u00edo","robots":{"index":"index","follow":"follow","max-snippet":"max-snippet:-1","max-image-preview":"max-image-preview:large","max-video-preview":"max-video-preview:-1"},"canonical":"https:\/\/bmbpack.com\/consulenza-e-formazione\/","og_locale":"es_ES","og_type":"article","og_title":"BMB: consultor\u00eda y formaci\u00f3n sobre m\u00e1quinas de envasado al vac\u00edo","og_description":"Consultor\u00eda Nuestro objetivo es proporcionar soluciones; por eso respondemos a las necesidades de nuestros clientes [&hellip;]","og_url":"https:\/\/bmbpack.com\/consulenza-e-formazione\/","og_site_name":"BMB Packaging","article_modified_time":"2025-09-23T08:11:10+00:00","og_image":[{"width":1500,"height":913,"url":"https:\/\/bmbpack.com\/wp-content\/uploads\/BMB_banner.jpg","type":"image\/jpeg"}],"twitter_card":"summary_large_image","twitter_misc":{"Tiempo de lectura":"2 minutos"},"schema":{"@context":"https:\/\/schema.org","@graph":[{"@type":"WebPage","@id":"https:\/\/bmbpack.com\/consulenza-e-formazione\/","url":"https:\/\/bmbpack.com\/consulenza-e-formazione\/","name":"BMB: consultor\u00eda y formaci\u00f3n sobre m\u00e1quinas de envasado al vac\u00edo","isPartOf":{"@id":"https:\/\/bmbpack.com\/#website"},"datePublished":"2021-07-21T10:19:56+00:00","dateModified":"2025-09-23T08:11:10+00:00","breadcrumb":{"@id":"https:\/\/bmbpack.com\/consulenza-e-formazione\/#breadcrumb"},"inLanguage":"es","potentialAction":[{"@type":"ReadAction","target":["https:\/\/bmbpack.com\/consulenza-e-formazione\/"]}]},{"@type":"BreadcrumbList","@id":"https:\/\/bmbpack.com\/consulenza-e-formazione\/#breadcrumb","itemListElement":[{"@type":"ListItem","position":1,"name":"Home","item":"https:\/\/bmbpack.com\/es\/"},{"@type":"ListItem","position":2,"name":"Consultor\u00eda y Formaci\u00f3n"}]},{"@type":"WebSite","@id":"https:\/\/bmbpack.com\/#website","url":"https:\/\/bmbpack.com\/","name":"BMB Packaging","description":"Food Industrial Solutions","publisher":{"@id":"https:\/\/bmbpack.com\/#organization"},"potentialAction":[{"@type":"SearchAction","target":{"@type":"EntryPoint","urlTemplate":"https:\/\/bmbpack.com\/?s={search_term_string}"},"query-input":{"@type":"PropertyValueSpecification","valueRequired":true,"valueName":"search_term_string"}}],"inLanguage":"es"},{"@type":"Organization","@id":"https:\/\/bmbpack.com\/#organization","name":"BMB Packaging","url":"https:\/\/bmbpack.com\/","logo":{"@type":"ImageObject","inLanguage":"es","@id":"https:\/\/bmbpack.com\/#\/schema\/logo\/image\/","url":"https:\/\/bmbpack.com\/wp-content\/uploads\/BMB_logotipo.svg","contentUrl":"https:\/\/bmbpack.com\/wp-content\/uploads\/BMB_logotipo.svg","width":"1024","height":"1024","caption":"BMB Packaging"},"image":{"@id":"https:\/\/bmbpack.com\/#\/schema\/logo\/image\/"}}]}},"uagb_featured_image_src":{"full":false,"thumbnail":false,"medium":false,"medium_large":false,"large":false,"1536x1536":false,"2048x2048":false},"uagb_author_info":{"display_name":"Visual","author_link":"https:\/\/bmbpack.com\/es\/author\/nextadmin\/"},"uagb_comment_info":0,"uagb_excerpt":"Consultor\u00eda Nuestro objetivo es proporcionar soluciones; por eso respondemos a las necesidades de nuestros clientes [&hellip;]","publishpress_future_workflow_manual_trigger":{"enabledWorkflows":[]},"_links":{"self":[{"href":"https:\/\/bmbpack.com\/es\/wp-json\/wp\/v2\/pages\/3570","targetHints":{"allow":["GET"]}}],"collection":[{"href":"https:\/\/bmbpack.com\/es\/wp-json\/wp\/v2\/pages"}],"about":[{"href":"https:\/\/bmbpack.com\/es\/wp-json\/wp\/v2\/types\/page"}],"author":[{"embeddable":true,"href":"https:\/\/bmbpack.com\/es\/wp-json\/wp\/v2\/users\/1"}],"replies":[{"embeddable":true,"href":"https:\/\/bmbpack.com\/es\/wp-json\/wp\/v2\/comments?post=3570"}],"version-history":[{"count":6,"href":"https:\/\/bmbpack.com\/es\/wp-json\/wp\/v2\/pages\/3570\/revisions"}],"predecessor-version":[{"id":5955,"href":"https:\/\/bmbpack.com\/es\/wp-json\/wp\/v2\/pages\/3570\/revisions\/5955"}],"wp:attachment":[{"href":"https:\/\/bmbpack.com\/es\/wp-json\/wp\/v2\/media?parent=3570"}],"curies":[{"name":"wp","href":"https:\/\/api.w.org\/{rel}","templated":true}]}}