{"id":3581,"date":"2021-07-21T09:48:39","date_gmt":"2021-07-21T09:48:39","guid":{"rendered":"https:\/\/bmbpack.com\/sustainability\/"},"modified":"2025-09-23T08:11:52","modified_gmt":"2025-09-23T08:11:52","slug":"sostenibilidad","status":"publish","type":"page","link":"https:\/\/bmbpack.com\/es\/sostenibilidad\/","title":{"rendered":"Sostenibilidad"},"content":{"rendered":"\n<div style=\"height:100px\" aria-hidden=\"true\" class=\"wp-block-spacer\"><\/div>\n\n\n\n<div class=\"wp-block-columns is-layout-flex wp-container-core-columns-is-layout-28f84493 wp-block-columns-is-layout-flex\">\n<div class=\"wp-block-column is-layout-flow wp-block-column-is-layout-flow\">\n<h2 class=\"wp-block-heading h2\"><strong>Reducci\u00f3n de Residuos<\/strong><\/h2>\n\n\n\n<p>BMB <strong>prolonga la vida<\/strong> \u00fatil de los alimentos frescos de consumo diario mediante el envasado al vac\u00edo y el envasado en atm\u00f3sfera protectora. La <strong>higiene<\/strong>, la calidad, el aspecto y la frescura del producto se mantienen intactos a lo largo del tiempo. Adem\u00e1s, el envasado al vac\u00edo <strong>protege<\/strong> de forma segura todos los productos industriales y de consumo frente al ox\u00edgeno, la humedad, el polvo y otros agentes externos.<\/p>\n\n\n\n<p>Tambi\u00e9n ofrecemos soluciones que permiten <strong>reducir el espesor del envase<\/strong> sin comprometer sus cualidades de conservaci\u00f3n, con el objetivo de minimizar la generaci\u00f3n de residuos.<\/p>\n<\/div>\n\n\n\n<div class=\"wp-block-column is-vertically-aligned-center is-layout-flow wp-block-column-is-layout-flow\">\n<figure class=\"wp-block-image aligncenter size-large is-resized uag-hide-mob uag-hide-mob\"><img loading=\"lazy\" decoding=\"async\" width=\"1024\" height=\"1024\" src=\"https:\/\/bmbpack.com\/wp-content\/uploads\/BMB_sostenibilita-1024x1024.png\" alt=\"\" class=\"wp-image-1345\" style=\"width:256px;height:256px\" srcset=\"https:\/\/bmbpack.com\/wp-content\/uploads\/BMB_sostenibilita-1024x1024.png 1024w, https:\/\/bmbpack.com\/wp-content\/uploads\/BMB_sostenibilita-300x300.png 300w, https:\/\/bmbpack.com\/wp-content\/uploads\/BMB_sostenibilita-150x150.png 150w, https:\/\/bmbpack.com\/wp-content\/uploads\/BMB_sostenibilita-768x768.png 768w, https:\/\/bmbpack.com\/wp-content\/uploads\/BMB_sostenibilita.png 1080w\" sizes=\"auto, (max-width: 1024px) 100vw, 1024px\" \/><\/figure>\n\n\n\n<p><\/p>\n<\/div>\n<\/div>\n\n\n\n<div class=\"wp-block-columns is-layout-flex wp-container-core-columns-is-layout-28f84493 wp-block-columns-is-layout-flex\">\n<div class=\"wp-block-column is-vertically-aligned-center is-layout-flow wp-block-column-is-layout-flow\">\n<figure class=\"wp-block-image aligncenter size-large is-resized uag-hide-mob uag-hide-mob\"><img loading=\"lazy\" decoding=\"async\" width=\"1024\" height=\"1024\" src=\"https:\/\/bmbpack.com\/wp-content\/uploads\/BMB_sostenibilita_2-1024x1024.png\" alt=\"\" class=\"wp-image-1344\" style=\"width:256px;height:256px\" srcset=\"https:\/\/bmbpack.com\/wp-content\/uploads\/BMB_sostenibilita_2-1024x1024.png 1024w, https:\/\/bmbpack.com\/wp-content\/uploads\/BMB_sostenibilita_2-300x300.png 300w, https:\/\/bmbpack.com\/wp-content\/uploads\/BMB_sostenibilita_2-150x150.png 150w, https:\/\/bmbpack.com\/wp-content\/uploads\/BMB_sostenibilita_2-768x768.png 768w, https:\/\/bmbpack.com\/wp-content\/uploads\/BMB_sostenibilita_2.png 1080w\" sizes=\"auto, (max-width: 1024px) 100vw, 1024px\" \/><\/figure>\n<\/div>\n\n\n\n<div class=\"wp-block-column is-layout-flow wp-block-column-is-layout-flow\">\n<h2 class=\"wp-block-heading\"><strong>Ahorro Energ\u00e9tico<\/strong><\/h2>\n\n\n\n<p>El <strong>ahorro energ\u00e9tico<\/strong> en el \u00e1mbito de la producci\u00f3n industrial se ha convertido en un objetivo de vital importancia dentro de un sistema econ\u00f3mico desarrollado y consciente.<\/p>\n\n\n\n<p>BMB siempre ha ofrecido maquinaria que permite un ahorro energ\u00e9tico, tanto en t\u00e9rminos de reducci\u00f3n del consumo como en la disminuci\u00f3n del impacto ambiental, gracias a soluciones que implican un <strong>menor uso de aire comprimido<\/strong>, un <strong>consumo reducido de agua<\/strong> y un <strong>bajo consumo el\u00e9ctrico<\/strong>.<\/p>\n\n\n\n<p>Nuestro compromiso consiste en desarrollar herramientas y m\u00e9todos orientados a fomentar tecnolog\u00edas de alta eficiencia energ\u00e9tica. Nos esforzamos por utilizar componentes que permiten monitorizar y contener el consumo, garantizando al mismo tiempo un rendimiento \u00f3ptimo.<\/p>\n<\/div>\n<\/div>\n\n\n\n<div class=\"wp-block-columns is-layout-flex wp-container-core-columns-is-layout-28f84493 wp-block-columns-is-layout-flex\">\n<div class=\"wp-block-column is-layout-flow wp-block-column-is-layout-flow\">\n<h3 class=\"wp-block-heading h2\"><strong>Eco-Sostenibilidad<\/strong><\/h3>\n\n\n\n<p>Nos esforzamos por minimizar nuestra huella medioambiental.<\/p>\n\n\n\n<p>Como empresa del sector del packaging, estamos comprometidos en ofrecer a nuestros clientes m\u00e1quinas de envasado compatibles con materiales de embalaje totalmente reciclables y ecol\u00f3gicos.<\/p>\n\n\n\n<p>Colaboramos con fabricantes de films, bolsas y bandejas, priorizando a aquellos proveedores que puedan garantizar <strong>altos est\u00e1ndares de calidad y sostenibilidad<\/strong>. Por este motivo, integramos materiales de envasado <strong>sostenibles<\/strong> en nuestras soluciones, sin comprometer la <strong>eficacia<\/strong> ni la <strong>competitividad econ\u00f3mica<\/strong>.<\/p>\n<\/div>\n\n\n\n<div class=\"wp-block-column is-vertically-aligned-center is-layout-flow wp-block-column-is-layout-flow\">\n<figure class=\"wp-block-image aligncenter size-large is-resized uag-hide-mob uag-hide-mob\"><img loading=\"lazy\" decoding=\"async\" width=\"1024\" height=\"1024\" src=\"https:\/\/bmbpack.com\/wp-content\/uploads\/BMB_sostenibilita-1024x1024.jpeg\" alt=\"\" class=\"wp-image-1368\" style=\"width:256px;height:256px\" srcset=\"https:\/\/bmbpack.com\/wp-content\/uploads\/BMB_sostenibilita-1024x1024.jpeg 1024w, https:\/\/bmbpack.com\/wp-content\/uploads\/BMB_sostenibilita-300x300.jpeg 300w, https:\/\/bmbpack.com\/wp-content\/uploads\/BMB_sostenibilita-150x150.jpeg 150w, https:\/\/bmbpack.com\/wp-content\/uploads\/BMB_sostenibilita-768x768.jpeg 768w, https:\/\/bmbpack.com\/wp-content\/uploads\/BMB_sostenibilita.jpeg 1080w\" sizes=\"auto, (max-width: 1024px) 100vw, 1024px\" \/><\/figure>\n<\/div>\n<\/div>\n\n\n\n<div style=\"height:100px\" aria-hidden=\"true\" class=\"wp-block-spacer\"><\/div>\n","protected":false},"excerpt":{"rendered":"<p>Reducci\u00f3n de Residuos BMB prolonga la vida \u00fatil de los alimentos frescos de consumo diario [&hellip;]<\/p>\n","protected":false},"author":1,"featured_media":0,"parent":0,"menu_order":0,"comment_status":"closed","ping_status":"closed","template":"","meta":{"_acf_changed":false,"inline_featured_image":false,"_uag_custom_page_level_css":"","site-sidebar-layout":"default","site-content-layout":"default","ast-site-content-layout":"default","site-content-style":"default","site-sidebar-style":"default","ast-global-header-display":"","ast-banner-title-visibility":"","ast-main-header-display":"","ast-hfb-above-header-display":"","ast-hfb-below-header-display":"","ast-hfb-mobile-header-display":"","site-post-title":"","ast-breadcrumbs-content":"","ast-featured-img":"","footer-sml-layout":"","ast-disable-related-posts":"","theme-transparent-header-meta":"default","adv-header-id-meta":"","stick-header-meta":"","header-above-stick-meta":"","header-main-stick-meta":"","header-below-stick-meta":"","astra-migrate-meta-layouts":"set","ast-page-background-enabled":"default","ast-page-background-meta":{"desktop":{"background-color":"","background-image":"","background-repeat":"repeat","background-position":"center center","background-size":"auto","background-attachment":"scroll","background-type":"","background-media":"","overlay-type":"","overlay-color":"","overlay-opacity":"","overlay-gradient":""},"tablet":{"background-color":"","background-image":"","background-repeat":"repeat","background-position":"center center","background-size":"auto","background-attachment":"scroll","background-type":"","background-media":"","overlay-type":"","overlay-color":"","overlay-opacity":"","overlay-gradient":""},"mobile":{"background-color":"","background-image":"","background-repeat":"repeat","background-position":"center center","background-size":"auto","background-attachment":"scroll","background-type":"","background-media":"","overlay-type":"","overlay-color":"","overlay-opacity":"","overlay-gradient":""}},"ast-content-background-meta":{"desktop":{"background-color":"var(--ast-global-color-5)","background-image":"","background-repeat":"repeat","background-position":"center center","background-size":"auto","background-attachment":"scroll","background-type":"","background-media":"","overlay-type":"","overlay-color":"","overlay-opacity":"","overlay-gradient":""},"tablet":{"background-color":"var(--ast-global-color-5)","background-image":"","background-repeat":"repeat","background-position":"center center","background-size":"auto","background-attachment":"scroll","background-type":"","background-media":"","overlay-type":"","overlay-color":"","overlay-opacity":"","overlay-gradient":""},"mobile":{"background-color":"var(--ast-global-color-5)","background-image":"","background-repeat":"repeat","background-position":"center center","background-size":"auto","background-attachment":"scroll","background-type":"","background-media":"","overlay-type":"","overlay-color":"","overlay-opacity":"","overlay-gradient":""}},"footnotes":""},"class_list":["post-3581","page","type-page","status-publish","hentry"],"acf":[],"yoast_head":"<!-- This site is optimized with the Yoast SEO plugin v27.1 - https:\/\/yoast.com\/product\/yoast-seo-wordpress\/ -->\n<title>Sostenibilidad - BMB Packaging<\/title>\n<meta name=\"robots\" content=\"index, follow, max-snippet:-1, max-image-preview:large, max-video-preview:-1\" \/>\n<link rel=\"canonical\" href=\"https:\/\/bmbpack.com\/es\/sostenibilidad\/\" \/>\n<meta property=\"og:locale\" content=\"es_ES\" \/>\n<meta property=\"og:type\" content=\"article\" \/>\n<meta property=\"og:title\" content=\"Sostenibilidad - BMB Packaging\" \/>\n<meta property=\"og:description\" content=\"Reducci\u00f3n de Residuos BMB prolonga la vida \u00fatil de los alimentos frescos de consumo diario [&hellip;]\" \/>\n<meta property=\"og:url\" content=\"https:\/\/bmbpack.com\/es\/sostenibilidad\/\" \/>\n<meta property=\"og:site_name\" content=\"BMB Packaging\" \/>\n<meta property=\"article:modified_time\" content=\"2025-09-23T08:11:52+00:00\" \/>\n<meta property=\"og:image\" content=\"https:\/\/bmbpack.com\/wp-content\/uploads\/BMB_sostenibilita.png\" \/>\n\t<meta property=\"og:image:width\" content=\"1080\" \/>\n\t<meta property=\"og:image:height\" content=\"1080\" \/>\n\t<meta property=\"og:image:type\" content=\"image\/png\" \/>\n<meta name=\"twitter:card\" content=\"summary_large_image\" \/>\n<meta name=\"twitter:label1\" content=\"Tiempo de lectura\" \/>\n\t<meta name=\"twitter:data1\" content=\"3 minutos\" \/>\n<script type=\"application\/ld+json\" class=\"yoast-schema-graph\">{\"@context\":\"https:\/\/schema.org\",\"@graph\":[{\"@type\":\"WebPage\",\"@id\":\"https:\/\/bmbpack.com\/es\/sostenibilidad\/\",\"url\":\"https:\/\/bmbpack.com\/es\/sostenibilidad\/\",\"name\":\"Sostenibilidad - BMB Packaging\",\"isPartOf\":{\"@id\":\"https:\/\/bmbpack.com\/#website\"},\"primaryImageOfPage\":{\"@id\":\"https:\/\/bmbpack.com\/es\/sostenibilidad\/#primaryimage\"},\"image\":{\"@id\":\"https:\/\/bmbpack.com\/es\/sostenibilidad\/#primaryimage\"},\"thumbnailUrl\":\"https:\/\/bmbpack.com\/wp-content\/uploads\/BMB_sostenibilita-1024x1024.png\",\"datePublished\":\"2021-07-21T09:48:39+00:00\",\"dateModified\":\"2025-09-23T08:11:52+00:00\",\"breadcrumb\":{\"@id\":\"https:\/\/bmbpack.com\/es\/sostenibilidad\/#breadcrumb\"},\"inLanguage\":\"es\",\"potentialAction\":[{\"@type\":\"ReadAction\",\"target\":[\"https:\/\/bmbpack.com\/es\/sostenibilidad\/\"]}]},{\"@type\":\"ImageObject\",\"inLanguage\":\"es\",\"@id\":\"https:\/\/bmbpack.com\/es\/sostenibilidad\/#primaryimage\",\"url\":\"https:\/\/bmbpack.com\/wp-content\/uploads\/BMB_sostenibilita-1024x1024.png\",\"contentUrl\":\"https:\/\/bmbpack.com\/wp-content\/uploads\/BMB_sostenibilita-1024x1024.png\"},{\"@type\":\"BreadcrumbList\",\"@id\":\"https:\/\/bmbpack.com\/es\/sostenibilidad\/#breadcrumb\",\"itemListElement\":[{\"@type\":\"ListItem\",\"position\":1,\"name\":\"Home\",\"item\":\"https:\/\/bmbpack.com\/es\/\"},{\"@type\":\"ListItem\",\"position\":2,\"name\":\"Sostenibilidad\"}]},{\"@type\":\"WebSite\",\"@id\":\"https:\/\/bmbpack.com\/#website\",\"url\":\"https:\/\/bmbpack.com\/\",\"name\":\"BMB Packaging\",\"description\":\"Food Industrial Solutions\",\"publisher\":{\"@id\":\"https:\/\/bmbpack.com\/#organization\"},\"potentialAction\":[{\"@type\":\"SearchAction\",\"target\":{\"@type\":\"EntryPoint\",\"urlTemplate\":\"https:\/\/bmbpack.com\/?s={search_term_string}\"},\"query-input\":{\"@type\":\"PropertyValueSpecification\",\"valueRequired\":true,\"valueName\":\"search_term_string\"}}],\"inLanguage\":\"es\"},{\"@type\":\"Organization\",\"@id\":\"https:\/\/bmbpack.com\/#organization\",\"name\":\"BMB Packaging\",\"url\":\"https:\/\/bmbpack.com\/\",\"logo\":{\"@type\":\"ImageObject\",\"inLanguage\":\"es\",\"@id\":\"https:\/\/bmbpack.com\/#\/schema\/logo\/image\/\",\"url\":\"https:\/\/bmbpack.com\/wp-content\/uploads\/BMB_logotipo.svg\",\"contentUrl\":\"https:\/\/bmbpack.com\/wp-content\/uploads\/BMB_logotipo.svg\",\"width\":\"1024\",\"height\":\"1024\",\"caption\":\"BMB Packaging\"},\"image\":{\"@id\":\"https:\/\/bmbpack.com\/#\/schema\/logo\/image\/\"}}]}<\/script>\n<!-- \/ Yoast SEO plugin. -->","yoast_head_json":{"title":"Sostenibilidad - BMB Packaging","robots":{"index":"index","follow":"follow","max-snippet":"max-snippet:-1","max-image-preview":"max-image-preview:large","max-video-preview":"max-video-preview:-1"},"canonical":"https:\/\/bmbpack.com\/es\/sostenibilidad\/","og_locale":"es_ES","og_type":"article","og_title":"Sostenibilidad - BMB Packaging","og_description":"Reducci\u00f3n de Residuos BMB prolonga la vida \u00fatil de los alimentos frescos de consumo diario [&hellip;]","og_url":"https:\/\/bmbpack.com\/es\/sostenibilidad\/","og_site_name":"BMB Packaging","article_modified_time":"2025-09-23T08:11:52+00:00","og_image":[{"width":1080,"height":1080,"url":"https:\/\/bmbpack.com\/wp-content\/uploads\/BMB_sostenibilita.png","type":"image\/png"}],"twitter_card":"summary_large_image","twitter_misc":{"Tiempo de lectura":"3 minutos"},"schema":{"@context":"https:\/\/schema.org","@graph":[{"@type":"WebPage","@id":"https:\/\/bmbpack.com\/es\/sostenibilidad\/","url":"https:\/\/bmbpack.com\/es\/sostenibilidad\/","name":"Sostenibilidad - BMB Packaging","isPartOf":{"@id":"https:\/\/bmbpack.com\/#website"},"primaryImageOfPage":{"@id":"https:\/\/bmbpack.com\/es\/sostenibilidad\/#primaryimage"},"image":{"@id":"https:\/\/bmbpack.com\/es\/sostenibilidad\/#primaryimage"},"thumbnailUrl":"https:\/\/bmbpack.com\/wp-content\/uploads\/BMB_sostenibilita-1024x1024.png","datePublished":"2021-07-21T09:48:39+00:00","dateModified":"2025-09-23T08:11:52+00:00","breadcrumb":{"@id":"https:\/\/bmbpack.com\/es\/sostenibilidad\/#breadcrumb"},"inLanguage":"es","potentialAction":[{"@type":"ReadAction","target":["https:\/\/bmbpack.com\/es\/sostenibilidad\/"]}]},{"@type":"ImageObject","inLanguage":"es","@id":"https:\/\/bmbpack.com\/es\/sostenibilidad\/#primaryimage","url":"https:\/\/bmbpack.com\/wp-content\/uploads\/BMB_sostenibilita-1024x1024.png","contentUrl":"https:\/\/bmbpack.com\/wp-content\/uploads\/BMB_sostenibilita-1024x1024.png"},{"@type":"BreadcrumbList","@id":"https:\/\/bmbpack.com\/es\/sostenibilidad\/#breadcrumb","itemListElement":[{"@type":"ListItem","position":1,"name":"Home","item":"https:\/\/bmbpack.com\/es\/"},{"@type":"ListItem","position":2,"name":"Sostenibilidad"}]},{"@type":"WebSite","@id":"https:\/\/bmbpack.com\/#website","url":"https:\/\/bmbpack.com\/","name":"BMB Packaging","description":"Food Industrial Solutions","publisher":{"@id":"https:\/\/bmbpack.com\/#organization"},"potentialAction":[{"@type":"SearchAction","target":{"@type":"EntryPoint","urlTemplate":"https:\/\/bmbpack.com\/?s={search_term_string}"},"query-input":{"@type":"PropertyValueSpecification","valueRequired":true,"valueName":"search_term_string"}}],"inLanguage":"es"},{"@type":"Organization","@id":"https:\/\/bmbpack.com\/#organization","name":"BMB Packaging","url":"https:\/\/bmbpack.com\/","logo":{"@type":"ImageObject","inLanguage":"es","@id":"https:\/\/bmbpack.com\/#\/schema\/logo\/image\/","url":"https:\/\/bmbpack.com\/wp-content\/uploads\/BMB_logotipo.svg","contentUrl":"https:\/\/bmbpack.com\/wp-content\/uploads\/BMB_logotipo.svg","width":"1024","height":"1024","caption":"BMB Packaging"},"image":{"@id":"https:\/\/bmbpack.com\/#\/schema\/logo\/image\/"}}]}},"uagb_featured_image_src":{"full":false,"thumbnail":false,"medium":false,"medium_large":false,"large":false,"1536x1536":false,"2048x2048":false},"uagb_author_info":{"display_name":"Visual","author_link":"https:\/\/bmbpack.com\/es\/author\/nextadmin\/"},"uagb_comment_info":0,"uagb_excerpt":"Reducci\u00f3n de Residuos BMB prolonga la vida \u00fatil de los alimentos frescos de consumo diario [&hellip;]","publishpress_future_workflow_manual_trigger":{"enabledWorkflows":[]},"_links":{"self":[{"href":"https:\/\/bmbpack.com\/es\/wp-json\/wp\/v2\/pages\/3581","targetHints":{"allow":["GET"]}}],"collection":[{"href":"https:\/\/bmbpack.com\/es\/wp-json\/wp\/v2\/pages"}],"about":[{"href":"https:\/\/bmbpack.com\/es\/wp-json\/wp\/v2\/types\/page"}],"author":[{"embeddable":true,"href":"https:\/\/bmbpack.com\/es\/wp-json\/wp\/v2\/users\/1"}],"replies":[{"embeddable":true,"href":"https:\/\/bmbpack.com\/es\/wp-json\/wp\/v2\/comments?post=3581"}],"version-history":[{"count":4,"href":"https:\/\/bmbpack.com\/es\/wp-json\/wp\/v2\/pages\/3581\/revisions"}],"predecessor-version":[{"id":5962,"href":"https:\/\/bmbpack.com\/es\/wp-json\/wp\/v2\/pages\/3581\/revisions\/5962"}],"wp:attachment":[{"href":"https:\/\/bmbpack.com\/es\/wp-json\/wp\/v2\/media?parent=3581"}],"curies":[{"name":"wp","href":"https:\/\/api.w.org\/{rel}","templated":true}]}}