{"id":3584,"date":"2021-07-21T09:46:30","date_gmt":"2021-07-21T09:46:30","guid":{"rendered":"https:\/\/bmbpack.com\/who-we-are\/"},"modified":"2025-07-08T12:14:10","modified_gmt":"2025-07-08T12:14:10","slug":"quien-somos","status":"publish","type":"page","link":"https:\/\/bmbpack.com\/es\/quien-somos\/","title":{"rendered":"Quien Somos"},"content":{"rendered":"\n<div style=\"height:100px\" aria-hidden=\"true\" class=\"wp-block-spacer\"><\/div>\n\n\n\n<div class=\"wp-block-columns is-layout-flex wp-container-core-columns-is-layout-28f84493 wp-block-columns-is-layout-flex\">\n<div class=\"wp-block-column is-layout-flow wp-block-column-is-layout-flow\">\n<h2 class=\"wp-block-heading\"><strong>Qui\u00e9nes Somos<\/strong><\/h2>\n\n\n\n<p>BMB srl est\u00e1 especializada en el desarrollo y la producci\u00f3n de <strong>maquinaria para el envasado primario<\/strong> de productos, con un enfoque particular en m\u00e1quinas de envasado al vac\u00edo y en atm\u00f3sfera protectora, termoselladoras, termoformadoras y t\u00faneles de retracci\u00f3n, destinados a los sectores alimentario, m\u00e9dico e industrial.<\/p>\n\n\n\n<p>Las m\u00e1quinas BMB se venden en m\u00e1s de 50 pa\u00edses, y garantizamos nuestra presencia gracias a una <strong>red capilar<\/strong> de distribuidores y oficinas de representaci\u00f3n que aseguran un soporte completo a las necesidades de cada cliente. Ofrecemos presupuestos personalizados, herramientas inform\u00e1ticas para la presentaci\u00f3n de productos y un equipo de personas t\u00e9cnicamente formadas para la <strong>asistencia <\/strong>posventa.<\/p>\n\n\n\n<p>Fiabilidad, profesionalidad y un fuerte dinamismo hacen de BMB una realidad muy valorada y en r\u00e1pida expansi\u00f3n, que recibe cada vez m\u00e1s aprobaci\u00f3n y <strong>confianza<\/strong> por parte de nuestros clientes. La <strong>excelencia<\/strong> y <strong>calidad del Made in Italy <\/strong>de BMB son hoy reconocidas y apreciadas en todo el mundo.<br>Trabajamos con dedicaci\u00f3n y un enfoque \u00fanico en el dise\u00f1o y desarrollo de nuestras m\u00e1quinas; esto nos permite ofrecer las mejores herramientas a nuestros clientes.<\/p>\n\n\n\n<p>De hecho, lo que nos distingue es que no somos simples fabricantes y vendedores de m\u00e1quinas, sino <strong>investigadores de soluciones estrat\u00e9gicas<\/strong> que permiten transformar sus ideas en realidad: el estudio de nuestros productos parte de las necesidades de nuestros clientes, y estamos disponibles para ofrecer personalizaciones que respondan a sus solicitudes.<\/p>\n\n\n\n<p>Con nuestras m\u00e1quinas, queremos mejorar y simplificar su ciclo de producci\u00f3n y envasado <strong>de forma segura<\/strong>,<strong> ahorr\u00e1ndole tiempo y recursos<\/strong>.<br>Para cada mercado, ya sea industrial o minorista, est\u00e1ndar o a medida, desarrollamos una soluci\u00f3n para sus desaf\u00edos de envasado. No solo para hoy, sino tambi\u00e9n para el futuro.<\/p>\n\n\n\n<p>De hecho, creemos que el vac\u00edo es la soluci\u00f3n de envasado del futuro para reducir el desperdicio alimentario y proteger los productos de nuestros clientes.<br>Fabricamos nuestras m\u00e1quinas con un<strong> enfoque sostenible<\/strong> y continuamos evolucionando nuestra propuesta de valor para crear mejores sistemas de envasado para el mercado global.<\/p>\n<\/div>\n<\/div>\n\n\n\n<div class=\"wp-block-columns is-layout-flex wp-container-core-columns-is-layout-28f84493 wp-block-columns-is-layout-flex\">\n<div class=\"wp-block-column is-vertically-aligned-center is-layout-flow wp-block-column-is-layout-flow\">\n<figure class=\"wp-block-image aligncenter size-large\"><img loading=\"lazy\" decoding=\"async\" width=\"1024\" height=\"683\" src=\"https:\/\/bmbpack.com\/wp-content\/uploads\/VISION-1024x683.jpg\" alt=\"\" class=\"wp-image-1231\" srcset=\"https:\/\/bmbpack.com\/wp-content\/uploads\/VISION-1024x683.jpg 1024w, https:\/\/bmbpack.com\/wp-content\/uploads\/VISION-300x200.jpg 300w, https:\/\/bmbpack.com\/wp-content\/uploads\/VISION-768x512.jpg 768w, https:\/\/bmbpack.com\/wp-content\/uploads\/VISION.jpg 1500w\" sizes=\"auto, (max-width: 1024px) 100vw, 1024px\" \/><\/figure>\n<\/div>\n\n\n\n<div class=\"wp-block-column is-vertically-aligned-center is-layout-flow wp-block-column-is-layout-flow\">\n<h2 class=\"wp-block-heading\"><strong>Visi\u00f3n<\/strong><\/h2>\n\n\n\n<p><strong>\u00abNos comprometemos a hacer que los productos sean seguros y accesibles, en cualquier lugar\u00bb<\/strong><\/p>\n\n\n\n<p>Queremos ofrecer la posibilidad de envasar cualquier producto de manera segura, reduciendo el desperdicio y permitiendo su distribuci\u00f3n en cualquier parte del mundo.<\/p>\n<\/div>\n<\/div>\n\n\n\n<div class=\"wp-block-columns is-layout-flex wp-container-core-columns-is-layout-28f84493 wp-block-columns-is-layout-flex\">\n<div class=\"wp-block-column is-layout-flow wp-block-column-is-layout-flow\">\n<h2 class=\"wp-block-heading\"><strong>Valores<\/strong><\/h2>\n\n\n\n<p>Nuestra visi\u00f3n se basa en valores que para nosotros son fundamentales, cada uno estrechamente conectado con el otro, y que inspiran continuamente a nuestro equipo:<\/p>\n\n\n\n<ul class=\"wp-block-list\">\n<li><strong>Confianza y respeto<\/strong><\/li>\n\n\n\n<li><strong>\u00c9tica e integridad<\/strong><\/li>\n\n\n\n<li><strong>Escucha y comunicaci\u00f3n con transparencia y honestidad<\/strong><\/li>\n\n\n\n<li><strong>Orientaci\u00f3n a resultados<\/strong><\/li>\n<\/ul>\n\n\n\n<p>Tambi\u00e9n creemos firmemente en la producci\u00f3n de nuestras m\u00e1quinas <strong>100% Made in Italy<\/strong>, construidas con materiales de la m\u00e1s alta calidad para garantizar <strong>durabilidad<\/strong>, <strong>alto rendimiento<\/strong> y <strong>seguridad<\/strong> para los operadores que las utilizan.<\/p>\n\n\n\n<p>Elevamos constantemente el nivel y nos esforzamos por mejorar d\u00eda a d\u00eda. Creemos en la<strong> innovaci\u00f3n<\/strong>, la <strong>tecnolog\u00eda<\/strong> y el trabajo en equipo para alcanzar nuestros objetivos y los de nuestros clientes.<\/p>\n\n\n\n<p>Ponemos <strong>al cliente en el centro<\/strong>, por eso es importante para nosotros acompa\u00f1arlo en cada etapa: desde el inicio de un nuevo proyecto, pasando por el an\u00e1lisis del estado del arte, hasta la revisi\u00f3n de los procesos, porque para nosotros la <strong>satisfacci\u00f3n<\/strong> y la<strong> confianza<\/strong> del cliente son fundamentales.<\/p>\n<\/div>\n\n\n\n<div class=\"wp-block-column is-vertically-aligned-center is-layout-flow wp-block-column-is-layout-flow\">\n<figure class=\"wp-block-image aligncenter size-large\"><img loading=\"lazy\" decoding=\"async\" width=\"1024\" height=\"683\" src=\"https:\/\/bmbpack.com\/wp-content\/uploads\/VALUES-1024x683.jpg\" alt=\"\" class=\"wp-image-1230\" srcset=\"https:\/\/bmbpack.com\/wp-content\/uploads\/VALUES-1024x683.jpg 1024w, https:\/\/bmbpack.com\/wp-content\/uploads\/VALUES-300x200.jpg 300w, https:\/\/bmbpack.com\/wp-content\/uploads\/VALUES-768x512.jpg 768w, https:\/\/bmbpack.com\/wp-content\/uploads\/VALUES.jpg 1500w\" sizes=\"auto, (max-width: 1024px) 100vw, 1024px\" \/><\/figure>\n<\/div>\n<\/div>\n\n\n\n<div class=\"wp-block-columns is-layout-flex wp-container-core-columns-is-layout-28f84493 wp-block-columns-is-layout-flex\">\n<div class=\"wp-block-column is-vertically-aligned-center is-layout-flow wp-block-column-is-layout-flow\">\n<figure class=\"wp-block-image size-large\"><img loading=\"lazy\" decoding=\"async\" width=\"1024\" height=\"683\" src=\"https:\/\/bmbpack.com\/wp-content\/uploads\/MISSION-1024x683.jpg\" alt=\"\" class=\"wp-image-1229\" srcset=\"https:\/\/bmbpack.com\/wp-content\/uploads\/MISSION-1024x683.jpg 1024w, https:\/\/bmbpack.com\/wp-content\/uploads\/MISSION-300x200.jpg 300w, https:\/\/bmbpack.com\/wp-content\/uploads\/MISSION-768x512.jpg 768w, https:\/\/bmbpack.com\/wp-content\/uploads\/MISSION.jpg 1500w\" sizes=\"auto, (max-width: 1024px) 100vw, 1024px\" \/><\/figure>\n<\/div>\n\n\n\n<div class=\"wp-block-column is-vertically-aligned-center is-layout-flow wp-block-column-is-layout-flow\">\n<h2 class=\"wp-block-heading\"><strong>Misi\u00f3n<\/strong><\/h2>\n\n\n\n<p><strong>\u201cTrabajamos para y con nuestros clientes para ofrecer las mejores soluciones de envasado para productos alimentarios, m\u00e9dicos e industriales. Dise\u00f1amos y fabricamos m\u00e1quinas de envasado autom\u00e1ticas de alta calidad y fiabilidad, para apoyar el crecimiento, la innovaci\u00f3n y el \u00e9xito duradero de nuestros clientes.\u00bb<\/strong><\/p>\n\n\n\n<p>Desarrollamos soluciones de envasado que aportan ventajas significativas para el cliente y, por ello, respaldamos el <strong>crecimiento<\/strong>, la <strong>innovaci\u00f3n<\/strong> y el <strong>\u00e9xito<\/strong> duradero de <strong>nuestros clientes<\/strong>.<\/p>\n\n\n\n<p>Aplicamos nuestro <strong>compromiso<\/strong> con la innovaci\u00f3n, nuestra <strong>comprensi\u00f3n de las necesidades <\/strong>del consumidor y nuestras relaciones con los proveedores para ofrecer estas soluciones. En el proceso, establecemos est\u00e1ndares en tecnolog\u00eda, <strong>eficiencia<\/strong> y <strong>fiabilidad<\/strong>, y somos conscientes de la necesidad de un <strong>uso econ\u00f3mico de los materiales de envasado y otros recursos<\/strong>.<\/p>\n<\/div>\n<\/div>\n\n\n\n<div class=\"wp-block-columns is-layout-flex wp-container-core-columns-is-layout-28f84493 wp-block-columns-is-layout-flex\">\n<div class=\"wp-block-column is-layout-flow wp-block-column-is-layout-flow\" style=\"flex-basis:50%\">\n<h2 class=\"wp-block-heading\"><meta charset=\"utf-8\"><\/meta><strong>Investigaci\u00f3n y Desarrollo<\/strong><\/h2>\n\n\n\n<p>El mercado est\u00e1 en constante evoluci\u00f3n y BMB tambi\u00e9n. Nuestro equipo de Investigaci\u00f3n y Desarrollo se distingue por su <strong>ingenio<\/strong> y <strong>versatilidad<\/strong>; siempre estamos trabajando para encontrar <strong>soluciones innovadoras<\/strong> y de <strong>vanguardia<\/strong>.<br>Todos nuestros productos son el resultado de numerosas experiencias desarrolladas directamente sobre el terreno, estudios de dise\u00f1o en profundidad y colaboraciones con universidades italianas para la aplicaci\u00f3n de las tecnolog\u00edas m\u00e1s modernas.<\/p>\n\n\n\n<p>Las tecnolog\u00edas aplicadas y el dise\u00f1o constructivo garantizan una<strong> menor generaci\u00f3n de residuos<\/strong>, <strong>excelente higiene<\/strong> y <strong>alta eficiencia<\/strong> en los procesos de envasado. Con nuestras soluciones, impulsamos un aumento de la productividad, comprometi\u00e9ndonos a suministrar maquinaria interconectada (<strong>Industria 4.0<\/strong>), orientada al <strong>ahorro energ\u00e9tico<\/strong> y al uso de <strong>materiales ecosostenibles<\/strong>.<\/p>\n<\/div>\n\n\n\n<div class=\"wp-block-column is-vertically-aligned-center is-layout-flow wp-block-column-is-layout-flow\">\n<figure class=\"wp-block-image size-large\"><img loading=\"lazy\" decoding=\"async\" width=\"1024\" height=\"683\" src=\"https:\/\/bmbpack.com\/wp-content\/uploads\/ricerca_sviluppo-1024x683.jpg\" alt=\"\" class=\"wp-image-1224\" srcset=\"https:\/\/bmbpack.com\/wp-content\/uploads\/ricerca_sviluppo-1024x683.jpg 1024w, https:\/\/bmbpack.com\/wp-content\/uploads\/ricerca_sviluppo-300x200.jpg 300w, https:\/\/bmbpack.com\/wp-content\/uploads\/ricerca_sviluppo-768x512.jpg 768w, https:\/\/bmbpack.com\/wp-content\/uploads\/ricerca_sviluppo.jpg 1200w\" sizes=\"auto, (max-width: 1024px) 100vw, 1024px\" \/><\/figure>\n<\/div>\n<\/div>\n\n\n\n<div style=\"height:100px\" aria-hidden=\"true\" class=\"wp-block-spacer\"><\/div>\n\n\n\n<p><\/p>\n","protected":false},"excerpt":{"rendered":"<p>Qui\u00e9nes Somos BMB srl est\u00e1 especializada en el desarrollo y la producci\u00f3n de maquinaria para [&hellip;]<\/p>\n","protected":false},"author":1,"featured_media":0,"parent":0,"menu_order":0,"comment_status":"closed","ping_status":"closed","template":"","meta":{"_acf_changed":false,"inline_featured_image":false,"_uag_custom_page_level_css":"","site-sidebar-layout":"default","site-content-layout":"default","ast-site-content-layout":"default","site-content-style":"default","site-sidebar-style":"default","ast-global-header-display":"","ast-banner-title-visibility":"","ast-main-header-display":"","ast-hfb-above-header-display":"","ast-hfb-below-header-display":"","ast-hfb-mobile-header-display":"","site-post-title":"","ast-breadcrumbs-content":"","ast-featured-img":"","footer-sml-layout":"","ast-disable-related-posts":"","theme-transparent-header-meta":"default","adv-header-id-meta":"","stick-header-meta":"","header-above-stick-meta":"","header-main-stick-meta":"","header-below-stick-meta":"","astra-migrate-meta-layouts":"set","ast-page-background-enabled":"default","ast-page-background-meta":{"desktop":{"background-color":"","background-image":"","background-repeat":"repeat","background-position":"center center","background-size":"auto","background-attachment":"scroll","background-type":"","background-media":"","overlay-type":"","overlay-color":"","overlay-opacity":"","overlay-gradient":""},"tablet":{"background-color":"","background-image":"","background-repeat":"repeat","background-position":"center center","background-size":"auto","background-attachment":"scroll","background-type":"","background-media":"","overlay-type":"","overlay-color":"","overlay-opacity":"","overlay-gradient":""},"mobile":{"background-color":"","background-image":"","background-repeat":"repeat","background-position":"center center","background-size":"auto","background-attachment":"scroll","background-type":"","background-media":"","overlay-type":"","overlay-color":"","overlay-opacity":"","overlay-gradient":""}},"ast-content-background-meta":{"desktop":{"background-color":"var(--ast-global-color-5)","background-image":"","background-repeat":"repeat","background-position":"center center","background-size":"auto","background-attachment":"scroll","background-type":"","background-media":"","overlay-type":"","overlay-color":"","overlay-opacity":"","overlay-gradient":""},"tablet":{"background-color":"var(--ast-global-color-5)","background-image":"","background-repeat":"repeat","background-position":"center center","background-size":"auto","background-attachment":"scroll","background-type":"","background-media":"","overlay-type":"","overlay-color":"","overlay-opacity":"","overlay-gradient":""},"mobile":{"background-color":"var(--ast-global-color-5)","background-image":"","background-repeat":"repeat","background-position":"center center","background-size":"auto","background-attachment":"scroll","background-type":"","background-media":"","overlay-type":"","overlay-color":"","overlay-opacity":"","overlay-gradient":""}},"footnotes":""},"class_list":["post-3584","page","type-page","status-publish","hentry"],"acf":[],"yoast_head":"<!-- This site is optimized with the Yoast SEO plugin v27.1 - https:\/\/yoast.com\/product\/yoast-seo-wordpress\/ -->\n<title>Quien Somos - BMB Packaging<\/title>\n<meta name=\"robots\" content=\"index, follow, max-snippet:-1, max-image-preview:large, max-video-preview:-1\" \/>\n<link rel=\"canonical\" href=\"https:\/\/bmbpack.com\/es\/quien-somos\/\" \/>\n<meta property=\"og:locale\" content=\"es_ES\" \/>\n<meta property=\"og:type\" content=\"article\" \/>\n<meta property=\"og:title\" content=\"Quien Somos - BMB Packaging\" \/>\n<meta property=\"og:description\" content=\"Qui\u00e9nes Somos BMB srl est\u00e1 especializada en el desarrollo y la producci\u00f3n de maquinaria para [&hellip;]\" \/>\n<meta property=\"og:url\" content=\"https:\/\/bmbpack.com\/es\/quien-somos\/\" \/>\n<meta property=\"og:site_name\" content=\"BMB Packaging\" \/>\n<meta property=\"article:modified_time\" content=\"2025-07-08T12:14:10+00:00\" \/>\n<meta property=\"og:image\" content=\"https:\/\/bmbpack.com\/wp-content\/uploads\/VISION.jpg\" \/>\n\t<meta property=\"og:image:width\" content=\"1500\" \/>\n\t<meta property=\"og:image:height\" content=\"1000\" \/>\n\t<meta property=\"og:image:type\" content=\"image\/jpeg\" \/>\n<meta name=\"twitter:card\" content=\"summary_large_image\" \/>\n<meta name=\"twitter:label1\" content=\"Tiempo de lectura\" \/>\n\t<meta name=\"twitter:data1\" content=\"5 minutos\" \/>\n<script type=\"application\/ld+json\" class=\"yoast-schema-graph\">{\"@context\":\"https:\/\/schema.org\",\"@graph\":[{\"@type\":\"WebPage\",\"@id\":\"https:\/\/bmbpack.com\/es\/quien-somos\/\",\"url\":\"https:\/\/bmbpack.com\/es\/quien-somos\/\",\"name\":\"Quien Somos - BMB Packaging\",\"isPartOf\":{\"@id\":\"https:\/\/bmbpack.com\/#website\"},\"primaryImageOfPage\":{\"@id\":\"https:\/\/bmbpack.com\/es\/quien-somos\/#primaryimage\"},\"image\":{\"@id\":\"https:\/\/bmbpack.com\/es\/quien-somos\/#primaryimage\"},\"thumbnailUrl\":\"https:\/\/bmbpack.com\/wp-content\/uploads\/VISION-1024x683.jpg\",\"datePublished\":\"2021-07-21T09:46:30+00:00\",\"dateModified\":\"2025-07-08T12:14:10+00:00\",\"breadcrumb\":{\"@id\":\"https:\/\/bmbpack.com\/es\/quien-somos\/#breadcrumb\"},\"inLanguage\":\"es\",\"potentialAction\":[{\"@type\":\"ReadAction\",\"target\":[\"https:\/\/bmbpack.com\/es\/quien-somos\/\"]}]},{\"@type\":\"ImageObject\",\"inLanguage\":\"es\",\"@id\":\"https:\/\/bmbpack.com\/es\/quien-somos\/#primaryimage\",\"url\":\"https:\/\/bmbpack.com\/wp-content\/uploads\/VISION-1024x683.jpg\",\"contentUrl\":\"https:\/\/bmbpack.com\/wp-content\/uploads\/VISION-1024x683.jpg\"},{\"@type\":\"BreadcrumbList\",\"@id\":\"https:\/\/bmbpack.com\/es\/quien-somos\/#breadcrumb\",\"itemListElement\":[{\"@type\":\"ListItem\",\"position\":1,\"name\":\"Home\",\"item\":\"https:\/\/bmbpack.com\/es\/\"},{\"@type\":\"ListItem\",\"position\":2,\"name\":\"Quien Somos\"}]},{\"@type\":\"WebSite\",\"@id\":\"https:\/\/bmbpack.com\/#website\",\"url\":\"https:\/\/bmbpack.com\/\",\"name\":\"BMB Packaging\",\"description\":\"Food Industrial Solutions\",\"publisher\":{\"@id\":\"https:\/\/bmbpack.com\/#organization\"},\"potentialAction\":[{\"@type\":\"SearchAction\",\"target\":{\"@type\":\"EntryPoint\",\"urlTemplate\":\"https:\/\/bmbpack.com\/?s={search_term_string}\"},\"query-input\":{\"@type\":\"PropertyValueSpecification\",\"valueRequired\":true,\"valueName\":\"search_term_string\"}}],\"inLanguage\":\"es\"},{\"@type\":\"Organization\",\"@id\":\"https:\/\/bmbpack.com\/#organization\",\"name\":\"BMB Packaging\",\"url\":\"https:\/\/bmbpack.com\/\",\"logo\":{\"@type\":\"ImageObject\",\"inLanguage\":\"es\",\"@id\":\"https:\/\/bmbpack.com\/#\/schema\/logo\/image\/\",\"url\":\"https:\/\/bmbpack.com\/wp-content\/uploads\/BMB_logotipo.svg\",\"contentUrl\":\"https:\/\/bmbpack.com\/wp-content\/uploads\/BMB_logotipo.svg\",\"width\":\"1024\",\"height\":\"1024\",\"caption\":\"BMB Packaging\"},\"image\":{\"@id\":\"https:\/\/bmbpack.com\/#\/schema\/logo\/image\/\"}}]}<\/script>\n<!-- \/ Yoast SEO plugin. -->","yoast_head_json":{"title":"Quien Somos - BMB Packaging","robots":{"index":"index","follow":"follow","max-snippet":"max-snippet:-1","max-image-preview":"max-image-preview:large","max-video-preview":"max-video-preview:-1"},"canonical":"https:\/\/bmbpack.com\/es\/quien-somos\/","og_locale":"es_ES","og_type":"article","og_title":"Quien Somos - BMB Packaging","og_description":"Qui\u00e9nes Somos BMB srl est\u00e1 especializada en el desarrollo y la producci\u00f3n de maquinaria para [&hellip;]","og_url":"https:\/\/bmbpack.com\/es\/quien-somos\/","og_site_name":"BMB Packaging","article_modified_time":"2025-07-08T12:14:10+00:00","og_image":[{"width":1500,"height":1000,"url":"https:\/\/bmbpack.com\/wp-content\/uploads\/VISION.jpg","type":"image\/jpeg"}],"twitter_card":"summary_large_image","twitter_misc":{"Tiempo de lectura":"5 minutos"},"schema":{"@context":"https:\/\/schema.org","@graph":[{"@type":"WebPage","@id":"https:\/\/bmbpack.com\/es\/quien-somos\/","url":"https:\/\/bmbpack.com\/es\/quien-somos\/","name":"Quien Somos - BMB Packaging","isPartOf":{"@id":"https:\/\/bmbpack.com\/#website"},"primaryImageOfPage":{"@id":"https:\/\/bmbpack.com\/es\/quien-somos\/#primaryimage"},"image":{"@id":"https:\/\/bmbpack.com\/es\/quien-somos\/#primaryimage"},"thumbnailUrl":"https:\/\/bmbpack.com\/wp-content\/uploads\/VISION-1024x683.jpg","datePublished":"2021-07-21T09:46:30+00:00","dateModified":"2025-07-08T12:14:10+00:00","breadcrumb":{"@id":"https:\/\/bmbpack.com\/es\/quien-somos\/#breadcrumb"},"inLanguage":"es","potentialAction":[{"@type":"ReadAction","target":["https:\/\/bmbpack.com\/es\/quien-somos\/"]}]},{"@type":"ImageObject","inLanguage":"es","@id":"https:\/\/bmbpack.com\/es\/quien-somos\/#primaryimage","url":"https:\/\/bmbpack.com\/wp-content\/uploads\/VISION-1024x683.jpg","contentUrl":"https:\/\/bmbpack.com\/wp-content\/uploads\/VISION-1024x683.jpg"},{"@type":"BreadcrumbList","@id":"https:\/\/bmbpack.com\/es\/quien-somos\/#breadcrumb","itemListElement":[{"@type":"ListItem","position":1,"name":"Home","item":"https:\/\/bmbpack.com\/es\/"},{"@type":"ListItem","position":2,"name":"Quien Somos"}]},{"@type":"WebSite","@id":"https:\/\/bmbpack.com\/#website","url":"https:\/\/bmbpack.com\/","name":"BMB Packaging","description":"Food Industrial Solutions","publisher":{"@id":"https:\/\/bmbpack.com\/#organization"},"potentialAction":[{"@type":"SearchAction","target":{"@type":"EntryPoint","urlTemplate":"https:\/\/bmbpack.com\/?s={search_term_string}"},"query-input":{"@type":"PropertyValueSpecification","valueRequired":true,"valueName":"search_term_string"}}],"inLanguage":"es"},{"@type":"Organization","@id":"https:\/\/bmbpack.com\/#organization","name":"BMB Packaging","url":"https:\/\/bmbpack.com\/","logo":{"@type":"ImageObject","inLanguage":"es","@id":"https:\/\/bmbpack.com\/#\/schema\/logo\/image\/","url":"https:\/\/bmbpack.com\/wp-content\/uploads\/BMB_logotipo.svg","contentUrl":"https:\/\/bmbpack.com\/wp-content\/uploads\/BMB_logotipo.svg","width":"1024","height":"1024","caption":"BMB Packaging"},"image":{"@id":"https:\/\/bmbpack.com\/#\/schema\/logo\/image\/"}}]}},"uagb_featured_image_src":{"full":false,"thumbnail":false,"medium":false,"medium_large":false,"large":false,"1536x1536":false,"2048x2048":false},"uagb_author_info":{"display_name":"Visual","author_link":"https:\/\/bmbpack.com\/es\/author\/nextadmin\/"},"uagb_comment_info":0,"uagb_excerpt":"Qui\u00e9nes Somos BMB srl est\u00e1 especializada en el desarrollo y la producci\u00f3n de maquinaria para [&hellip;]","publishpress_future_workflow_manual_trigger":{"enabledWorkflows":[]},"_links":{"self":[{"href":"https:\/\/bmbpack.com\/es\/wp-json\/wp\/v2\/pages\/3584","targetHints":{"allow":["GET"]}}],"collection":[{"href":"https:\/\/bmbpack.com\/es\/wp-json\/wp\/v2\/pages"}],"about":[{"href":"https:\/\/bmbpack.com\/es\/wp-json\/wp\/v2\/types\/page"}],"author":[{"embeddable":true,"href":"https:\/\/bmbpack.com\/es\/wp-json\/wp\/v2\/users\/1"}],"replies":[{"embeddable":true,"href":"https:\/\/bmbpack.com\/es\/wp-json\/wp\/v2\/comments?post=3584"}],"version-history":[{"count":3,"href":"https:\/\/bmbpack.com\/es\/wp-json\/wp\/v2\/pages\/3584\/revisions"}],"predecessor-version":[{"id":5456,"href":"https:\/\/bmbpack.com\/es\/wp-json\/wp\/v2\/pages\/3584\/revisions\/5456"}],"wp:attachment":[{"href":"https:\/\/bmbpack.com\/es\/wp-json\/wp\/v2\/media?parent=3584"}],"curies":[{"name":"wp","href":"https:\/\/api.w.org\/{rel}","templated":true}]}}