{"id":3605,"date":"2021-04-28T08:11:06","date_gmt":"2021-04-28T08:11:06","guid":{"rendered":"https:\/\/bmbpack.com\/industry-sectors\/"},"modified":"2025-07-17T10:12:31","modified_gmt":"2025-07-17T10:12:31","slug":"sectores","status":"publish","type":"page","link":"https:\/\/bmbpack.com\/es\/sectores\/","title":{"rendered":"Sectores"},"content":{"rendered":"\n<div class=\"wp-block-group is-layout-flow wp-block-group-is-layout-flow\"><div class=\"wp-block-group__inner-container\">\n<p><strong>BMB proporciona m\u00e1quinas envasadoras al vac\u00edo y en atm\u00f3sfera protectora, termoselladoras, termoformadoras y t\u00faneles de termorretracci\u00f3n para el envasado de una amplia variedad de productos.<\/strong><\/p>\n\n\n\n<p>Nuestro sistema de envasado preserva la higiene, la calidad y el aspecto de los productos alimentarios y m\u00e9dicos, que se mantienen \u00edntegros durante m\u00e1s tiempo.<br>Todos los productos alimentarios prolongan su vida \u00fatil cuando se envasan con las m\u00e1quinas BMB.<br>El envasado al vac\u00edo tambi\u00e9n protege de forma segura todos los productos industriales y de consumo frente al ox\u00edgeno, la humedad, el polvo y otros agentes externos.<\/p>\n<\/div><\/div>\n\n\n\n<div class=\"wp-block-uagb-icon-list uagb-block-96726247 uagb-icon-list__outer-wrap uagb-icon-list__layout-horizontal color-blue2 settori-icon-list\"><div class=\"uagb-icon-list__wrap\">\n<div class=\"wp-block-uagb-icon-list-child uagb-block-f1e470b6\"><a target=\"_self\" aria-label=\"ALIMENTARIO\" rel=\"noopener noreferrer\" href=\"https:\/\/bmbpack.com\/es\/settori\/alimentario\/\"> <\/a><span class=\"uagb-icon-list__source-wrap\"><img decoding=\"async\" class=\"uagb-icon-list__source-image\" src=\"https:\/\/bmbpack.com\/wp-content\/uploads\/BMB_pizza.svg\" width=\"150\" height=\"150\" loading=\"lazy\" alt=\"\"\/><\/span><span class=\"uagb-icon-list__label\">ALIMENTARIO<\/span><\/div>\n\n\n\n<div class=\"wp-block-uagb-icon-list-child uagb-block-2a08e3e4\"><a target=\"_self\" aria-label=\"M\u00c9DICO\" rel=\"noopener noreferrer\" href=\"https:\/\/bmbpack.com\/es\/settori\/alimentario\/\"> <\/a><span class=\"uagb-icon-list__source-wrap\"><img decoding=\"async\" class=\"uagb-icon-list__source-image\" src=\"https:\/\/bmbpack.com\/wp-content\/uploads\/BMB_pharma.svg\" width=\"150\" height=\"150\" loading=\"lazy\" alt=\"\"\/><\/span><span class=\"uagb-icon-list__label\">M\u00c9DICO<\/span><\/div>\n\n\n\n<div class=\"wp-block-uagb-icon-list-child uagb-block-e1a9a454\"><a target=\"_self\" aria-label=\"ALIMENTOS PARA MASCOTAS\" rel=\"noopener noreferrer\" href=\"https:\/\/bmbpack.com\/es\/applicazioni\/alimentos-para-mascotas\/\"> <\/a><span class=\"uagb-icon-list__source-wrap\"><img decoding=\"async\" class=\"uagb-icon-list__source-image\" src=\"https:\/\/bmbpack.com\/wp-content\/uploads\/BMB_petfood.svg\" width=\"150\" height=\"150\" loading=\"lazy\" alt=\"\"\/><\/span><span class=\"uagb-icon-list__label\">ALIMENTOS PARA MASCOTAS<\/span><\/div>\n\n\n\n<div class=\"wp-block-uagb-icon-list-child uagb-block-f6645d51\"><a target=\"_self\" aria-label=\"INDUSTRIAL - BIENES DE CONSUMO\" rel=\"noopener noreferrer\" href=\"https:\/\/bmbpack.com\/es\/settori\/bienes-industriales-y-de-consumo\/\"> <\/a><span class=\"uagb-icon-list__source-wrap\"><img decoding=\"async\" class=\"uagb-icon-list__source-image\" src=\"https:\/\/bmbpack.com\/wp-content\/uploads\/BMB_electronic.svg\" width=\"150\" height=\"150\" loading=\"lazy\" alt=\"\"\/><\/span><span class=\"uagb-icon-list__label\">INDUSTRIAL &#8211; BIENES DE CONSUMO<\/span><\/div>\n<\/div><\/div>\n\n\n\n<div class=\"wp-block-group is-layout-flow wp-block-group-is-layout-flow\"><div class=\"wp-block-group__inner-container\">\n<div style=\"height:60px\" aria-hidden=\"true\" class=\"wp-block-spacer\"><\/div>\n<\/div><\/div>\n\n\n\n<div style=\"height:100px\" aria-hidden=\"true\" class=\"wp-block-spacer\"><\/div>\n","protected":false},"excerpt":{"rendered":"<p>BMB proporciona m\u00e1quinas envasadoras al vac\u00edo y en atm\u00f3sfera protectora, termoselladoras, termoformadoras y t\u00faneles de [&hellip;]<\/p>\n","protected":false},"author":1,"featured_media":0,"parent":0,"menu_order":0,"comment_status":"closed","ping_status":"closed","template":"","meta":{"_acf_changed":false,"inline_featured_image":false,"_uag_custom_page_level_css":"","site-sidebar-layout":"default","site-content-layout":"default","ast-site-content-layout":"default","site-content-style":"default","site-sidebar-style":"default","ast-global-header-display":"","ast-banner-title-visibility":"","ast-main-header-display":"","ast-hfb-above-header-display":"","ast-hfb-below-header-display":"","ast-hfb-mobile-header-display":"","site-post-title":"","ast-breadcrumbs-content":"","ast-featured-img":"","footer-sml-layout":"","ast-disable-related-posts":"","theme-transparent-header-meta":"default","adv-header-id-meta":"","stick-header-meta":"","header-above-stick-meta":"","header-main-stick-meta":"","header-below-stick-meta":"","astra-migrate-meta-layouts":"set","ast-page-background-enabled":"default","ast-page-background-meta":{"desktop":{"background-color":"","background-image":"","background-repeat":"repeat","background-position":"center center","background-size":"auto","background-attachment":"scroll","background-type":"","background-media":"","overlay-type":"","overlay-color":"","overlay-opacity":"","overlay-gradient":""},"tablet":{"background-color":"","background-image":"","background-repeat":"repeat","background-position":"center center","background-size":"auto","background-attachment":"scroll","background-type":"","background-media":"","overlay-type":"","overlay-color":"","overlay-opacity":"","overlay-gradient":""},"mobile":{"background-color":"","background-image":"","background-repeat":"repeat","background-position":"center center","background-size":"auto","background-attachment":"scroll","background-type":"","background-media":"","overlay-type":"","overlay-color":"","overlay-opacity":"","overlay-gradient":""}},"ast-content-background-meta":{"desktop":{"background-color":"var(--ast-global-color-5)","background-image":"","background-repeat":"repeat","background-position":"center center","background-size":"auto","background-attachment":"scroll","background-type":"","background-media":"","overlay-type":"","overlay-color":"","overlay-opacity":"","overlay-gradient":""},"tablet":{"background-color":"var(--ast-global-color-5)","background-image":"","background-repeat":"repeat","background-position":"center center","background-size":"auto","background-attachment":"scroll","background-type":"","background-media":"","overlay-type":"","overlay-color":"","overlay-opacity":"","overlay-gradient":""},"mobile":{"background-color":"var(--ast-global-color-5)","background-image":"","background-repeat":"repeat","background-position":"center center","background-size":"auto","background-attachment":"scroll","background-type":"","background-media":"","overlay-type":"","overlay-color":"","overlay-opacity":"","overlay-gradient":""}},"footnotes":""},"class_list":["post-3605","page","type-page","status-publish","hentry"],"acf":[],"yoast_head":"<!-- This site is optimized with the Yoast SEO plugin v27.1 - https:\/\/yoast.com\/product\/yoast-seo-wordpress\/ -->\n<title>Sectores - BMB Packaging<\/title>\n<meta name=\"robots\" content=\"index, follow, max-snippet:-1, max-image-preview:large, max-video-preview:-1\" \/>\n<link rel=\"canonical\" href=\"https:\/\/bmbpack.com\/es\/sectores\/\" \/>\n<meta property=\"og:locale\" content=\"es_ES\" \/>\n<meta property=\"og:type\" content=\"article\" \/>\n<meta property=\"og:title\" content=\"Sectores - BMB Packaging\" \/>\n<meta property=\"og:description\" content=\"BMB proporciona m\u00e1quinas envasadoras al vac\u00edo y en atm\u00f3sfera protectora, termoselladoras, termoformadoras y t\u00faneles de [&hellip;]\" \/>\n<meta property=\"og:url\" content=\"https:\/\/bmbpack.com\/es\/sectores\/\" \/>\n<meta property=\"og:site_name\" content=\"BMB Packaging\" \/>\n<meta property=\"article:modified_time\" content=\"2025-07-17T10:12:31+00:00\" \/>\n<meta property=\"og:image\" content=\"https:\/\/bmbpack.com\/wp-content\/uploads\/BMB_pizza.svg\" \/>\n<meta name=\"twitter:card\" content=\"summary_large_image\" \/>\n<meta name=\"twitter:label1\" content=\"Tiempo de lectura\" \/>\n\t<meta name=\"twitter:data1\" content=\"2 minutos\" \/>\n<script type=\"application\/ld+json\" class=\"yoast-schema-graph\">{\"@context\":\"https:\/\/schema.org\",\"@graph\":[{\"@type\":\"WebPage\",\"@id\":\"https:\/\/bmbpack.com\/es\/sectores\/\",\"url\":\"https:\/\/bmbpack.com\/es\/sectores\/\",\"name\":\"Sectores - BMB Packaging\",\"isPartOf\":{\"@id\":\"https:\/\/bmbpack.com\/#website\"},\"primaryImageOfPage\":{\"@id\":\"https:\/\/bmbpack.com\/es\/sectores\/#primaryimage\"},\"image\":{\"@id\":\"https:\/\/bmbpack.com\/es\/sectores\/#primaryimage\"},\"thumbnailUrl\":\"https:\/\/bmbpack.com\/wp-content\/uploads\/BMB_pizza.svg\",\"datePublished\":\"2021-04-28T08:11:06+00:00\",\"dateModified\":\"2025-07-17T10:12:31+00:00\",\"breadcrumb\":{\"@id\":\"https:\/\/bmbpack.com\/es\/sectores\/#breadcrumb\"},\"inLanguage\":\"es\",\"potentialAction\":[{\"@type\":\"ReadAction\",\"target\":[\"https:\/\/bmbpack.com\/es\/sectores\/\"]}]},{\"@type\":\"ImageObject\",\"inLanguage\":\"es\",\"@id\":\"https:\/\/bmbpack.com\/es\/sectores\/#primaryimage\",\"url\":\"https:\/\/bmbpack.com\/wp-content\/uploads\/BMB_pizza.svg\",\"contentUrl\":\"https:\/\/bmbpack.com\/wp-content\/uploads\/BMB_pizza.svg\"},{\"@type\":\"BreadcrumbList\",\"@id\":\"https:\/\/bmbpack.com\/es\/sectores\/#breadcrumb\",\"itemListElement\":[{\"@type\":\"ListItem\",\"position\":1,\"name\":\"Home\",\"item\":\"https:\/\/bmbpack.com\/es\/\"},{\"@type\":\"ListItem\",\"position\":2,\"name\":\"Sectores\"}]},{\"@type\":\"WebSite\",\"@id\":\"https:\/\/bmbpack.com\/#website\",\"url\":\"https:\/\/bmbpack.com\/\",\"name\":\"BMB Packaging\",\"description\":\"Food Industrial Solutions\",\"publisher\":{\"@id\":\"https:\/\/bmbpack.com\/#organization\"},\"potentialAction\":[{\"@type\":\"SearchAction\",\"target\":{\"@type\":\"EntryPoint\",\"urlTemplate\":\"https:\/\/bmbpack.com\/?s={search_term_string}\"},\"query-input\":{\"@type\":\"PropertyValueSpecification\",\"valueRequired\":true,\"valueName\":\"search_term_string\"}}],\"inLanguage\":\"es\"},{\"@type\":\"Organization\",\"@id\":\"https:\/\/bmbpack.com\/#organization\",\"name\":\"BMB Packaging\",\"url\":\"https:\/\/bmbpack.com\/\",\"logo\":{\"@type\":\"ImageObject\",\"inLanguage\":\"es\",\"@id\":\"https:\/\/bmbpack.com\/#\/schema\/logo\/image\/\",\"url\":\"https:\/\/bmbpack.com\/wp-content\/uploads\/BMB_logotipo.svg\",\"contentUrl\":\"https:\/\/bmbpack.com\/wp-content\/uploads\/BMB_logotipo.svg\",\"width\":\"1024\",\"height\":\"1024\",\"caption\":\"BMB Packaging\"},\"image\":{\"@id\":\"https:\/\/bmbpack.com\/#\/schema\/logo\/image\/\"}}]}<\/script>\n<!-- \/ Yoast SEO plugin. -->","yoast_head_json":{"title":"Sectores - BMB Packaging","robots":{"index":"index","follow":"follow","max-snippet":"max-snippet:-1","max-image-preview":"max-image-preview:large","max-video-preview":"max-video-preview:-1"},"canonical":"https:\/\/bmbpack.com\/es\/sectores\/","og_locale":"es_ES","og_type":"article","og_title":"Sectores - BMB Packaging","og_description":"BMB proporciona m\u00e1quinas envasadoras al vac\u00edo y en atm\u00f3sfera protectora, termoselladoras, termoformadoras y t\u00faneles de [&hellip;]","og_url":"https:\/\/bmbpack.com\/es\/sectores\/","og_site_name":"BMB Packaging","article_modified_time":"2025-07-17T10:12:31+00:00","og_image":[{"url":"https:\/\/bmbpack.com\/wp-content\/uploads\/BMB_pizza.svg","type":"","width":"","height":""}],"twitter_card":"summary_large_image","twitter_misc":{"Tiempo de lectura":"2 minutos"},"schema":{"@context":"https:\/\/schema.org","@graph":[{"@type":"WebPage","@id":"https:\/\/bmbpack.com\/es\/sectores\/","url":"https:\/\/bmbpack.com\/es\/sectores\/","name":"Sectores - BMB Packaging","isPartOf":{"@id":"https:\/\/bmbpack.com\/#website"},"primaryImageOfPage":{"@id":"https:\/\/bmbpack.com\/es\/sectores\/#primaryimage"},"image":{"@id":"https:\/\/bmbpack.com\/es\/sectores\/#primaryimage"},"thumbnailUrl":"https:\/\/bmbpack.com\/wp-content\/uploads\/BMB_pizza.svg","datePublished":"2021-04-28T08:11:06+00:00","dateModified":"2025-07-17T10:12:31+00:00","breadcrumb":{"@id":"https:\/\/bmbpack.com\/es\/sectores\/#breadcrumb"},"inLanguage":"es","potentialAction":[{"@type":"ReadAction","target":["https:\/\/bmbpack.com\/es\/sectores\/"]}]},{"@type":"ImageObject","inLanguage":"es","@id":"https:\/\/bmbpack.com\/es\/sectores\/#primaryimage","url":"https:\/\/bmbpack.com\/wp-content\/uploads\/BMB_pizza.svg","contentUrl":"https:\/\/bmbpack.com\/wp-content\/uploads\/BMB_pizza.svg"},{"@type":"BreadcrumbList","@id":"https:\/\/bmbpack.com\/es\/sectores\/#breadcrumb","itemListElement":[{"@type":"ListItem","position":1,"name":"Home","item":"https:\/\/bmbpack.com\/es\/"},{"@type":"ListItem","position":2,"name":"Sectores"}]},{"@type":"WebSite","@id":"https:\/\/bmbpack.com\/#website","url":"https:\/\/bmbpack.com\/","name":"BMB Packaging","description":"Food Industrial Solutions","publisher":{"@id":"https:\/\/bmbpack.com\/#organization"},"potentialAction":[{"@type":"SearchAction","target":{"@type":"EntryPoint","urlTemplate":"https:\/\/bmbpack.com\/?s={search_term_string}"},"query-input":{"@type":"PropertyValueSpecification","valueRequired":true,"valueName":"search_term_string"}}],"inLanguage":"es"},{"@type":"Organization","@id":"https:\/\/bmbpack.com\/#organization","name":"BMB Packaging","url":"https:\/\/bmbpack.com\/","logo":{"@type":"ImageObject","inLanguage":"es","@id":"https:\/\/bmbpack.com\/#\/schema\/logo\/image\/","url":"https:\/\/bmbpack.com\/wp-content\/uploads\/BMB_logotipo.svg","contentUrl":"https:\/\/bmbpack.com\/wp-content\/uploads\/BMB_logotipo.svg","width":"1024","height":"1024","caption":"BMB Packaging"},"image":{"@id":"https:\/\/bmbpack.com\/#\/schema\/logo\/image\/"}}]}},"uagb_featured_image_src":{"full":false,"thumbnail":false,"medium":false,"medium_large":false,"large":false,"1536x1536":false,"2048x2048":false},"uagb_author_info":{"display_name":"Visual","author_link":"https:\/\/bmbpack.com\/es\/author\/nextadmin\/"},"uagb_comment_info":0,"uagb_excerpt":"BMB proporciona m\u00e1quinas envasadoras al vac\u00edo y en atm\u00f3sfera protectora, termoselladoras, termoformadoras y t\u00faneles de [&hellip;]","publishpress_future_workflow_manual_trigger":{"enabledWorkflows":[]},"_links":{"self":[{"href":"https:\/\/bmbpack.com\/es\/wp-json\/wp\/v2\/pages\/3605","targetHints":{"allow":["GET"]}}],"collection":[{"href":"https:\/\/bmbpack.com\/es\/wp-json\/wp\/v2\/pages"}],"about":[{"href":"https:\/\/bmbpack.com\/es\/wp-json\/wp\/v2\/types\/page"}],"author":[{"embeddable":true,"href":"https:\/\/bmbpack.com\/es\/wp-json\/wp\/v2\/users\/1"}],"replies":[{"embeddable":true,"href":"https:\/\/bmbpack.com\/es\/wp-json\/wp\/v2\/comments?post=3605"}],"version-history":[{"count":11,"href":"https:\/\/bmbpack.com\/es\/wp-json\/wp\/v2\/pages\/3605\/revisions"}],"predecessor-version":[{"id":5654,"href":"https:\/\/bmbpack.com\/es\/wp-json\/wp\/v2\/pages\/3605\/revisions\/5654"}],"wp:attachment":[{"href":"https:\/\/bmbpack.com\/es\/wp-json\/wp\/v2\/media?parent=3605"}],"curies":[{"name":"wp","href":"https:\/\/api.w.org\/{rel}","templated":true}]}}